{"id":1967147,"date":"2023-05-23T17:30:45","date_gmt":"2023-05-23T16:30:45","guid":{"rendered":"https:\/\/theinvisiblecollection.com\/?post_type=product&#038;p=1967147"},"modified":"2026-05-08T04:39:30","modified_gmt":"2026-05-08T04:39:30","slug":"lobmeyr-set-de-6-verres-tulipmania","status":"publish","type":"product","link":"https:\/\/theinvisiblecollection.com\/fr\/produit\/lobmeyr-set-de-6-verres-tulipmania\/","title":{"rendered":"Set de 6 Verres Tulipmania"},"content":{"rendered":"<p style=\"text-align: justify;\">Inspir\u00e9es du c\u00e9l\u00e8bre catalogue The Tulip Book de 1634, les 66 tulipes sont des cr\u00e9ations artistiques pures, dessin\u00e9es puis peintes \u00e0 la main. Chaque gobelet vient apporter un chic incontestable.<\/p>\n","protected":false},"excerpt":{"rendered":"<ul>\n<li>Lot de 6 verres<\/li>\n<li>Composition : cristal sans plomb \/ souffl\u00e9 \u00e0 la main<\/li>\n<li>Dessin de Leonid Rath, 2009<\/li>\n<\/ul>\n","protected":false},"featured_media":2676498,"template":"","meta":{"_acf_changed":false,"content-type":"","_themeisle_gutenberg_block_has_review":false},"product_brand":[],"product_cat":[12535,16319,19973,19981,19986],"product_tag":[22790],"product_designer":[],"comfabric":[],"manufacturer":[21570],"reporting_designer":[],"samplecomfabric":[],"designer_clubroom":[21578],"class_list":{"0":"post-1967147","1":"product","2":"type-product","3":"status-publish","4":"has-post-thumbnail","6":"clubroom_taxonomies-gift-room","7":"product_cat-arts-de-la-table","8":"product_cat-cartes-cadeaux","9":"product_cat-accessoires-pour-la-maison","10":"product_cat-art-de-la-table","11":"product_cat-verres","12":"product_tag-disponible-immediatement","13":"manufacturer-lobmeyr-fr","14":"clubroom_product_designer-lobmeyr-fr","15":"exhibitions-new-york-fr","17":"first","18":"instock","19":"taxable","20":"shipping-taxable","21":"purchasable","22":"product-type-simple"},"acf":[],"_links":{"self":[{"href":"https:\/\/theinvisiblecollection.com\/fr\/wp-json\/wp\/v2\/product\/1967147","targetHints":{"allow":["GET"]}}],"collection":[{"href":"https:\/\/theinvisiblecollection.com\/fr\/wp-json\/wp\/v2\/product"}],"about":[{"href":"https:\/\/theinvisiblecollection.com\/fr\/wp-json\/wp\/v2\/types\/product"}],"wp:featuredmedia":[{"embeddable":true,"href":"https:\/\/theinvisiblecollection.com\/fr\/wp-json\/wp\/v2\/media\/2676498"}],"wp:attachment":[{"href":"https:\/\/theinvisiblecollection.com\/fr\/wp-json\/wp\/v2\/media?parent=1967147"}],"wp:term":[{"taxonomy":"product_brand","embeddable":true,"href":"https:\/\/theinvisiblecollection.com\/fr\/wp-json\/wp\/v2\/product_brand?post=1967147"},{"taxonomy":"product_cat","embeddable":true,"href":"https:\/\/theinvisiblecollection.com\/fr\/wp-json\/wp\/v2\/product_cat?post=1967147"},{"taxonomy":"product_tag","embeddable":true,"href":"https:\/\/theinvisiblecollection.com\/fr\/wp-json\/wp\/v2\/product_tag?post=1967147"},{"taxonomy":"product_designer","embeddable":true,"href":"https:\/\/theinvisiblecollection.com\/fr\/wp-json\/wp\/v2\/product_designer?post=1967147"},{"taxonomy":"comfabric","embeddable":true,"href":"https:\/\/theinvisiblecollection.com\/fr\/wp-json\/wp\/v2\/comfabric?post=1967147"},{"taxonomy":"manufacturer","embeddable":true,"href":"https:\/\/theinvisiblecollection.com\/fr\/wp-json\/wp\/v2\/manufacturer?post=1967147"},{"taxonomy":"reporting_designer","embeddable":true,"href":"https:\/\/theinvisiblecollection.com\/fr\/wp-json\/wp\/v2\/reporting_designer?post=1967147"},{"taxonomy":"samplecomfabric","embeddable":true,"href":"https:\/\/theinvisiblecollection.com\/fr\/wp-json\/wp\/v2\/samplecomfabric?post=1967147"},{"taxonomy":"clubroom_product_designer","embeddable":true,"href":"https:\/\/theinvisiblecollection.com\/fr\/wp-json\/wp\/v2\/designer_clubroom?post=1967147"}],"curies":[{"name":"wp","href":"https:\/\/api.w.org\/{rel}","templated":true}]}}