{"id":1967602,"date":"2023-02-21T17:17:07","date_gmt":"2023-02-21T16:17:07","guid":{"rendered":"https:\/\/theinvisiblecollection.com\/?post_type=product&#038;p=1967602"},"modified":"2026-05-08T04:39:30","modified_gmt":"2026-05-08T04:39:30","slug":"ingot-objects-theiere-a-glacure-cendree-iii","status":"publish","type":"product","link":"https:\/\/theinvisiblecollection.com\/fr\/produit\/ingot-objects-theiere-a-glacure-cendree-iii\/","title":{"rendered":"Th\u00e9i\u00e8re A Gla\u00e7ure Cendr\u00e9e III"},"content":{"rendered":"<p style=\"text-align: justify;\">Elabor\u00e9e dans une argile de gr\u00e8s, \u00e0 base de cendres de bois. Les cendres ont \u00e9t\u00e9 r\u00e9colt\u00e9es lors de l&#8217;entretien de r\u00e9serves naturelles pour favoriser la croissance de prairies de fleurs.<\/p>\n","protected":false},"excerpt":{"rendered":"<ul>\n<li>Composition : th\u00e9i\u00e8re en gr\u00e8s \u00e0 r\u00e9duction avec gla\u00e7ure &#8220;Scrub-ash&#8221; \/ surface soyeuse<\/li>\n<\/ul>\n","protected":false},"featured_media":2014193,"template":"","meta":{"_acf_changed":false,"content-type":"","_themeisle_gutenberg_block_has_review":false},"product_brand":[],"product_cat":[19981,19988],"product_tag":[22790],"product_designer":[],"comfabric":[],"manufacturer":[21586],"reporting_designer":[],"samplecomfabric":[],"designer_clubroom":[21590],"class_list":{"0":"post-1967602","1":"product","2":"type-product","3":"status-publish","4":"has-post-thumbnail","6":"clubroom_taxonomies-gift-room","7":"product_cat-art-de-la-table","8":"product_cat-carafes","9":"product_tag-disponible-immediatement","10":"manufacturer-ingot-objects-fr","11":"clubroom_product_designer-ingot-objects-fr","12":"exhibitions-paris-fr","14":"first","15":"instock","16":"taxable","17":"shipping-taxable","18":"purchasable","19":"product-type-simple"},"acf":[],"_links":{"self":[{"href":"https:\/\/theinvisiblecollection.com\/fr\/wp-json\/wp\/v2\/product\/1967602","targetHints":{"allow":["GET"]}}],"collection":[{"href":"https:\/\/theinvisiblecollection.com\/fr\/wp-json\/wp\/v2\/product"}],"about":[{"href":"https:\/\/theinvisiblecollection.com\/fr\/wp-json\/wp\/v2\/types\/product"}],"wp:featuredmedia":[{"embeddable":true,"href":"https:\/\/theinvisiblecollection.com\/fr\/wp-json\/wp\/v2\/media\/2014193"}],"wp:attachment":[{"href":"https:\/\/theinvisiblecollection.com\/fr\/wp-json\/wp\/v2\/media?parent=1967602"}],"wp:term":[{"taxonomy":"product_brand","embeddable":true,"href":"https:\/\/theinvisiblecollection.com\/fr\/wp-json\/wp\/v2\/product_brand?post=1967602"},{"taxonomy":"product_cat","embeddable":true,"href":"https:\/\/theinvisiblecollection.com\/fr\/wp-json\/wp\/v2\/product_cat?post=1967602"},{"taxonomy":"product_tag","embeddable":true,"href":"https:\/\/theinvisiblecollection.com\/fr\/wp-json\/wp\/v2\/product_tag?post=1967602"},{"taxonomy":"product_designer","embeddable":true,"href":"https:\/\/theinvisiblecollection.com\/fr\/wp-json\/wp\/v2\/product_designer?post=1967602"},{"taxonomy":"comfabric","embeddable":true,"href":"https:\/\/theinvisiblecollection.com\/fr\/wp-json\/wp\/v2\/comfabric?post=1967602"},{"taxonomy":"manufacturer","embeddable":true,"href":"https:\/\/theinvisiblecollection.com\/fr\/wp-json\/wp\/v2\/manufacturer?post=1967602"},{"taxonomy":"reporting_designer","embeddable":true,"href":"https:\/\/theinvisiblecollection.com\/fr\/wp-json\/wp\/v2\/reporting_designer?post=1967602"},{"taxonomy":"samplecomfabric","embeddable":true,"href":"https:\/\/theinvisiblecollection.com\/fr\/wp-json\/wp\/v2\/samplecomfabric?post=1967602"},{"taxonomy":"clubroom_product_designer","embeddable":true,"href":"https:\/\/theinvisiblecollection.com\/fr\/wp-json\/wp\/v2\/designer_clubroom?post=1967602"}],"curies":[{"name":"wp","href":"https:\/\/api.w.org\/{rel}","templated":true}]}}