{"id":1968112,"date":"2023-03-08T14:22:02","date_gmt":"2023-03-08T13:22:02","guid":{"rendered":"https:\/\/theinvisiblecollection.com\/?post_type=product&#038;p=1968112"},"modified":"2026-05-08T04:39:30","modified_gmt":"2026-05-08T04:39:30","slug":"julie-de-libran-goossens-paris-cadre-photo-plaque-or","status":"publish","type":"product","link":"https:\/\/theinvisiblecollection.com\/fr\/produit\/julie-de-libran-goossens-paris-cadre-photo-plaque-or\/","title":{"rendered":"Cadre Photo Plaqu\u00e9 Or"},"content":{"rendered":"<p style=\"text-align: justify\">Con\u00e7u comme un v\u00e9ritable bijou, avec sa cha\u00eene orn\u00e9e de pierres semi-pr\u00e9cieuses dont la citrine, le p\u00e9ridot et l&#8217;aigue-marine, ce cadre photo est id\u00e9al pour y placer la photo de ceux que vous aimez !<\/p>\n","protected":false},"excerpt":{"rendered":"<ul>\n<li>Composition : plaqu\u00e9 or (or 24 carats) \/ pierres semi-pr\u00e9cieuses<\/li>\n<li>\u00c9dition Limit\u00e9e<\/li>\n<\/ul>\n","protected":false},"featured_media":1968216,"template":"","meta":{"_acf_changed":false,"content-type":"","_themeisle_gutenberg_block_has_review":false},"product_brand":[],"product_cat":[19978,16319,19973],"product_tag":[22790],"product_designer":[],"comfabric":[],"manufacturer":[21788],"reporting_designer":[],"samplecomfabric":[],"designer_clubroom":[21792],"class_list":{"0":"post-1968112","1":"product","2":"type-product","3":"status-publish","4":"has-post-thumbnail","6":"clubroom_taxonomies-galerie","7":"product_cat-cadres","8":"product_cat-cartes-cadeaux","9":"product_cat-accessoires-pour-la-maison","10":"product_tag-disponible-immediatement","11":"manufacturer-julie-de-libran-x-goossens-fr","12":"clubroom_product_designer-julie-de-libran-x-goossens-fr","13":"exhibitions-paris-fr","15":"first","16":"instock","17":"taxable","18":"shipping-taxable","19":"purchasable","20":"product-type-simple"},"acf":[],"_links":{"self":[{"href":"https:\/\/theinvisiblecollection.com\/fr\/wp-json\/wp\/v2\/product\/1968112","targetHints":{"allow":["GET"]}}],"collection":[{"href":"https:\/\/theinvisiblecollection.com\/fr\/wp-json\/wp\/v2\/product"}],"about":[{"href":"https:\/\/theinvisiblecollection.com\/fr\/wp-json\/wp\/v2\/types\/product"}],"wp:featuredmedia":[{"embeddable":true,"href":"https:\/\/theinvisiblecollection.com\/fr\/wp-json\/wp\/v2\/media\/1968216"}],"wp:attachment":[{"href":"https:\/\/theinvisiblecollection.com\/fr\/wp-json\/wp\/v2\/media?parent=1968112"}],"wp:term":[{"taxonomy":"product_brand","embeddable":true,"href":"https:\/\/theinvisiblecollection.com\/fr\/wp-json\/wp\/v2\/product_brand?post=1968112"},{"taxonomy":"product_cat","embeddable":true,"href":"https:\/\/theinvisiblecollection.com\/fr\/wp-json\/wp\/v2\/product_cat?post=1968112"},{"taxonomy":"product_tag","embeddable":true,"href":"https:\/\/theinvisiblecollection.com\/fr\/wp-json\/wp\/v2\/product_tag?post=1968112"},{"taxonomy":"product_designer","embeddable":true,"href":"https:\/\/theinvisiblecollection.com\/fr\/wp-json\/wp\/v2\/product_designer?post=1968112"},{"taxonomy":"comfabric","embeddable":true,"href":"https:\/\/theinvisiblecollection.com\/fr\/wp-json\/wp\/v2\/comfabric?post=1968112"},{"taxonomy":"manufacturer","embeddable":true,"href":"https:\/\/theinvisiblecollection.com\/fr\/wp-json\/wp\/v2\/manufacturer?post=1968112"},{"taxonomy":"reporting_designer","embeddable":true,"href":"https:\/\/theinvisiblecollection.com\/fr\/wp-json\/wp\/v2\/reporting_designer?post=1968112"},{"taxonomy":"samplecomfabric","embeddable":true,"href":"https:\/\/theinvisiblecollection.com\/fr\/wp-json\/wp\/v2\/samplecomfabric?post=1968112"},{"taxonomy":"clubroom_product_designer","embeddable":true,"href":"https:\/\/theinvisiblecollection.com\/fr\/wp-json\/wp\/v2\/designer_clubroom?post=1968112"}],"curies":[{"name":"wp","href":"https:\/\/api.w.org\/{rel}","templated":true}]}}