{"id":1968717,"date":"2023-02-16T12:21:59","date_gmt":"2023-02-16T11:21:59","guid":{"rendered":"https:\/\/theinvisiblecollection.com\/?post_type=product&#038;p=1968717"},"modified":"2026-05-01T07:38:16","modified_gmt":"2026-05-01T07:38:16","slug":"manufacture-de-couleuvre-photophore-blanc","status":"publish","type":"product","link":"https:\/\/theinvisiblecollection.com\/fr\/produit\/manufacture-de-couleuvre-photophore-blanc\/","title":{"rendered":"Photophore Blanc"},"content":{"rendered":"<p style=\"text-align: justify;\">Un photopphore c\u00e9l\u00e9brant la rencontre entre prouesse technique et extravagance formelle, invitant \u00e0 c\u00e9l\u00e9brer l\u2019excellence de la porcelaine fran\u00e7aise et le charme intemporel des arts d\u00e9coratifs.<\/p>\n","protected":false},"excerpt":{"rendered":"<ul>\n<li>Set de 2 Bougeoirs<\/li>\n<li>Composition : biscuit de porcelaine<\/li>\n<\/ul>\n","protected":false},"featured_media":2126910,"template":"","meta":{"_acf_changed":false,"content-type":"","_themeisle_gutenberg_block_has_review":false},"product_brand":[],"product_cat":[12529,16319,19973],"product_tag":[22790],"product_designer":[],"comfabric":[],"manufacturer":[21659],"reporting_designer":[],"samplecomfabric":[],"designer_clubroom":[21663],"class_list":{"0":"post-1968717","1":"product","2":"type-product","3":"status-publish","4":"has-post-thumbnail","6":"clubroom_taxonomies-gift-room","7":"product_cat-bougies-bougeoirs","8":"product_cat-cartes-cadeaux","9":"product_cat-accessoires-pour-la-maison","10":"product_tag-disponible-immediatement","11":"manufacturer-manufacture-de-couleuvre-fr","12":"clubroom_product_designer-manufacture-de-couleuvre-fr","13":"exhibitions-paris-fr","14":"exhibitions-new-york-fr","16":"first","17":"instock","18":"taxable","19":"shipping-taxable","20":"purchasable","21":"product-type-simple"},"acf":[],"_links":{"self":[{"href":"https:\/\/theinvisiblecollection.com\/fr\/wp-json\/wp\/v2\/product\/1968717","targetHints":{"allow":["GET"]}}],"collection":[{"href":"https:\/\/theinvisiblecollection.com\/fr\/wp-json\/wp\/v2\/product"}],"about":[{"href":"https:\/\/theinvisiblecollection.com\/fr\/wp-json\/wp\/v2\/types\/product"}],"wp:featuredmedia":[{"embeddable":true,"href":"https:\/\/theinvisiblecollection.com\/fr\/wp-json\/wp\/v2\/media\/2126910"}],"wp:attachment":[{"href":"https:\/\/theinvisiblecollection.com\/fr\/wp-json\/wp\/v2\/media?parent=1968717"}],"wp:term":[{"taxonomy":"product_brand","embeddable":true,"href":"https:\/\/theinvisiblecollection.com\/fr\/wp-json\/wp\/v2\/product_brand?post=1968717"},{"taxonomy":"product_cat","embeddable":true,"href":"https:\/\/theinvisiblecollection.com\/fr\/wp-json\/wp\/v2\/product_cat?post=1968717"},{"taxonomy":"product_tag","embeddable":true,"href":"https:\/\/theinvisiblecollection.com\/fr\/wp-json\/wp\/v2\/product_tag?post=1968717"},{"taxonomy":"product_designer","embeddable":true,"href":"https:\/\/theinvisiblecollection.com\/fr\/wp-json\/wp\/v2\/product_designer?post=1968717"},{"taxonomy":"comfabric","embeddable":true,"href":"https:\/\/theinvisiblecollection.com\/fr\/wp-json\/wp\/v2\/comfabric?post=1968717"},{"taxonomy":"manufacturer","embeddable":true,"href":"https:\/\/theinvisiblecollection.com\/fr\/wp-json\/wp\/v2\/manufacturer?post=1968717"},{"taxonomy":"reporting_designer","embeddable":true,"href":"https:\/\/theinvisiblecollection.com\/fr\/wp-json\/wp\/v2\/reporting_designer?post=1968717"},{"taxonomy":"samplecomfabric","embeddable":true,"href":"https:\/\/theinvisiblecollection.com\/fr\/wp-json\/wp\/v2\/samplecomfabric?post=1968717"},{"taxonomy":"clubroom_product_designer","embeddable":true,"href":"https:\/\/theinvisiblecollection.com\/fr\/wp-json\/wp\/v2\/designer_clubroom?post=1968717"}],"curies":[{"name":"wp","href":"https:\/\/api.w.org\/{rel}","templated":true}]}}