{"id":1970308,"date":"2023-02-16T14:51:48","date_gmt":"2023-02-16T13:51:48","guid":{"rendered":"https:\/\/theinvisiblecollection.com\/?post_type=product&#038;p=1970308"},"modified":"2026-05-01T07:38:16","modified_gmt":"2026-05-01T07:38:16","slug":"manufacture-de-couleuvre-carafe-porcelaine-blanche","status":"publish","type":"product","link":"https:\/\/theinvisiblecollection.com\/fr\/produit\/manufacture-de-couleuvre-carafe-porcelaine-blanche\/","title":{"rendered":"Carafe Porcelaine Blanche"},"content":{"rendered":"<p style=\"text-align: justify;\">Carafe biscuit kaolin blanc de blanc et \u00e9mail int\u00e9rieur. Les \u00c9cailles de Couleuvre invitent \u00e0 la contemplation. Une oeuvre de luxe pour le quotidien.<\/p>\n","protected":false},"excerpt":{"rendered":"<ul>\n<li>Composition : biscuit kaolin blanc de blanc et \u00e9mail int\u00e9rieur.<\/li>\n<\/ul>\n","protected":false},"featured_media":5352790,"template":"","meta":{"_acf_changed":false,"content-type":"","_themeisle_gutenberg_block_has_review":false},"product_brand":[],"product_cat":[16319,19973,19975,19981,19988],"product_tag":[22790],"product_designer":[],"comfabric":[],"manufacturer":[21659],"reporting_designer":[],"samplecomfabric":[],"designer_clubroom":[21663],"class_list":{"0":"post-1970308","1":"product","2":"type-product","3":"status-publish","4":"has-post-thumbnail","6":"clubroom_taxonomies-boutiques","7":"product_cat-cartes-cadeaux","8":"product_cat-accessoires-pour-la-maison","9":"product_cat-vases-fr","10":"product_cat-art-de-la-table","11":"product_cat-carafes","12":"product_tag-disponible-immediatement","13":"manufacturer-manufacture-de-couleuvre-fr","14":"clubroom_product_designer-manufacture-de-couleuvre-fr","15":"exhibitions-paris-fr","16":"exhibitions-new-york-fr","17":"exhibitions-londres-fr","19":"first","20":"instock","21":"taxable","22":"shipping-taxable","23":"purchasable","24":"product-type-simple"},"acf":[],"_links":{"self":[{"href":"https:\/\/theinvisiblecollection.com\/fr\/wp-json\/wp\/v2\/product\/1970308","targetHints":{"allow":["GET"]}}],"collection":[{"href":"https:\/\/theinvisiblecollection.com\/fr\/wp-json\/wp\/v2\/product"}],"about":[{"href":"https:\/\/theinvisiblecollection.com\/fr\/wp-json\/wp\/v2\/types\/product"}],"wp:featuredmedia":[{"embeddable":true,"href":"https:\/\/theinvisiblecollection.com\/fr\/wp-json\/wp\/v2\/media\/5352790"}],"wp:attachment":[{"href":"https:\/\/theinvisiblecollection.com\/fr\/wp-json\/wp\/v2\/media?parent=1970308"}],"wp:term":[{"taxonomy":"product_brand","embeddable":true,"href":"https:\/\/theinvisiblecollection.com\/fr\/wp-json\/wp\/v2\/product_brand?post=1970308"},{"taxonomy":"product_cat","embeddable":true,"href":"https:\/\/theinvisiblecollection.com\/fr\/wp-json\/wp\/v2\/product_cat?post=1970308"},{"taxonomy":"product_tag","embeddable":true,"href":"https:\/\/theinvisiblecollection.com\/fr\/wp-json\/wp\/v2\/product_tag?post=1970308"},{"taxonomy":"product_designer","embeddable":true,"href":"https:\/\/theinvisiblecollection.com\/fr\/wp-json\/wp\/v2\/product_designer?post=1970308"},{"taxonomy":"comfabric","embeddable":true,"href":"https:\/\/theinvisiblecollection.com\/fr\/wp-json\/wp\/v2\/comfabric?post=1970308"},{"taxonomy":"manufacturer","embeddable":true,"href":"https:\/\/theinvisiblecollection.com\/fr\/wp-json\/wp\/v2\/manufacturer?post=1970308"},{"taxonomy":"reporting_designer","embeddable":true,"href":"https:\/\/theinvisiblecollection.com\/fr\/wp-json\/wp\/v2\/reporting_designer?post=1970308"},{"taxonomy":"samplecomfabric","embeddable":true,"href":"https:\/\/theinvisiblecollection.com\/fr\/wp-json\/wp\/v2\/samplecomfabric?post=1970308"},{"taxonomy":"clubroom_product_designer","embeddable":true,"href":"https:\/\/theinvisiblecollection.com\/fr\/wp-json\/wp\/v2\/designer_clubroom?post=1970308"}],"curies":[{"name":"wp","href":"https:\/\/api.w.org\/{rel}","templated":true}]}}