{"id":1979867,"date":"2023-02-17T12:02:57","date_gmt":"2023-02-17T11:02:57","guid":{"rendered":"https:\/\/theinvisiblecollection.com\/?post_type=product&#038;p=1979867"},"modified":"2026-05-08T04:39:30","modified_gmt":"2026-05-08T04:39:30","slug":"maisonjaune-sutdio-miroir-ublo","status":"publish","type":"product","link":"https:\/\/theinvisiblecollection.com\/fr\/produit\/maisonjaune-sutdio-miroir-ublo\/","title":{"rendered":"Miroir Ublo"},"content":{"rendered":"<p style=\"text-align: justify;\">Le miroir Ublo de Maisonjaune studio est inspir\u00e9 de l\u2019architecture brutaliste des ann\u00e9es 70. Le miroir Ublo a \u00e9t\u00e9 pens\u00e9 comme une sculpture mettant en valeur la couleur blanche naturelle du pl\u00e2tre apportant chaleur et douceur.<\/p>\n","protected":false},"excerpt":{"rendered":"<p>Miroir en pl\u00e2tre blanc naturel et miroir<br \/>\nStructure en bois<br \/>\nBarre de fixation m\u00e2le et femelle pour l\u2019accroche au mur<\/p>\n<p>L 101 x l 10 x H 162 cm<\/p>\n<p>Fabriqu\u00e9 \u00e0 la main en France<br \/>\nD\u00e9lais de production : 10 semaines<\/p>\n<p><span style=\"text-decoration: underline;\"><a tabindex=\"-1\" title=\"https:\/\/www.theinvisiblecollection.com\/fr\/demande-de-devis\/?product_id=48547\" href=\"https:\/\/www.theinvisiblecollection.com\/fr\/demande-de-devis\/?product_id=1979867\" target=\"_blank\" rel=\"noreferrer noopener\">Contactez-nous pour toute demande de devis ou de renseignements<\/a><\/span><\/p>\n","protected":false},"featured_media":5341513,"template":"","meta":{"_acf_changed":false,"content-type":"","_themeisle_gutenberg_block_has_review":false},"product_brand":[],"product_cat":[7517,8225],"product_tag":[31477],"product_designer":[16595],"comfabric":[],"manufacturer":[36193],"reporting_designer":[37729],"samplecomfabric":[],"designer_clubroom":[],"class_list":{"0":"post-1979867","1":"product","2":"type-product","3":"status-publish","4":"has-post-thumbnail","6":"product_cat-deco-fr","7":"product_cat-miroirs-fr","8":"product_tag-st-curvy-fr","9":"product_designer-maisonjaune-studio-fr","10":"manufacturer-maisonjaune-pick-up-fr","11":"reporting_designer-maisonjaune-studio","13":"first","14":"instock","15":"taxable","16":"shipping-taxable","17":"purchasable","18":"product-type-simple"},"acf":[],"_links":{"self":[{"href":"https:\/\/theinvisiblecollection.com\/fr\/wp-json\/wp\/v2\/product\/1979867","targetHints":{"allow":["GET"]}}],"collection":[{"href":"https:\/\/theinvisiblecollection.com\/fr\/wp-json\/wp\/v2\/product"}],"about":[{"href":"https:\/\/theinvisiblecollection.com\/fr\/wp-json\/wp\/v2\/types\/product"}],"wp:featuredmedia":[{"embeddable":true,"href":"https:\/\/theinvisiblecollection.com\/fr\/wp-json\/wp\/v2\/media\/5341513"}],"wp:attachment":[{"href":"https:\/\/theinvisiblecollection.com\/fr\/wp-json\/wp\/v2\/media?parent=1979867"}],"wp:term":[{"taxonomy":"product_brand","embeddable":true,"href":"https:\/\/theinvisiblecollection.com\/fr\/wp-json\/wp\/v2\/product_brand?post=1979867"},{"taxonomy":"product_cat","embeddable":true,"href":"https:\/\/theinvisiblecollection.com\/fr\/wp-json\/wp\/v2\/product_cat?post=1979867"},{"taxonomy":"product_tag","embeddable":true,"href":"https:\/\/theinvisiblecollection.com\/fr\/wp-json\/wp\/v2\/product_tag?post=1979867"},{"taxonomy":"product_designer","embeddable":true,"href":"https:\/\/theinvisiblecollection.com\/fr\/wp-json\/wp\/v2\/product_designer?post=1979867"},{"taxonomy":"comfabric","embeddable":true,"href":"https:\/\/theinvisiblecollection.com\/fr\/wp-json\/wp\/v2\/comfabric?post=1979867"},{"taxonomy":"manufacturer","embeddable":true,"href":"https:\/\/theinvisiblecollection.com\/fr\/wp-json\/wp\/v2\/manufacturer?post=1979867"},{"taxonomy":"reporting_designer","embeddable":true,"href":"https:\/\/theinvisiblecollection.com\/fr\/wp-json\/wp\/v2\/reporting_designer?post=1979867"},{"taxonomy":"samplecomfabric","embeddable":true,"href":"https:\/\/theinvisiblecollection.com\/fr\/wp-json\/wp\/v2\/samplecomfabric?post=1979867"},{"taxonomy":"clubroom_product_designer","embeddable":true,"href":"https:\/\/theinvisiblecollection.com\/fr\/wp-json\/wp\/v2\/designer_clubroom?post=1979867"}],"curies":[{"name":"wp","href":"https:\/\/api.w.org\/{rel}","templated":true}]}}