{"id":1983511,"date":"2023-02-17T17:35:31","date_gmt":"2023-02-17T16:35:31","guid":{"rendered":"https:\/\/theinvisiblecollection.com\/?post_type=product&#038;p=1983511"},"modified":"2026-05-01T07:38:16","modified_gmt":"2026-05-01T07:38:16","slug":"charlotte-biltgen-fauteuil-klay-bicolore","status":"publish","type":"product","link":"https:\/\/theinvisiblecollection.com\/fr\/produit\/charlotte-biltgen-fauteuil-klay-bicolore\/","title":{"rendered":"Fauteuil Klay Bicolore"},"content":{"rendered":"<p style=\"text-align: justify;\">Le fauteuil Klay a \u00e9t\u00e9 con\u00e7u pour la terrasse du Klay\u2019s club, j\u2019ai revisit\u00e9 l\u2019esprit du fauteuil club, petit, cosy et fonctionnel, en apportant une touche de modernit\u00e9. Enveloppant et comfortable, il se d\u00e9cline en canap\u00e9, canap\u00e9 lit, et banquettes. Le choix du velours apporte un jeu de lumi\u00e8res et une vibration sur les courbes des coussins, \u00a0la rondeur, ch\u00e8re \u00e0 mon travail, exprime douceur et f\u00e9minit\u00e9.<\/p>\n","protected":false},"excerpt":{"rendered":"<p>Fauteuil photographi\u00e9 ici en tissu Rosemary Hallgaten Wool, Foam Capri blue &#8211; white 2.99<br \/>\nBase photographi\u00e9e ici en tissu\u00a0 Dedar, Adamo &amp; Eva, couleur 00170 Notte<br \/>\n<span style=\"text-decoration: underline;\"><a href=\"https:\/\/theinvisiblecollection.com\/wp-content\/uploads\/2023\/02\/InvisibleCollection_Charlotte-Biltgen-Materials-selection_KlayArmchair.pdf\" target=\"_blank\" rel=\"noopener noreferrer\">D\u00e9couvrez la s\u00e9lection de tissus ici<\/a><br \/>\n<\/span>\u00c9galement disponible en blanc sans tissu<br \/>\nDisponible avec une base pivotante<\/p>\n<p>L 82 x P 70 x H 74 cm<br \/>\nHauteur d&#8217;assise : 40 cm<br \/>\nTissus requis pour l&#8217;assise : 5 m<br \/>\nTissus requis pour la base : 0.5 m<\/p>\n<p>Fabriqu\u00e9 \u00e0 la main en France<br \/>\nD\u00e9lais de fabrication : 12 semaines<\/p>\n<p><span style=\"text-decoration: underline;\"><a href=\"https:\/\/www.theinvisiblecollection.com\/fr\/demande-de-devis\/?product_id=1983511\" target=\"_blank\" rel=\"noopener\">Contactez-nous pour toute demande de devis ou de renseignements<\/a><\/span><\/p>\n","protected":false},"featured_media":1983559,"template":"","meta":{"_acf_changed":false,"content-type":"","_themeisle_gutenberg_block_has_review":false},"product_brand":[],"product_cat":[8945,12499],"product_tag":[9150,9217,10481,31477,35206],"product_designer":[8923],"comfabric":[29352],"manufacturer":[20337],"reporting_designer":[37451],"samplecomfabric":[30114],"designer_clubroom":[],"class_list":{"0":"post-1983511","1":"product","2":"type-product","3":"status-publish","4":"has-post-thumbnail","6":"product_cat-fauteuils","7":"product_cat-assises","8":"product_tag-fauteuil-fr-2","9":"product_tag-velours","10":"product_tag-charlotte-biltgen-fr","11":"product_tag-st-curvy-fr","12":"product_tag-exclusive-fr","13":"pa_choice-avec-pivotement","14":"pa_choice-sans-pivotement","15":"pa_fabric-en-blanc-sans-tissu-fr","16":"pa_fabric-tissu-tel-que-photographie","17":"product_designer-charlotte-biltgen-fr","18":"comfabric-aura-fr","19":"manufacturer-roissy-emballage-c-o-consulttransport-fr","20":"reporting_designer-charlotte-biltgen","21":"samplecomfabric-charlotte-biltgen-fr","23":"first","24":"instock","25":"taxable","26":"shipping-taxable","27":"purchasable","28":"product-type-variable"},"acf":[],"_links":{"self":[{"href":"https:\/\/theinvisiblecollection.com\/fr\/wp-json\/wp\/v2\/product\/1983511","targetHints":{"allow":["GET"]}}],"collection":[{"href":"https:\/\/theinvisiblecollection.com\/fr\/wp-json\/wp\/v2\/product"}],"about":[{"href":"https:\/\/theinvisiblecollection.com\/fr\/wp-json\/wp\/v2\/types\/product"}],"wp:featuredmedia":[{"embeddable":true,"href":"https:\/\/theinvisiblecollection.com\/fr\/wp-json\/wp\/v2\/media\/1983559"}],"wp:attachment":[{"href":"https:\/\/theinvisiblecollection.com\/fr\/wp-json\/wp\/v2\/media?parent=1983511"}],"wp:term":[{"taxonomy":"product_brand","embeddable":true,"href":"https:\/\/theinvisiblecollection.com\/fr\/wp-json\/wp\/v2\/product_brand?post=1983511"},{"taxonomy":"product_cat","embeddable":true,"href":"https:\/\/theinvisiblecollection.com\/fr\/wp-json\/wp\/v2\/product_cat?post=1983511"},{"taxonomy":"product_tag","embeddable":true,"href":"https:\/\/theinvisiblecollection.com\/fr\/wp-json\/wp\/v2\/product_tag?post=1983511"},{"taxonomy":"product_designer","embeddable":true,"href":"https:\/\/theinvisiblecollection.com\/fr\/wp-json\/wp\/v2\/product_designer?post=1983511"},{"taxonomy":"comfabric","embeddable":true,"href":"https:\/\/theinvisiblecollection.com\/fr\/wp-json\/wp\/v2\/comfabric?post=1983511"},{"taxonomy":"manufacturer","embeddable":true,"href":"https:\/\/theinvisiblecollection.com\/fr\/wp-json\/wp\/v2\/manufacturer?post=1983511"},{"taxonomy":"reporting_designer","embeddable":true,"href":"https:\/\/theinvisiblecollection.com\/fr\/wp-json\/wp\/v2\/reporting_designer?post=1983511"},{"taxonomy":"samplecomfabric","embeddable":true,"href":"https:\/\/theinvisiblecollection.com\/fr\/wp-json\/wp\/v2\/samplecomfabric?post=1983511"},{"taxonomy":"clubroom_product_designer","embeddable":true,"href":"https:\/\/theinvisiblecollection.com\/fr\/wp-json\/wp\/v2\/designer_clubroom?post=1983511"}],"curies":[{"name":"wp","href":"https:\/\/api.w.org\/{rel}","templated":true}]}}