{"id":1997230,"date":"2023-03-15T10:52:40","date_gmt":"2023-03-15T09:52:40","guid":{"rendered":"https:\/\/theinvisiblecollection.com\/?post_type=product&#038;p=1997230"},"modified":"2026-05-08T04:39:30","modified_gmt":"2026-05-08T04:39:30","slug":"ecartinternational-jeanmichel-frank-fauteuil-elephant-1939","status":"publish","type":"product","link":"https:\/\/theinvisiblecollection.com\/fr\/produit\/ecartinternational-jeanmichel-frank-fauteuil-elephant-1939\/","title":{"rendered":"Fauteuil \u00c9lephant 1939"},"content":{"rendered":"<p>Le Fauteuil Elephant dessin\u00e9 par Jean-Michel Frank a \u00e9t\u00e9 pense\u0301 en 1939 pour le lobby de l\u2019ho\u0302tel Llao Llao a\u0300 Buenos Aires.<\/p>\n","protected":false},"excerpt":{"rendered":"<p>Jean-Michel Frank r\u00e9\u00e9dit\u00e9 par Ecart International<br \/>\nFauteuil avec une structure en ch\u00eane (naturel, marron, weng\u00e9, noir, ch\u00eane des marais, gris) ou en noyer de France<br \/>\n<a href=\"https:\/\/theinvisiblecollection.com\/wp-content\/uploads\/2023\/02\/TheInvisibleCollection_Ecart_Wood_Selection_Elephant_Armchair.jpg\" target=\"_blank\" rel=\"noopener\"><span style=\"text-decoration: underline;\">D\u00e9couvrez la s\u00e9lection de bois ici<\/span><\/a><br \/>\nPhotographi\u00e9 ici en tissu Karakorum de Dedar, couleur ivoire<br \/>\nVersion en noyer photographi\u00e9e en velours Adamo &amp; Eva de Dedar, couleur 153<br \/>\n\u00c9galement disponible en cuir et peau laine\u0301e<br \/>\n<span style=\"text-decoration: underline;\"><a href=\"https:\/\/theinvisiblecollection.com\/wp-content\/uploads\/2022\/02\/TheInvisibleCollection_EcartInternational_FabricSelection_compressed.pdf\" target=\"_blank\" rel=\"noopener\">D\u00e9couvrez la s\u00e9lection de tissus Ecart ici<\/a><\/span><br \/>\n<span style=\"text-decoration: underline;\"><a href=\"https:\/\/www.theinvisiblecollection.com\/wp-content\/uploads\/2020\/06\/TIC_Ecart_Samples_Leather_compressed.pdf\" target=\"_blank\" rel=\"noopener\">D\u00e9couvrez la s\u00e9lection de cuirs Ecart ici<\/a><\/span><span style=\"text-decoration: underline;\"><br \/>\n<\/span><\/p>\n<p>L 87 x P 105 x H 72 cm<br \/>\nTissu requis : 3.5 m<\/p>\n<p>Indisponible aux Etats-Unis<br \/>\nFabriqu\u00e9 \u00e0 la main en France<br \/>\nD\u00e9lais de production : 12 &#8211; 14 semaines<\/p>\n<p><span style=\"text-decoration: underline;\"><a href=\"https:\/\/www.theinvisiblecollection.com\/fr\/demande-de-devis\/?product_id=1997230\">Contactez-nous pour toute demande de devis ou de renseignements<\/a><\/span><\/p>\n","protected":false},"featured_media":5838802,"template":"","meta":{"_acf_changed":false,"content-type":"","_themeisle_gutenberg_block_has_review":false},"product_brand":[],"product_cat":[8945,12499],"product_tag":[11235,14925,22790,31474,31476,35206,35326],"product_designer":[10154,10638],"comfabric":[29238],"manufacturer":[16874],"reporting_designer":[37611],"samplecomfabric":[29926],"designer_clubroom":[],"class_list":{"0":"post-1997230","1":"product","2":"type-product","3":"status-publish","4":"has-post-thumbnail","6":"product_cat-fauteuils","7":"product_cat-assises","8":"product_tag-reedition-fr-fr","9":"product_tag-hpfav-fr","10":"product_tag-disponible-immediatement","11":"product_tag-co-white-fr","12":"product_tag-st-collectible-fr","13":"product_tag-exclusive-fr","14":"product_tag-st-scandinavian-fr","15":"product_designer-jean-michel-frank-fr","16":"product_designer-ecart-international-fr","17":"comfabric-ecart-international-atelier-fr","18":"manufacturer-ecart-international-argentat","19":"reporting_designer-ecart-international","20":"samplecomfabric-ecart-international-atelier-fr","22":"first","23":"instock","24":"taxable","25":"shipping-taxable","26":"purchasable","27":"product-type-variable"},"acf":[],"_links":{"self":[{"href":"https:\/\/theinvisiblecollection.com\/fr\/wp-json\/wp\/v2\/product\/1997230","targetHints":{"allow":["GET"]}}],"collection":[{"href":"https:\/\/theinvisiblecollection.com\/fr\/wp-json\/wp\/v2\/product"}],"about":[{"href":"https:\/\/theinvisiblecollection.com\/fr\/wp-json\/wp\/v2\/types\/product"}],"wp:featuredmedia":[{"embeddable":true,"href":"https:\/\/theinvisiblecollection.com\/fr\/wp-json\/wp\/v2\/media\/5838802"}],"wp:attachment":[{"href":"https:\/\/theinvisiblecollection.com\/fr\/wp-json\/wp\/v2\/media?parent=1997230"}],"wp:term":[{"taxonomy":"product_brand","embeddable":true,"href":"https:\/\/theinvisiblecollection.com\/fr\/wp-json\/wp\/v2\/product_brand?post=1997230"},{"taxonomy":"product_cat","embeddable":true,"href":"https:\/\/theinvisiblecollection.com\/fr\/wp-json\/wp\/v2\/product_cat?post=1997230"},{"taxonomy":"product_tag","embeddable":true,"href":"https:\/\/theinvisiblecollection.com\/fr\/wp-json\/wp\/v2\/product_tag?post=1997230"},{"taxonomy":"product_designer","embeddable":true,"href":"https:\/\/theinvisiblecollection.com\/fr\/wp-json\/wp\/v2\/product_designer?post=1997230"},{"taxonomy":"comfabric","embeddable":true,"href":"https:\/\/theinvisiblecollection.com\/fr\/wp-json\/wp\/v2\/comfabric?post=1997230"},{"taxonomy":"manufacturer","embeddable":true,"href":"https:\/\/theinvisiblecollection.com\/fr\/wp-json\/wp\/v2\/manufacturer?post=1997230"},{"taxonomy":"reporting_designer","embeddable":true,"href":"https:\/\/theinvisiblecollection.com\/fr\/wp-json\/wp\/v2\/reporting_designer?post=1997230"},{"taxonomy":"samplecomfabric","embeddable":true,"href":"https:\/\/theinvisiblecollection.com\/fr\/wp-json\/wp\/v2\/samplecomfabric?post=1997230"},{"taxonomy":"clubroom_product_designer","embeddable":true,"href":"https:\/\/theinvisiblecollection.com\/fr\/wp-json\/wp\/v2\/designer_clubroom?post=1997230"}],"curies":[{"name":"wp","href":"https:\/\/api.w.org\/{rel}","templated":true}]}}