{"id":2043195,"date":"2023-02-24T16:50:19","date_gmt":"2023-02-24T15:50:19","guid":{"rendered":"https:\/\/theinvisiblecollection.com\/?post_type=product&#038;p=2043195"},"modified":"2026-05-01T07:38:16","modified_gmt":"2026-05-01T07:38:16","slug":"par-puzzles-puzzle-fanning-the-flames","status":"publish","type":"product","link":"https:\/\/theinvisiblecollection.com\/fr\/produit\/par-puzzles-puzzle-fanning-the-flames\/","title":{"rendered":"Puzzle \u201cFanning the Flames\u201d"},"content":{"rendered":"<p style=\"text-align: justify\">Inspir\u00e9 des \u00e9ventails chinois de la dynastie Shang fabriqu\u00e9s en soie et en plumes d&#8217;animaux, ce puzzle de 1100 pi\u00e8ces se compose de silhouettes d\u00e9coup\u00e9es \u00e0 la main, qui servent d&#8217;indices.<\/p>\n","protected":false},"excerpt":{"rendered":"<ul>\n<li>Approx. 1100 pi\u00e8ces<\/li>\n<\/ul>\n","protected":false},"featured_media":2350620,"template":"","meta":{"_acf_changed":false,"content-type":"","_themeisle_gutenberg_block_has_review":false},"product_brand":[],"product_cat":[12531,19973,19976],"product_tag":[22790],"product_designer":[],"comfabric":[],"manufacturer":[21679],"reporting_designer":[],"samplecomfabric":[],"designer_clubroom":[21683],"class_list":{"0":"post-2043195","1":"product","2":"type-product","3":"status-publish","4":"has-post-thumbnail","6":"clubroom_taxonomies-gift-room","7":"product_cat-objets-de-decoration","8":"product_cat-accessoires-pour-la-maison","9":"product_cat-jeux","10":"product_tag-disponible-immediatement","11":"manufacturer-par-puzzles-fr","12":"clubroom_product_designer-par-puzzles-fr","13":"exhibitions-londres-fr","15":"first","16":"instock","17":"taxable","18":"shipping-taxable","19":"purchasable","20":"product-type-simple"},"acf":[],"_links":{"self":[{"href":"https:\/\/theinvisiblecollection.com\/fr\/wp-json\/wp\/v2\/product\/2043195","targetHints":{"allow":["GET"]}}],"collection":[{"href":"https:\/\/theinvisiblecollection.com\/fr\/wp-json\/wp\/v2\/product"}],"about":[{"href":"https:\/\/theinvisiblecollection.com\/fr\/wp-json\/wp\/v2\/types\/product"}],"wp:featuredmedia":[{"embeddable":true,"href":"https:\/\/theinvisiblecollection.com\/fr\/wp-json\/wp\/v2\/media\/2350620"}],"wp:attachment":[{"href":"https:\/\/theinvisiblecollection.com\/fr\/wp-json\/wp\/v2\/media?parent=2043195"}],"wp:term":[{"taxonomy":"product_brand","embeddable":true,"href":"https:\/\/theinvisiblecollection.com\/fr\/wp-json\/wp\/v2\/product_brand?post=2043195"},{"taxonomy":"product_cat","embeddable":true,"href":"https:\/\/theinvisiblecollection.com\/fr\/wp-json\/wp\/v2\/product_cat?post=2043195"},{"taxonomy":"product_tag","embeddable":true,"href":"https:\/\/theinvisiblecollection.com\/fr\/wp-json\/wp\/v2\/product_tag?post=2043195"},{"taxonomy":"product_designer","embeddable":true,"href":"https:\/\/theinvisiblecollection.com\/fr\/wp-json\/wp\/v2\/product_designer?post=2043195"},{"taxonomy":"comfabric","embeddable":true,"href":"https:\/\/theinvisiblecollection.com\/fr\/wp-json\/wp\/v2\/comfabric?post=2043195"},{"taxonomy":"manufacturer","embeddable":true,"href":"https:\/\/theinvisiblecollection.com\/fr\/wp-json\/wp\/v2\/manufacturer?post=2043195"},{"taxonomy":"reporting_designer","embeddable":true,"href":"https:\/\/theinvisiblecollection.com\/fr\/wp-json\/wp\/v2\/reporting_designer?post=2043195"},{"taxonomy":"samplecomfabric","embeddable":true,"href":"https:\/\/theinvisiblecollection.com\/fr\/wp-json\/wp\/v2\/samplecomfabric?post=2043195"},{"taxonomy":"clubroom_product_designer","embeddable":true,"href":"https:\/\/theinvisiblecollection.com\/fr\/wp-json\/wp\/v2\/designer_clubroom?post=2043195"}],"curies":[{"name":"wp","href":"https:\/\/api.w.org\/{rel}","templated":true}]}}