{"id":2043409,"date":"2023-02-24T17:37:58","date_gmt":"2023-02-24T16:37:58","guid":{"rendered":"https:\/\/theinvisiblecollection.com\/?post_type=product&#038;p=2043409"},"modified":"2026-05-08T04:39:30","modified_gmt":"2026-05-08T04:39:30","slug":"ecart-international-jeanmichel-frank-transat-1929","status":"publish","type":"product","link":"https:\/\/theinvisiblecollection.com\/fr\/produit\/ecart-international-jeanmichel-frank-transat-1929\/","title":{"rendered":"Transat 1929"},"content":{"rendered":"<p style=\"text-align: justify;\"><span class=\"TextRun SCXW72953631 BCX0\" lang=\"FR-FR\" xml:lang=\"FR-FR\" data-contrast=\"auto\"><span class=\"NormalTextRun SCXW72953631 BCX0\">Le Transat 1929 de Jean-Michel Frank est un meuble embl\u00e9matique tr\u00e8s appr\u00e9ci\u00e9 pour son style \u00e9l\u00e9gant et minimaliste. La chaise se caract\u00e9rise par une structure simple et une assise et un dossier confortables.<\/span><span class=\"NormalTextRun SCXW72953631 BCX0\"> P<\/span><span class=\"NormalTextRun SCXW72953631 BCX0\">our ses lignes \u00e9pur\u00e9es et modernes et sa capacit\u00e9 \u00e0 s&#8217;int\u00e9grer parfaitement dans une vari\u00e9t\u00e9 de styles de d\u00e9coration <\/span><span class=\"NormalTextRun SCXW72953631 BCX0\">d\u2019<\/span><span class=\"NormalTextRun SCXW72953631 BCX0\">int\u00e9rieur, ainsi qu&#8217;\u00e0 l&#8217;ext\u00e9rieur, elle est une pi\u00e8ce recherch\u00e9e par les collectionneurs et les amateurs de design.<\/span><\/span><span class=\"EOP SCXW72953631 BCX0\" data-ccp-props=\"{&quot;201341983&quot;:0,&quot;335559740&quot;:259}\">\u00a0<\/span><\/p>\n","protected":false},"excerpt":{"rendered":"<p>Jean-Michel Frank r\u00e9\u00e9dit\u00e9 par Ecart International<br \/>\nTransat avec structure en che\u0302ne oxyd\u00e9 \u00e0 la chaux<br \/>\nPhotographi\u00e9 ici en tissu Dedar Salinger, couleur naturel<br \/>\n\u00c9galement disponible en version fr\u00eane outdoor, photographi\u00e9 ici en tissu d&#8217;ext\u00e9rieur Dedar Strange Loves, couleur Cocco Bello<br \/>\n<a href=\"https:\/\/theinvisiblecollection.com\/wp-content\/uploads\/2023\/03\/InvisibleCollection_Ecart_Wood_Selection_Transat1929.pdf\" target=\"_blank\" rel=\"noopener\"><span style=\"text-decoration: underline;\">D\u00e9couvrez la s\u00e9lection de tissu ici<\/span><\/a><\/p>\n<p>L 142 x l 60 x H 75 cm<br \/>\nTissu requis : 6 m<\/p>\n<p>Indisponible aux Etats-Unis<br \/>\nFabriqu\u00e9 \u00e0 la main en France<br \/>\nD\u00e9lais de production : 16 semaines<\/p>\n<p><span style=\"text-decoration: underline;\"><a href=\"https:\/\/www.theinvisiblecollection.com\/fr\/demande-de-devis\/?product_id=1997230\">Contactez-nous pour toute demande de devis ou de renseignements<\/a><\/span><\/p>\n","protected":false},"featured_media":5838820,"template":"","meta":{"_acf_changed":false,"content-type":"","_themeisle_gutenberg_block_has_review":false},"product_brand":[],"product_cat":[8945,10549,12499],"product_tag":[10140,11235,31474,35206,35326],"product_designer":[10154,10638],"comfabric":[29238],"manufacturer":[16874],"reporting_designer":[37611],"samplecomfabric":[29926],"designer_clubroom":[],"class_list":{"0":"post-2043409","1":"product","2":"type-product","3":"status-publish","4":"has-post-thumbnail","6":"product_cat-fauteuils","7":"product_cat-mobilier-dexterieur","8":"product_cat-assises","9":"product_tag-mobilier-exterieur-fr","10":"product_tag-reedition-fr-fr","11":"product_tag-co-white-fr","12":"product_tag-exclusive-fr","13":"product_tag-st-scandinavian-fr","14":"product_designer-jean-michel-frank-fr","15":"product_designer-ecart-international-fr","16":"comfabric-ecart-international-atelier-fr","17":"manufacturer-ecart-international-argentat","18":"reporting_designer-ecart-international","19":"samplecomfabric-ecart-international-atelier-fr","21":"first","22":"instock","23":"taxable","24":"shipping-taxable","25":"purchasable","26":"product-type-variable"},"acf":[],"_links":{"self":[{"href":"https:\/\/theinvisiblecollection.com\/fr\/wp-json\/wp\/v2\/product\/2043409","targetHints":{"allow":["GET"]}}],"collection":[{"href":"https:\/\/theinvisiblecollection.com\/fr\/wp-json\/wp\/v2\/product"}],"about":[{"href":"https:\/\/theinvisiblecollection.com\/fr\/wp-json\/wp\/v2\/types\/product"}],"wp:featuredmedia":[{"embeddable":true,"href":"https:\/\/theinvisiblecollection.com\/fr\/wp-json\/wp\/v2\/media\/5838820"}],"wp:attachment":[{"href":"https:\/\/theinvisiblecollection.com\/fr\/wp-json\/wp\/v2\/media?parent=2043409"}],"wp:term":[{"taxonomy":"product_brand","embeddable":true,"href":"https:\/\/theinvisiblecollection.com\/fr\/wp-json\/wp\/v2\/product_brand?post=2043409"},{"taxonomy":"product_cat","embeddable":true,"href":"https:\/\/theinvisiblecollection.com\/fr\/wp-json\/wp\/v2\/product_cat?post=2043409"},{"taxonomy":"product_tag","embeddable":true,"href":"https:\/\/theinvisiblecollection.com\/fr\/wp-json\/wp\/v2\/product_tag?post=2043409"},{"taxonomy":"product_designer","embeddable":true,"href":"https:\/\/theinvisiblecollection.com\/fr\/wp-json\/wp\/v2\/product_designer?post=2043409"},{"taxonomy":"comfabric","embeddable":true,"href":"https:\/\/theinvisiblecollection.com\/fr\/wp-json\/wp\/v2\/comfabric?post=2043409"},{"taxonomy":"manufacturer","embeddable":true,"href":"https:\/\/theinvisiblecollection.com\/fr\/wp-json\/wp\/v2\/manufacturer?post=2043409"},{"taxonomy":"reporting_designer","embeddable":true,"href":"https:\/\/theinvisiblecollection.com\/fr\/wp-json\/wp\/v2\/reporting_designer?post=2043409"},{"taxonomy":"samplecomfabric","embeddable":true,"href":"https:\/\/theinvisiblecollection.com\/fr\/wp-json\/wp\/v2\/samplecomfabric?post=2043409"},{"taxonomy":"clubroom_product_designer","embeddable":true,"href":"https:\/\/theinvisiblecollection.com\/fr\/wp-json\/wp\/v2\/designer_clubroom?post=2043409"}],"curies":[{"name":"wp","href":"https:\/\/api.w.org\/{rel}","templated":true}]}}