{"id":2060862,"date":"2023-02-27T14:14:08","date_gmt":"2023-02-27T13:14:08","guid":{"rendered":"https:\/\/theinvisiblecollection.com\/?post_type=product&#038;p=2060862"},"modified":"2026-05-01T07:38:16","modified_gmt":"2026-05-01T07:38:16","slug":"campbell-rey-set-doutils-de-jardinage-x-flamingo-estate","status":"publish","type":"product","link":"https:\/\/theinvisiblecollection.com\/fr\/produit\/campbell-rey-set-doutils-de-jardinage-x-flamingo-estate\/","title":{"rendered":"Set d&#8217;outils de jardinage x Flamingo Estate"},"content":{"rendered":"<p style=\"text-align: justify;\">Un ensemble d&#8217;outils de jardin en bronze coul\u00e9, \u00e9dition limit\u00e9e. Forg\u00e9s \u00e0 la main et con\u00e7us \u00e0 partir des techniques traditionnelles de la cire perdue et du moulage au sable. Livr\u00e9 num\u00e9rot\u00e9 en coffret.<\/p>\n","protected":false},"excerpt":{"rendered":"<ul>\n<li>Outils de jardin en bronze coul\u00e9<\/li>\n<li>\u00c9dition limit\u00e9e :\u00a0 set livr\u00e9 num\u00e9rot\u00e9 en coffret.<\/li>\n<\/ul>\n","protected":false},"featured_media":2060696,"template":"","meta":{"_acf_changed":false,"content-type":"","_themeisle_gutenberg_block_has_review":false},"product_brand":[],"product_cat":[16319,19973,10549],"product_tag":[31476,22790],"product_designer":[14078],"comfabric":[],"manufacturer":[16852],"reporting_designer":[37365],"samplecomfabric":[],"designer_clubroom":[21978],"class_list":{"0":"post-2060862","1":"product","2":"type-product","3":"status-publish","4":"has-post-thumbnail","6":"clubroom_taxonomies-gift-room","7":"product_cat-cartes-cadeaux","8":"product_cat-accessoires-pour-la-maison","9":"product_cat-mobilier-dexterieur","10":"product_tag-st-collectible-fr","11":"product_tag-disponible-immediatement","12":"product_designer-campbell-rey-fr","13":"manufacturer-campbell-rey-fr","14":"reporting_designer-campbell-rey","15":"clubroom_product_designer-campbell-rey-fr","16":"exhibitions-londres-fr","17":"exhibitions-new-york-fr","19":"first","20":"instock","21":"taxable","22":"shipping-taxable","23":"purchasable","24":"product-type-simple"},"acf":[],"_links":{"self":[{"href":"https:\/\/theinvisiblecollection.com\/fr\/wp-json\/wp\/v2\/product\/2060862","targetHints":{"allow":["GET"]}}],"collection":[{"href":"https:\/\/theinvisiblecollection.com\/fr\/wp-json\/wp\/v2\/product"}],"about":[{"href":"https:\/\/theinvisiblecollection.com\/fr\/wp-json\/wp\/v2\/types\/product"}],"wp:featuredmedia":[{"embeddable":true,"href":"https:\/\/theinvisiblecollection.com\/fr\/wp-json\/wp\/v2\/media\/2060696"}],"wp:attachment":[{"href":"https:\/\/theinvisiblecollection.com\/fr\/wp-json\/wp\/v2\/media?parent=2060862"}],"wp:term":[{"taxonomy":"product_brand","embeddable":true,"href":"https:\/\/theinvisiblecollection.com\/fr\/wp-json\/wp\/v2\/product_brand?post=2060862"},{"taxonomy":"product_cat","embeddable":true,"href":"https:\/\/theinvisiblecollection.com\/fr\/wp-json\/wp\/v2\/product_cat?post=2060862"},{"taxonomy":"product_tag","embeddable":true,"href":"https:\/\/theinvisiblecollection.com\/fr\/wp-json\/wp\/v2\/product_tag?post=2060862"},{"taxonomy":"product_designer","embeddable":true,"href":"https:\/\/theinvisiblecollection.com\/fr\/wp-json\/wp\/v2\/product_designer?post=2060862"},{"taxonomy":"comfabric","embeddable":true,"href":"https:\/\/theinvisiblecollection.com\/fr\/wp-json\/wp\/v2\/comfabric?post=2060862"},{"taxonomy":"manufacturer","embeddable":true,"href":"https:\/\/theinvisiblecollection.com\/fr\/wp-json\/wp\/v2\/manufacturer?post=2060862"},{"taxonomy":"reporting_designer","embeddable":true,"href":"https:\/\/theinvisiblecollection.com\/fr\/wp-json\/wp\/v2\/reporting_designer?post=2060862"},{"taxonomy":"samplecomfabric","embeddable":true,"href":"https:\/\/theinvisiblecollection.com\/fr\/wp-json\/wp\/v2\/samplecomfabric?post=2060862"},{"taxonomy":"clubroom_product_designer","embeddable":true,"href":"https:\/\/theinvisiblecollection.com\/fr\/wp-json\/wp\/v2\/designer_clubroom?post=2060862"}],"curies":[{"name":"wp","href":"https:\/\/api.w.org\/{rel}","templated":true}]}}