{"id":2187619,"date":"2023-02-10T15:42:08","date_gmt":"2023-02-10T14:42:08","guid":{"rendered":"https:\/\/theinvisiblecollection.com\/?post_type=product&#038;p=2187619"},"modified":"2026-05-08T04:39:30","modified_gmt":"2026-05-08T04:39:30","slug":"los-vasos-de-agua-clara-set-de-6-gobelets-melides","status":"publish","type":"product","link":"https:\/\/theinvisiblecollection.com\/fr\/produit\/los-vasos-de-agua-clara-set-de-6-gobelets-melides\/","title":{"rendered":"Set de 6 gobelets Melides"},"content":{"rendered":"<p style=\"text-align: justify;\">Une fa\u00e7on d&#8217;embellir la table ! Ces six ravissants gobelets \u00e0 eau Melides sont peints \u00e0 la main par les fondatrices elles-m\u00eames. Des coups de pinceau d&#8217;un bleu \u00e9clatant qui \u00e9voquent l&#8217;esprit du printemps.<\/p>\n","protected":false},"excerpt":{"rendered":"<ul>\n<li>Composition : verre peint \u00e0 la main<\/li>\n<\/ul>\n","protected":false},"featured_media":2349291,"template":"","meta":{"_acf_changed":false,"content-type":"","_themeisle_gutenberg_block_has_review":false},"product_brand":[],"product_cat":[19986,12535,16319,19973,19981],"product_tag":[22790],"product_designer":[],"comfabric":[],"manufacturer":[21572],"reporting_designer":[],"samplecomfabric":[],"designer_clubroom":[21580],"class_list":{"0":"post-2187619","1":"product","2":"type-product","3":"status-publish","4":"has-post-thumbnail","6":"clubroom_taxonomies-gift-room","7":"product_cat-verres","8":"product_cat-arts-de-la-table","9":"product_cat-cartes-cadeaux","10":"product_cat-accessoires-pour-la-maison","11":"product_cat-art-de-la-table","12":"product_tag-disponible-immediatement","13":"manufacturer-los-vasos-de-agua-clara-fr","14":"clubroom_product_designer-los-vasos-de-agua-clara-fr","15":"exhibitions-londres-fr","17":"first","18":"instock","19":"taxable","20":"shipping-taxable","21":"purchasable","22":"product-type-simple"},"acf":[],"_links":{"self":[{"href":"https:\/\/theinvisiblecollection.com\/fr\/wp-json\/wp\/v2\/product\/2187619","targetHints":{"allow":["GET"]}}],"collection":[{"href":"https:\/\/theinvisiblecollection.com\/fr\/wp-json\/wp\/v2\/product"}],"about":[{"href":"https:\/\/theinvisiblecollection.com\/fr\/wp-json\/wp\/v2\/types\/product"}],"wp:featuredmedia":[{"embeddable":true,"href":"https:\/\/theinvisiblecollection.com\/fr\/wp-json\/wp\/v2\/media\/2349291"}],"wp:attachment":[{"href":"https:\/\/theinvisiblecollection.com\/fr\/wp-json\/wp\/v2\/media?parent=2187619"}],"wp:term":[{"taxonomy":"product_brand","embeddable":true,"href":"https:\/\/theinvisiblecollection.com\/fr\/wp-json\/wp\/v2\/product_brand?post=2187619"},{"taxonomy":"product_cat","embeddable":true,"href":"https:\/\/theinvisiblecollection.com\/fr\/wp-json\/wp\/v2\/product_cat?post=2187619"},{"taxonomy":"product_tag","embeddable":true,"href":"https:\/\/theinvisiblecollection.com\/fr\/wp-json\/wp\/v2\/product_tag?post=2187619"},{"taxonomy":"product_designer","embeddable":true,"href":"https:\/\/theinvisiblecollection.com\/fr\/wp-json\/wp\/v2\/product_designer?post=2187619"},{"taxonomy":"comfabric","embeddable":true,"href":"https:\/\/theinvisiblecollection.com\/fr\/wp-json\/wp\/v2\/comfabric?post=2187619"},{"taxonomy":"manufacturer","embeddable":true,"href":"https:\/\/theinvisiblecollection.com\/fr\/wp-json\/wp\/v2\/manufacturer?post=2187619"},{"taxonomy":"reporting_designer","embeddable":true,"href":"https:\/\/theinvisiblecollection.com\/fr\/wp-json\/wp\/v2\/reporting_designer?post=2187619"},{"taxonomy":"samplecomfabric","embeddable":true,"href":"https:\/\/theinvisiblecollection.com\/fr\/wp-json\/wp\/v2\/samplecomfabric?post=2187619"},{"taxonomy":"clubroom_product_designer","embeddable":true,"href":"https:\/\/theinvisiblecollection.com\/fr\/wp-json\/wp\/v2\/designer_clubroom?post=2187619"}],"curies":[{"name":"wp","href":"https:\/\/api.w.org\/{rel}","templated":true}]}}