{"id":2197721,"date":"2023-03-14T11:17:54","date_gmt":"2023-03-14T10:17:54","guid":{"rendered":"https:\/\/theinvisiblecollection.com\/?post_type=product&#038;p=2197721"},"modified":"2026-05-08T04:39:30","modified_gmt":"2026-05-08T04:39:30","slug":"gilles-dewavrin-plateau-simple-foret","status":"publish","type":"product","link":"https:\/\/theinvisiblecollection.com\/fr\/produit\/gilles-dewavrin-plateau-simple-foret\/","title":{"rendered":"Plateau Simple For\u00eat"},"content":{"rendered":"<p style=\"text-align: justify\">Une collection vivifiante faite de m\u00e9langes de mati\u00e8res, d\u2019arts and crafts, de design italien pour un r\u00e9sultat tonique et boh\u00e8me. Une inspiration joyeuse qui r\u00e9veille les int\u00e9rieurs.<\/p>\n","protected":false},"excerpt":{"rendered":"<ul>\n<li>Composition : &#8220;Terre M\u00eal\u00e9e&#8221;<\/li>\n<li>Combinaison parfaite avec la bougie For\u00eat<\/li>\n<\/ul>\n","protected":false},"featured_media":2350590,"template":"","meta":{"_acf_changed":false,"content-type":"","_themeisle_gutenberg_block_has_review":false},"product_brand":[],"product_cat":[12536,16319,19973],"product_tag":[22790],"product_designer":[],"comfabric":[],"manufacturer":[21807],"reporting_designer":[],"samplecomfabric":[],"designer_clubroom":[21811],"class_list":{"0":"post-2197721","1":"product","2":"type-product","3":"status-publish","4":"has-post-thumbnail","6":"clubroom_taxonomies-gift-room","7":"product_cat-plateaux-vide-poche","8":"product_cat-cartes-cadeaux","9":"product_cat-accessoires-pour-la-maison","10":"product_tag-disponible-immediatement","11":"manufacturer-gilles-dewavrin-fr","12":"clubroom_product_designer-gilles-dewavrin-fr","13":"exhibitions-new-york-fr","14":"exhibitions-londres-fr","16":"first","17":"instock","18":"taxable","19":"shipping-taxable","20":"purchasable","21":"product-type-simple"},"acf":[],"_links":{"self":[{"href":"https:\/\/theinvisiblecollection.com\/fr\/wp-json\/wp\/v2\/product\/2197721","targetHints":{"allow":["GET"]}}],"collection":[{"href":"https:\/\/theinvisiblecollection.com\/fr\/wp-json\/wp\/v2\/product"}],"about":[{"href":"https:\/\/theinvisiblecollection.com\/fr\/wp-json\/wp\/v2\/types\/product"}],"wp:featuredmedia":[{"embeddable":true,"href":"https:\/\/theinvisiblecollection.com\/fr\/wp-json\/wp\/v2\/media\/2350590"}],"wp:attachment":[{"href":"https:\/\/theinvisiblecollection.com\/fr\/wp-json\/wp\/v2\/media?parent=2197721"}],"wp:term":[{"taxonomy":"product_brand","embeddable":true,"href":"https:\/\/theinvisiblecollection.com\/fr\/wp-json\/wp\/v2\/product_brand?post=2197721"},{"taxonomy":"product_cat","embeddable":true,"href":"https:\/\/theinvisiblecollection.com\/fr\/wp-json\/wp\/v2\/product_cat?post=2197721"},{"taxonomy":"product_tag","embeddable":true,"href":"https:\/\/theinvisiblecollection.com\/fr\/wp-json\/wp\/v2\/product_tag?post=2197721"},{"taxonomy":"product_designer","embeddable":true,"href":"https:\/\/theinvisiblecollection.com\/fr\/wp-json\/wp\/v2\/product_designer?post=2197721"},{"taxonomy":"comfabric","embeddable":true,"href":"https:\/\/theinvisiblecollection.com\/fr\/wp-json\/wp\/v2\/comfabric?post=2197721"},{"taxonomy":"manufacturer","embeddable":true,"href":"https:\/\/theinvisiblecollection.com\/fr\/wp-json\/wp\/v2\/manufacturer?post=2197721"},{"taxonomy":"reporting_designer","embeddable":true,"href":"https:\/\/theinvisiblecollection.com\/fr\/wp-json\/wp\/v2\/reporting_designer?post=2197721"},{"taxonomy":"samplecomfabric","embeddable":true,"href":"https:\/\/theinvisiblecollection.com\/fr\/wp-json\/wp\/v2\/samplecomfabric?post=2197721"},{"taxonomy":"clubroom_product_designer","embeddable":true,"href":"https:\/\/theinvisiblecollection.com\/fr\/wp-json\/wp\/v2\/designer_clubroom?post=2197721"}],"curies":[{"name":"wp","href":"https:\/\/api.w.org\/{rel}","templated":true}]}}