{"id":2197845,"date":"2023-03-14T11:28:07","date_gmt":"2023-03-14T10:28:07","guid":{"rendered":"https:\/\/theinvisiblecollection.com\/?post_type=product&#038;p=2197845"},"modified":"2026-05-01T07:38:16","modified_gmt":"2026-05-01T07:38:16","slug":"gilles-dewavrin-plateau-double-foret","status":"publish","type":"product","link":"https:\/\/theinvisiblecollection.com\/fr\/produit\/gilles-dewavrin-plateau-double-foret\/","title":{"rendered":"Plateau Double For\u00eat"},"content":{"rendered":"<p style=\"text-align: justify\">Une collection vivifiante faite de m\u00e9langes de mati\u00e8res, d\u2019arts and crafts, de design italien pour un r\u00e9sultat tonique et boh\u00e8me. Une inspiration joyeuse qui r\u00e9veille les int\u00e9rieurs.<\/p>\n","protected":false},"excerpt":{"rendered":"<ul>\n<li>Composition : &#8220;Terre M\u00eal\u00e9e&#8221;<\/li>\n<li>Combinaison parfaite avec deux bougies For\u00eat<\/li>\n<\/ul>\n","protected":false},"featured_media":2350138,"template":"","meta":{"_acf_changed":false,"content-type":"","_themeisle_gutenberg_block_has_review":false},"product_brand":[],"product_cat":[19973,12536,16319],"product_tag":[22790],"product_designer":[],"comfabric":[],"manufacturer":[21807],"reporting_designer":[],"samplecomfabric":[],"designer_clubroom":[21811],"class_list":{"0":"post-2197845","1":"product","2":"type-product","3":"status-publish","4":"has-post-thumbnail","6":"clubroom_taxonomies-gift-room","7":"product_cat-accessoires-pour-la-maison","8":"product_cat-plateaux-vide-poche","9":"product_cat-cartes-cadeaux","10":"product_tag-disponible-immediatement","11":"manufacturer-gilles-dewavrin-fr","12":"clubroom_product_designer-gilles-dewavrin-fr","13":"exhibitions-new-york-fr","14":"exhibitions-londres-fr","16":"first","17":"instock","18":"taxable","19":"shipping-taxable","20":"purchasable","21":"product-type-simple"},"acf":[],"_links":{"self":[{"href":"https:\/\/theinvisiblecollection.com\/fr\/wp-json\/wp\/v2\/product\/2197845","targetHints":{"allow":["GET"]}}],"collection":[{"href":"https:\/\/theinvisiblecollection.com\/fr\/wp-json\/wp\/v2\/product"}],"about":[{"href":"https:\/\/theinvisiblecollection.com\/fr\/wp-json\/wp\/v2\/types\/product"}],"wp:featuredmedia":[{"embeddable":true,"href":"https:\/\/theinvisiblecollection.com\/fr\/wp-json\/wp\/v2\/media\/2350138"}],"wp:attachment":[{"href":"https:\/\/theinvisiblecollection.com\/fr\/wp-json\/wp\/v2\/media?parent=2197845"}],"wp:term":[{"taxonomy":"product_brand","embeddable":true,"href":"https:\/\/theinvisiblecollection.com\/fr\/wp-json\/wp\/v2\/product_brand?post=2197845"},{"taxonomy":"product_cat","embeddable":true,"href":"https:\/\/theinvisiblecollection.com\/fr\/wp-json\/wp\/v2\/product_cat?post=2197845"},{"taxonomy":"product_tag","embeddable":true,"href":"https:\/\/theinvisiblecollection.com\/fr\/wp-json\/wp\/v2\/product_tag?post=2197845"},{"taxonomy":"product_designer","embeddable":true,"href":"https:\/\/theinvisiblecollection.com\/fr\/wp-json\/wp\/v2\/product_designer?post=2197845"},{"taxonomy":"comfabric","embeddable":true,"href":"https:\/\/theinvisiblecollection.com\/fr\/wp-json\/wp\/v2\/comfabric?post=2197845"},{"taxonomy":"manufacturer","embeddable":true,"href":"https:\/\/theinvisiblecollection.com\/fr\/wp-json\/wp\/v2\/manufacturer?post=2197845"},{"taxonomy":"reporting_designer","embeddable":true,"href":"https:\/\/theinvisiblecollection.com\/fr\/wp-json\/wp\/v2\/reporting_designer?post=2197845"},{"taxonomy":"samplecomfabric","embeddable":true,"href":"https:\/\/theinvisiblecollection.com\/fr\/wp-json\/wp\/v2\/samplecomfabric?post=2197845"},{"taxonomy":"clubroom_product_designer","embeddable":true,"href":"https:\/\/theinvisiblecollection.com\/fr\/wp-json\/wp\/v2\/designer_clubroom?post=2197845"}],"curies":[{"name":"wp","href":"https:\/\/api.w.org\/{rel}","templated":true}]}}