{"id":2202062,"date":"2023-03-14T16:05:37","date_gmt":"2023-03-14T15:05:37","guid":{"rendered":"https:\/\/theinvisiblecollection.com\/?post_type=product&#038;p=2202062"},"modified":"2026-05-01T07:38:16","modified_gmt":"2026-05-01T07:38:16","slug":"gilles-dewavrin-bougie-alsace","status":"publish","type":"product","link":"https:\/\/theinvisiblecollection.com\/fr\/produit\/gilles-dewavrin-bougie-alsace\/","title":{"rendered":"Bougie Alsace"},"content":{"rendered":"<p style=\"text-align: justify;\">Une collection vivifiante faite de m\u00e9langes de mati\u00e8res, d\u2019arts and crafts, de design italien pour un r\u00e9sultat tonique et boh\u00e8me. Une inspiration joyeuse qui r\u00e9veille les int\u00e9rieurs.<\/p>\n","protected":false},"excerpt":{"rendered":"<ul>\n<li>Bougie<\/li>\n<li>Composition : &#8220;Terre M\u00eal\u00e9e&#8221;<\/li>\n<li>Avec ou sans recharge &#8211; parfum : Tea Garden Express<\/li>\n<li>Combinaison parfaite avec le plateau simple ou double Alsace<\/li>\n<\/ul>\n","protected":false},"featured_media":2202087,"template":"","meta":{"_acf_changed":false,"content-type":"","_themeisle_gutenberg_block_has_review":false},"product_brand":[],"product_cat":[12529,16319,19973],"product_tag":[22790,31477],"product_designer":[],"comfabric":[],"manufacturer":[21807],"reporting_designer":[],"samplecomfabric":[],"designer_clubroom":[21811],"class_list":{"0":"post-2202062","1":"product","2":"type-product","3":"status-publish","4":"has-post-thumbnail","6":"clubroom_taxonomies-gift-room","7":"product_cat-bougies-bougeoirs","8":"product_cat-cartes-cadeaux","9":"product_cat-accessoires-pour-la-maison","10":"product_tag-disponible-immediatement","11":"product_tag-st-curvy-fr","12":"pa_choice-avec-recharge","13":"pa_choice-sans-recharge","14":"manufacturer-gilles-dewavrin-fr","15":"clubroom_product_designer-gilles-dewavrin-fr","16":"exhibitions-paris-fr","17":"exhibitions-new-york-fr","18":"exhibitions-londres-fr","20":"first","21":"instock","22":"taxable","23":"shipping-taxable","24":"purchasable","25":"product-type-variable"},"acf":[],"_links":{"self":[{"href":"https:\/\/theinvisiblecollection.com\/fr\/wp-json\/wp\/v2\/product\/2202062","targetHints":{"allow":["GET"]}}],"collection":[{"href":"https:\/\/theinvisiblecollection.com\/fr\/wp-json\/wp\/v2\/product"}],"about":[{"href":"https:\/\/theinvisiblecollection.com\/fr\/wp-json\/wp\/v2\/types\/product"}],"wp:featuredmedia":[{"embeddable":true,"href":"https:\/\/theinvisiblecollection.com\/fr\/wp-json\/wp\/v2\/media\/2202087"}],"wp:attachment":[{"href":"https:\/\/theinvisiblecollection.com\/fr\/wp-json\/wp\/v2\/media?parent=2202062"}],"wp:term":[{"taxonomy":"product_brand","embeddable":true,"href":"https:\/\/theinvisiblecollection.com\/fr\/wp-json\/wp\/v2\/product_brand?post=2202062"},{"taxonomy":"product_cat","embeddable":true,"href":"https:\/\/theinvisiblecollection.com\/fr\/wp-json\/wp\/v2\/product_cat?post=2202062"},{"taxonomy":"product_tag","embeddable":true,"href":"https:\/\/theinvisiblecollection.com\/fr\/wp-json\/wp\/v2\/product_tag?post=2202062"},{"taxonomy":"product_designer","embeddable":true,"href":"https:\/\/theinvisiblecollection.com\/fr\/wp-json\/wp\/v2\/product_designer?post=2202062"},{"taxonomy":"comfabric","embeddable":true,"href":"https:\/\/theinvisiblecollection.com\/fr\/wp-json\/wp\/v2\/comfabric?post=2202062"},{"taxonomy":"manufacturer","embeddable":true,"href":"https:\/\/theinvisiblecollection.com\/fr\/wp-json\/wp\/v2\/manufacturer?post=2202062"},{"taxonomy":"reporting_designer","embeddable":true,"href":"https:\/\/theinvisiblecollection.com\/fr\/wp-json\/wp\/v2\/reporting_designer?post=2202062"},{"taxonomy":"samplecomfabric","embeddable":true,"href":"https:\/\/theinvisiblecollection.com\/fr\/wp-json\/wp\/v2\/samplecomfabric?post=2202062"},{"taxonomy":"clubroom_product_designer","embeddable":true,"href":"https:\/\/theinvisiblecollection.com\/fr\/wp-json\/wp\/v2\/designer_clubroom?post=2202062"}],"curies":[{"name":"wp","href":"https:\/\/api.w.org\/{rel}","templated":true}]}}