{"id":2202802,"date":"2023-03-14T18:31:24","date_gmt":"2023-03-14T17:31:24","guid":{"rendered":"https:\/\/theinvisiblecollection.com\/?post_type=product&#038;p=2202802"},"modified":"2026-05-01T07:38:16","modified_gmt":"2026-05-01T07:38:16","slug":"gilles-dewavrin-recharge-de-bougie-tea-garden-express","status":"publish","type":"product","link":"https:\/\/theinvisiblecollection.com\/fr\/produit\/gilles-dewavrin-recharge-de-bougie-tea-garden-express\/","title":{"rendered":"Recharge de Bougie Tea Garden Express"},"content":{"rendered":"<p style=\"text-align: justify;\">Un voyage en train, la magie s\u2019op\u00e8re. Celui-ci parcourt l\u2019Inde; immobile derri\u00e8re la fen\u00eatre du compartiment, un paysage d\u00e9file \u00e9voquant une destination chaleureuse et color\u00e9e. Th\u00e9, jasmin, rose, fleur d\u2019oranger : ces parfums nous attendent a l\u2019arriv\u00e9e, sur le quai de la gare, pour nous accueillir et nous s\u00e9duire.<\/p>\n","protected":false},"excerpt":{"rendered":"<ul>\n<li>Parfum Tea Garden Express<\/li>\n<li>Association avec les contenants Morris, Alsace, For\u00eat ou Stone<\/li>\n<\/ul>\n","protected":false},"featured_media":2202777,"template":"","meta":{"_acf_changed":false,"content-type":"","_themeisle_gutenberg_block_has_review":false},"product_brand":[],"product_cat":[12529,19973],"product_tag":[22790],"product_designer":[],"comfabric":[],"manufacturer":[21807],"reporting_designer":[],"samplecomfabric":[],"designer_clubroom":[21811],"class_list":{"0":"post-2202802","1":"product","2":"type-product","3":"status-publish","4":"has-post-thumbnail","6":"clubroom_taxonomies-gift-room","7":"product_cat-bougies-bougeoirs","8":"product_cat-accessoires-pour-la-maison","9":"product_tag-disponible-immediatement","10":"manufacturer-gilles-dewavrin-fr","11":"clubroom_product_designer-gilles-dewavrin-fr","12":"exhibitions-paris-fr","13":"exhibitions-new-york-fr","14":"exhibitions-londres-fr","16":"first","17":"instock","18":"taxable","19":"shipping-taxable","20":"purchasable","21":"product-type-simple"},"acf":[],"_links":{"self":[{"href":"https:\/\/theinvisiblecollection.com\/fr\/wp-json\/wp\/v2\/product\/2202802","targetHints":{"allow":["GET"]}}],"collection":[{"href":"https:\/\/theinvisiblecollection.com\/fr\/wp-json\/wp\/v2\/product"}],"about":[{"href":"https:\/\/theinvisiblecollection.com\/fr\/wp-json\/wp\/v2\/types\/product"}],"wp:featuredmedia":[{"embeddable":true,"href":"https:\/\/theinvisiblecollection.com\/fr\/wp-json\/wp\/v2\/media\/2202777"}],"wp:attachment":[{"href":"https:\/\/theinvisiblecollection.com\/fr\/wp-json\/wp\/v2\/media?parent=2202802"}],"wp:term":[{"taxonomy":"product_brand","embeddable":true,"href":"https:\/\/theinvisiblecollection.com\/fr\/wp-json\/wp\/v2\/product_brand?post=2202802"},{"taxonomy":"product_cat","embeddable":true,"href":"https:\/\/theinvisiblecollection.com\/fr\/wp-json\/wp\/v2\/product_cat?post=2202802"},{"taxonomy":"product_tag","embeddable":true,"href":"https:\/\/theinvisiblecollection.com\/fr\/wp-json\/wp\/v2\/product_tag?post=2202802"},{"taxonomy":"product_designer","embeddable":true,"href":"https:\/\/theinvisiblecollection.com\/fr\/wp-json\/wp\/v2\/product_designer?post=2202802"},{"taxonomy":"comfabric","embeddable":true,"href":"https:\/\/theinvisiblecollection.com\/fr\/wp-json\/wp\/v2\/comfabric?post=2202802"},{"taxonomy":"manufacturer","embeddable":true,"href":"https:\/\/theinvisiblecollection.com\/fr\/wp-json\/wp\/v2\/manufacturer?post=2202802"},{"taxonomy":"reporting_designer","embeddable":true,"href":"https:\/\/theinvisiblecollection.com\/fr\/wp-json\/wp\/v2\/reporting_designer?post=2202802"},{"taxonomy":"samplecomfabric","embeddable":true,"href":"https:\/\/theinvisiblecollection.com\/fr\/wp-json\/wp\/v2\/samplecomfabric?post=2202802"},{"taxonomy":"clubroom_product_designer","embeddable":true,"href":"https:\/\/theinvisiblecollection.com\/fr\/wp-json\/wp\/v2\/designer_clubroom?post=2202802"}],"curies":[{"name":"wp","href":"https:\/\/api.w.org\/{rel}","templated":true}]}}