{"id":2207791,"date":"2023-03-15T12:24:01","date_gmt":"2023-03-15T11:24:01","guid":{"rendered":"https:\/\/theinvisiblecollection.com\/?post_type=product&#038;p=2207791"},"modified":"2026-05-01T07:38:16","modified_gmt":"2026-05-01T07:38:16","slug":"atelier-pendhapa-banc-akar","status":"publish","type":"product","link":"https:\/\/theinvisiblecollection.com\/fr\/produit\/atelier-pendhapa-banc-akar\/","title":{"rendered":"Banc Akar Teck"},"content":{"rendered":"<p style=\"text-align: justify;\" data-pm-slice=\"1 1 []\">Avec la collection Akar, qui fait r\u00e9f\u00e9rence au mot \u201cracines\u201d en indon\u00e9sien, l\u2019Atelier Pendhapa a repouss\u00e9 les limites de ce qui peut \u00eatre fait en bois massif aujourd\u2019hui en utilisant le bois dans sa forme la plus organique. Le design des \u00e9l\u00e9ments en bois massif d\u00e9fie la gravit\u00e9 en ondulant autour du tissu.\u00a0La collection est r\u00e9alis\u00e9e en collaboration avec M\u00e9taphores, le c\u00e9l\u00e8bre \u00e9diteur de tissus, soci\u00e9t\u00e9 soeur\u00a0 d&#8217;Herm\u00e8s. Chaque pi\u00e8ce en \u00e9dition limit\u00e9e pr\u00e9sente un tissu en crin diff\u00e9rent,d\u00e9v\u00e9lop\u00e9 par M\u00e9taphores, un savoir-faire unique au monde, lab\u00e9lis\u00e9 Entreprise du Patrimoine Vivant.\u00a0 \u00a0Les cadres en bois rappellent des pi\u00e8ces de joaillerie, tandis que les coussins en tissu de crin ressemblent \u00e0 des pierres pr\u00e9cieuses mont\u00e9es.<\/p>\n","protected":false},"excerpt":{"rendered":"<p>Avec la collection Akar, qui fait r\u00e9f\u00e9rence au mot \u201cracines\u201d en indon\u00e9sien, l\u2019Atelier Pendhapa a repouss\u00e9 les limites de ce qui peut \u00eatre fait en bois massif aujourd\u2019hui en utilisant le bois dans sa forme la plus organique. Le design des \u00e9l\u00e9ments en bois massif d\u00e9fie la gravit\u00e9 en ondulant autour du tissu.\u00a0La collection est [&hellip;]<\/p>\n","protected":false},"featured_media":2207836,"template":"","meta":{"_acf_changed":false,"content-type":"","_themeisle_gutenberg_block_has_review":false},"product_brand":[],"product_cat":[8947,12499,13076],"product_tag":[31477],"product_designer":[13525],"comfabric":[],"manufacturer":[23071],"reporting_designer":[37189],"samplecomfabric":[],"designer_clubroom":[],"class_list":{"0":"post-2207791","1":"product","2":"type-product","3":"status-publish","4":"has-post-thumbnail","6":"product_cat-bancs","7":"product_cat-assises","8":"product_cat-bureau-a-la-maison","9":"product_tag-st-curvy-fr","10":"product_designer-atelier-pendhapa-fr","11":"manufacturer-atelier-pendhapa-pick-up-fr","12":"reporting_designer-atelier-pendhapa","14":"first","15":"instock","16":"taxable","17":"shipping-taxable","18":"purchasable","19":"product-type-variable"},"acf":[],"_links":{"self":[{"href":"https:\/\/theinvisiblecollection.com\/fr\/wp-json\/wp\/v2\/product\/2207791","targetHints":{"allow":["GET"]}}],"collection":[{"href":"https:\/\/theinvisiblecollection.com\/fr\/wp-json\/wp\/v2\/product"}],"about":[{"href":"https:\/\/theinvisiblecollection.com\/fr\/wp-json\/wp\/v2\/types\/product"}],"wp:featuredmedia":[{"embeddable":true,"href":"https:\/\/theinvisiblecollection.com\/fr\/wp-json\/wp\/v2\/media\/2207836"}],"wp:attachment":[{"href":"https:\/\/theinvisiblecollection.com\/fr\/wp-json\/wp\/v2\/media?parent=2207791"}],"wp:term":[{"taxonomy":"product_brand","embeddable":true,"href":"https:\/\/theinvisiblecollection.com\/fr\/wp-json\/wp\/v2\/product_brand?post=2207791"},{"taxonomy":"product_cat","embeddable":true,"href":"https:\/\/theinvisiblecollection.com\/fr\/wp-json\/wp\/v2\/product_cat?post=2207791"},{"taxonomy":"product_tag","embeddable":true,"href":"https:\/\/theinvisiblecollection.com\/fr\/wp-json\/wp\/v2\/product_tag?post=2207791"},{"taxonomy":"product_designer","embeddable":true,"href":"https:\/\/theinvisiblecollection.com\/fr\/wp-json\/wp\/v2\/product_designer?post=2207791"},{"taxonomy":"comfabric","embeddable":true,"href":"https:\/\/theinvisiblecollection.com\/fr\/wp-json\/wp\/v2\/comfabric?post=2207791"},{"taxonomy":"manufacturer","embeddable":true,"href":"https:\/\/theinvisiblecollection.com\/fr\/wp-json\/wp\/v2\/manufacturer?post=2207791"},{"taxonomy":"reporting_designer","embeddable":true,"href":"https:\/\/theinvisiblecollection.com\/fr\/wp-json\/wp\/v2\/reporting_designer?post=2207791"},{"taxonomy":"samplecomfabric","embeddable":true,"href":"https:\/\/theinvisiblecollection.com\/fr\/wp-json\/wp\/v2\/samplecomfabric?post=2207791"},{"taxonomy":"clubroom_product_designer","embeddable":true,"href":"https:\/\/theinvisiblecollection.com\/fr\/wp-json\/wp\/v2\/designer_clubroom?post=2207791"}],"curies":[{"name":"wp","href":"https:\/\/api.w.org\/{rel}","templated":true}]}}