{"id":2221689,"date":"2023-03-16T16:47:48","date_gmt":"2023-03-16T15:47:48","guid":{"rendered":"https:\/\/theinvisiblecollection.com\/?post_type=product&#038;p=2221689"},"modified":"2026-05-01T07:38:14","modified_gmt":"2026-05-01T07:38:14","slug":"tatiana-alida-design-petit-mug-a-anse-jaune","status":"publish","type":"product","link":"https:\/\/theinvisiblecollection.com\/fr\/produit\/tatiana-alida-design-petit-mug-a-anse-jaune\/","title":{"rendered":"Petit mug \u00e0 anse Jaune"},"content":{"rendered":"<p style=\"text-align: justify;\">Le geste inimitable de Tatiana signe la beaut\u00e9 incomparable de ce mug, de quoi \u00e9gayer le petit-d\u00e9jeuner ! Cette c\u00e9ramique r\u00e9alis\u00e9e \u00e0 la main est enti\u00e8rement con\u00e7ue en Grande-Bretagne.<\/p>\n","protected":false},"excerpt":{"rendered":"<ul>\n<li>Composition : c\u00e9ramique peinte \u00e0 la main<\/li>\n<\/ul>\n","protected":false},"featured_media":2221760,"template":"","meta":{"_acf_changed":false,"content-type":"","_themeisle_gutenberg_block_has_review":false},"product_brand":[],"product_cat":[12535,16319,19973,19981,19982],"product_tag":[22790],"product_designer":[],"comfabric":[],"manufacturer":[19786],"reporting_designer":[],"samplecomfabric":[],"designer_clubroom":[20495],"class_list":{"0":"post-2221689","1":"product","2":"type-product","3":"status-publish","4":"has-post-thumbnail","6":"clubroom_taxonomies-gift-room","7":"product_cat-arts-de-la-table","8":"product_cat-cartes-cadeaux","9":"product_cat-accessoires-pour-la-maison","10":"product_cat-art-de-la-table","11":"product_cat-tasse-a-the-et-mugs","12":"product_tag-disponible-immediatement","13":"manufacturer-tatiana-alida-design-fr","14":"clubroom_product_designer-tatiana-alida-design-fr","15":"exhibitions-londres-fr","17":"first","18":"instock","19":"taxable","20":"shipping-taxable","21":"purchasable","22":"product-type-simple"},"acf":[],"_links":{"self":[{"href":"https:\/\/theinvisiblecollection.com\/fr\/wp-json\/wp\/v2\/product\/2221689","targetHints":{"allow":["GET"]}}],"collection":[{"href":"https:\/\/theinvisiblecollection.com\/fr\/wp-json\/wp\/v2\/product"}],"about":[{"href":"https:\/\/theinvisiblecollection.com\/fr\/wp-json\/wp\/v2\/types\/product"}],"wp:featuredmedia":[{"embeddable":true,"href":"https:\/\/theinvisiblecollection.com\/fr\/wp-json\/wp\/v2\/media\/2221760"}],"wp:attachment":[{"href":"https:\/\/theinvisiblecollection.com\/fr\/wp-json\/wp\/v2\/media?parent=2221689"}],"wp:term":[{"taxonomy":"product_brand","embeddable":true,"href":"https:\/\/theinvisiblecollection.com\/fr\/wp-json\/wp\/v2\/product_brand?post=2221689"},{"taxonomy":"product_cat","embeddable":true,"href":"https:\/\/theinvisiblecollection.com\/fr\/wp-json\/wp\/v2\/product_cat?post=2221689"},{"taxonomy":"product_tag","embeddable":true,"href":"https:\/\/theinvisiblecollection.com\/fr\/wp-json\/wp\/v2\/product_tag?post=2221689"},{"taxonomy":"product_designer","embeddable":true,"href":"https:\/\/theinvisiblecollection.com\/fr\/wp-json\/wp\/v2\/product_designer?post=2221689"},{"taxonomy":"comfabric","embeddable":true,"href":"https:\/\/theinvisiblecollection.com\/fr\/wp-json\/wp\/v2\/comfabric?post=2221689"},{"taxonomy":"manufacturer","embeddable":true,"href":"https:\/\/theinvisiblecollection.com\/fr\/wp-json\/wp\/v2\/manufacturer?post=2221689"},{"taxonomy":"reporting_designer","embeddable":true,"href":"https:\/\/theinvisiblecollection.com\/fr\/wp-json\/wp\/v2\/reporting_designer?post=2221689"},{"taxonomy":"samplecomfabric","embeddable":true,"href":"https:\/\/theinvisiblecollection.com\/fr\/wp-json\/wp\/v2\/samplecomfabric?post=2221689"},{"taxonomy":"clubroom_product_designer","embeddable":true,"href":"https:\/\/theinvisiblecollection.com\/fr\/wp-json\/wp\/v2\/designer_clubroom?post=2221689"}],"curies":[{"name":"wp","href":"https:\/\/api.w.org\/{rel}","templated":true}]}}