{"id":2224945,"date":"2023-03-17T12:12:19","date_gmt":"2023-03-17T11:12:19","guid":{"rendered":"https:\/\/theinvisiblecollection.com\/?post_type=product&#038;p=2224945"},"modified":"2026-05-08T04:39:30","modified_gmt":"2026-05-08T04:39:30","slug":"clubroom-osanna-visconti-bougeoir-alga-double","status":"publish","type":"product","link":"https:\/\/theinvisiblecollection.com\/fr\/produit\/clubroom-osanna-visconti-bougeoir-alga-double\/","title":{"rendered":"Bougeoir Alga Double"},"content":{"rendered":"<p style=\"text-align: justify;\">Ce bougeoir en bronze naturel, hommage po\u00e9tique \u00e0 la nature, est r\u00e9alis\u00e9 selon l&#8217;ancienne technique de la cire perdue. Sa silhouette \u00e9lanc\u00e9e \u00e9voque la ligne gracieuse des algues.<\/p>\n","protected":false},"excerpt":{"rendered":"<ul>\n<li>Bougeoir<\/li>\n<li>Composition : bronze naturel r\u00e9alis\u00e9 avec la technique de la cire perdue<\/li>\n<li>Chaque pi\u00e8ce est unique<\/li>\n<\/ul>\n","protected":false},"featured_media":2225027,"template":"","meta":{"_acf_changed":false,"content-type":"","_themeisle_gutenberg_block_has_review":false},"product_brand":[],"product_cat":[12529,12531,12535,16319,19973],"product_tag":[31476],"product_designer":[8873],"comfabric":[],"manufacturer":[16737],"reporting_designer":[37502],"samplecomfabric":[],"designer_clubroom":[20496],"class_list":{"0":"post-2224945","1":"product","2":"type-product","3":"status-publish","4":"has-post-thumbnail","6":"clubroom_taxonomies-gift-room","7":"clubroom_taxonomies-the-guest-room-fr","8":"product_cat-bougies-bougeoirs","9":"product_cat-objets-de-decoration","10":"product_cat-arts-de-la-table","11":"product_cat-cartes-cadeaux","12":"product_cat-accessoires-pour-la-maison","13":"product_tag-st-collectible-fr","14":"product_designer-osanna-visconti-fr","15":"manufacturer-osanna-visconti-fr","16":"reporting_designer-osanna-visconti","17":"clubroom_product_designer-osanna-visconti-fr","19":"first","20":"onbackorder","21":"taxable","22":"shipping-taxable","23":"purchasable","24":"product-type-simple"},"acf":[],"_links":{"self":[{"href":"https:\/\/theinvisiblecollection.com\/fr\/wp-json\/wp\/v2\/product\/2224945","targetHints":{"allow":["GET"]}}],"collection":[{"href":"https:\/\/theinvisiblecollection.com\/fr\/wp-json\/wp\/v2\/product"}],"about":[{"href":"https:\/\/theinvisiblecollection.com\/fr\/wp-json\/wp\/v2\/types\/product"}],"wp:featuredmedia":[{"embeddable":true,"href":"https:\/\/theinvisiblecollection.com\/fr\/wp-json\/wp\/v2\/media\/2225027"}],"wp:attachment":[{"href":"https:\/\/theinvisiblecollection.com\/fr\/wp-json\/wp\/v2\/media?parent=2224945"}],"wp:term":[{"taxonomy":"product_brand","embeddable":true,"href":"https:\/\/theinvisiblecollection.com\/fr\/wp-json\/wp\/v2\/product_brand?post=2224945"},{"taxonomy":"product_cat","embeddable":true,"href":"https:\/\/theinvisiblecollection.com\/fr\/wp-json\/wp\/v2\/product_cat?post=2224945"},{"taxonomy":"product_tag","embeddable":true,"href":"https:\/\/theinvisiblecollection.com\/fr\/wp-json\/wp\/v2\/product_tag?post=2224945"},{"taxonomy":"product_designer","embeddable":true,"href":"https:\/\/theinvisiblecollection.com\/fr\/wp-json\/wp\/v2\/product_designer?post=2224945"},{"taxonomy":"comfabric","embeddable":true,"href":"https:\/\/theinvisiblecollection.com\/fr\/wp-json\/wp\/v2\/comfabric?post=2224945"},{"taxonomy":"manufacturer","embeddable":true,"href":"https:\/\/theinvisiblecollection.com\/fr\/wp-json\/wp\/v2\/manufacturer?post=2224945"},{"taxonomy":"reporting_designer","embeddable":true,"href":"https:\/\/theinvisiblecollection.com\/fr\/wp-json\/wp\/v2\/reporting_designer?post=2224945"},{"taxonomy":"samplecomfabric","embeddable":true,"href":"https:\/\/theinvisiblecollection.com\/fr\/wp-json\/wp\/v2\/samplecomfabric?post=2224945"},{"taxonomy":"clubroom_product_designer","embeddable":true,"href":"https:\/\/theinvisiblecollection.com\/fr\/wp-json\/wp\/v2\/designer_clubroom?post=2224945"}],"curies":[{"name":"wp","href":"https:\/\/api.w.org\/{rel}","templated":true}]}}