{"id":2225942,"date":"2023-03-17T16:37:47","date_gmt":"2023-03-17T15:37:47","guid":{"rendered":"https:\/\/theinvisiblecollection.com\/?post_type=product&#038;p=2225942"},"modified":"2026-05-08T04:39:30","modified_gmt":"2026-05-08T04:39:30","slug":"osanna-visconti-set-bougie-parfumee","status":"publish","type":"product","link":"https:\/\/theinvisiblecollection.com\/fr\/produit\/osanna-visconti-set-bougie-parfumee\/","title":{"rendered":"Set bougie parfum\u00e9e"},"content":{"rendered":"<p style=\"text-align: justify;\">Cette bougie scell\u00e9e dans du verre ambr\u00e9 exalte toute la sensualit\u00e9 de la nature. Son odeur v\u00e9g\u00e9tale rencontre le min\u00e9ral \u00e0 travers des notes chaudes comme le patchouli, l&#8217;encens et l&#8217;ambre.<\/p>\n","protected":false},"excerpt":{"rendered":"<ul>\n<li>Bougie parfum\u00e9e dans du verre ambr\u00e9 et vase en bronze sculpt\u00e9 gr\u00e2ce \u00e0 la technique de la cire perdue<\/li>\n<li>Chaque pi\u00e8ce est unique<\/li>\n<li>Possibilit\u00e9 de recevoir uniquement la bougie parfum\u00e9e dans le verre ambr\u00e9 ou uniquement le vase en bronze<\/li>\n<li>Bougie 300g<\/li>\n<\/ul>\n","protected":false},"featured_media":2225998,"template":"","meta":{"_acf_changed":false,"content-type":"","_themeisle_gutenberg_block_has_review":false},"product_brand":[],"product_cat":[12529,12531,16319,19973],"product_tag":[22790],"product_designer":[8873],"comfabric":[],"manufacturer":[16737],"reporting_designer":[37502],"samplecomfabric":[],"designer_clubroom":[20496],"class_list":{"0":"post-2225942","1":"product","2":"type-product","3":"status-publish","4":"has-post-thumbnail","6":"clubroom_taxonomies-gift-room","7":"clubroom_taxonomies-the-guest-room-fr","8":"product_cat-bougies-bougeoirs","9":"product_cat-objets-de-decoration","10":"product_cat-cartes-cadeaux","11":"product_cat-accessoires-pour-la-maison","12":"product_tag-disponible-immediatement","13":"pa_choice-bougie-et-vase","14":"pa_choice-bougie-sans-vase","15":"pa_choice-vase-en-bronze","16":"product_designer-osanna-visconti-fr","17":"manufacturer-osanna-visconti-fr","18":"reporting_designer-osanna-visconti","19":"clubroom_product_designer-osanna-visconti-fr","21":"first","22":"onbackorder","23":"taxable","24":"shipping-taxable","25":"purchasable","26":"product-type-variable"},"acf":[],"_links":{"self":[{"href":"https:\/\/theinvisiblecollection.com\/fr\/wp-json\/wp\/v2\/product\/2225942","targetHints":{"allow":["GET"]}}],"collection":[{"href":"https:\/\/theinvisiblecollection.com\/fr\/wp-json\/wp\/v2\/product"}],"about":[{"href":"https:\/\/theinvisiblecollection.com\/fr\/wp-json\/wp\/v2\/types\/product"}],"wp:featuredmedia":[{"embeddable":true,"href":"https:\/\/theinvisiblecollection.com\/fr\/wp-json\/wp\/v2\/media\/2225998"}],"wp:attachment":[{"href":"https:\/\/theinvisiblecollection.com\/fr\/wp-json\/wp\/v2\/media?parent=2225942"}],"wp:term":[{"taxonomy":"product_brand","embeddable":true,"href":"https:\/\/theinvisiblecollection.com\/fr\/wp-json\/wp\/v2\/product_brand?post=2225942"},{"taxonomy":"product_cat","embeddable":true,"href":"https:\/\/theinvisiblecollection.com\/fr\/wp-json\/wp\/v2\/product_cat?post=2225942"},{"taxonomy":"product_tag","embeddable":true,"href":"https:\/\/theinvisiblecollection.com\/fr\/wp-json\/wp\/v2\/product_tag?post=2225942"},{"taxonomy":"product_designer","embeddable":true,"href":"https:\/\/theinvisiblecollection.com\/fr\/wp-json\/wp\/v2\/product_designer?post=2225942"},{"taxonomy":"comfabric","embeddable":true,"href":"https:\/\/theinvisiblecollection.com\/fr\/wp-json\/wp\/v2\/comfabric?post=2225942"},{"taxonomy":"manufacturer","embeddable":true,"href":"https:\/\/theinvisiblecollection.com\/fr\/wp-json\/wp\/v2\/manufacturer?post=2225942"},{"taxonomy":"reporting_designer","embeddable":true,"href":"https:\/\/theinvisiblecollection.com\/fr\/wp-json\/wp\/v2\/reporting_designer?post=2225942"},{"taxonomy":"samplecomfabric","embeddable":true,"href":"https:\/\/theinvisiblecollection.com\/fr\/wp-json\/wp\/v2\/samplecomfabric?post=2225942"},{"taxonomy":"clubroom_product_designer","embeddable":true,"href":"https:\/\/theinvisiblecollection.com\/fr\/wp-json\/wp\/v2\/designer_clubroom?post=2225942"}],"curies":[{"name":"wp","href":"https:\/\/api.w.org\/{rel}","templated":true}]}}