{"id":2226486,"date":"2023-03-17T17:32:17","date_gmt":"2023-03-17T16:32:17","guid":{"rendered":"https:\/\/theinvisiblecollection.com\/?post_type=product&#038;p=2226486"},"modified":"2026-05-01T07:38:14","modified_gmt":"2026-05-01T07:38:14","slug":"osanna-visconti-ensemble-sucrier","status":"publish","type":"product","link":"https:\/\/theinvisiblecollection.com\/fr\/produit\/osanna-visconti-ensemble-sucrier\/","title":{"rendered":"Ensemble Sucrier"},"content":{"rendered":"<p style=\"text-align: justify;\">Un sucrier unique en son genre en gr\u00e8s \u00e9maill\u00e9 associ\u00e9 \u00e0 une jolie cuill\u00e8re en bronze ou en argent 925 : un ensemble d\u00e9licat pour offrir la touche sophistiqu\u00e9e dont toute table a besoin.<\/p>\n","protected":false},"excerpt":{"rendered":"<ul>\n<li>Bol en gr\u00e8s \u00e9maill\u00e9 vendu avec une cuill\u00e8re en bronze ou avec une cuill\u00e8re en argent sterling 925<\/li>\n<li>Chaque pi\u00e8ce est unique<\/li>\n<\/ul>\n","protected":false},"featured_media":2350053,"template":"","meta":{"_acf_changed":false,"content-type":"","_themeisle_gutenberg_block_has_review":false},"product_brand":[],"product_cat":[12535,16319,19973,19981,19983],"product_tag":[22790],"product_designer":[8873],"comfabric":[],"manufacturer":[16737],"reporting_designer":[37502],"samplecomfabric":[],"designer_clubroom":[20496],"class_list":{"0":"post-2226486","1":"product","2":"type-product","3":"status-publish","4":"has-post-thumbnail","6":"clubroom_taxonomies-gift-room","7":"clubroom_taxonomies-the-guest-room-fr","8":"product_cat-arts-de-la-table","9":"product_cat-cartes-cadeaux","10":"product_cat-accessoires-pour-la-maison","11":"product_cat-art-de-la-table","12":"product_cat-bols","13":"product_tag-disponible-immediatement","14":"pa_material-1-bol-1-cuillere-en-argent-naturel-fr","15":"pa_material-1-bol-1-cuillere-en-bronze-naturel-fr","16":"pa_material-ensemble-2-bols-2-cuilleres-bronze-et-argent-naturel-fr","17":"product_designer-osanna-visconti-fr","18":"manufacturer-osanna-visconti-fr","19":"reporting_designer-osanna-visconti","20":"clubroom_product_designer-osanna-visconti-fr","21":"exhibitions-paris-fr","22":"exhibitions-londres-fr","24":"first","25":"instock","26":"taxable","27":"shipping-taxable","28":"product-type-variable"},"acf":[],"_links":{"self":[{"href":"https:\/\/theinvisiblecollection.com\/fr\/wp-json\/wp\/v2\/product\/2226486","targetHints":{"allow":["GET"]}}],"collection":[{"href":"https:\/\/theinvisiblecollection.com\/fr\/wp-json\/wp\/v2\/product"}],"about":[{"href":"https:\/\/theinvisiblecollection.com\/fr\/wp-json\/wp\/v2\/types\/product"}],"wp:featuredmedia":[{"embeddable":true,"href":"https:\/\/theinvisiblecollection.com\/fr\/wp-json\/wp\/v2\/media\/2350053"}],"wp:attachment":[{"href":"https:\/\/theinvisiblecollection.com\/fr\/wp-json\/wp\/v2\/media?parent=2226486"}],"wp:term":[{"taxonomy":"product_brand","embeddable":true,"href":"https:\/\/theinvisiblecollection.com\/fr\/wp-json\/wp\/v2\/product_brand?post=2226486"},{"taxonomy":"product_cat","embeddable":true,"href":"https:\/\/theinvisiblecollection.com\/fr\/wp-json\/wp\/v2\/product_cat?post=2226486"},{"taxonomy":"product_tag","embeddable":true,"href":"https:\/\/theinvisiblecollection.com\/fr\/wp-json\/wp\/v2\/product_tag?post=2226486"},{"taxonomy":"product_designer","embeddable":true,"href":"https:\/\/theinvisiblecollection.com\/fr\/wp-json\/wp\/v2\/product_designer?post=2226486"},{"taxonomy":"comfabric","embeddable":true,"href":"https:\/\/theinvisiblecollection.com\/fr\/wp-json\/wp\/v2\/comfabric?post=2226486"},{"taxonomy":"manufacturer","embeddable":true,"href":"https:\/\/theinvisiblecollection.com\/fr\/wp-json\/wp\/v2\/manufacturer?post=2226486"},{"taxonomy":"reporting_designer","embeddable":true,"href":"https:\/\/theinvisiblecollection.com\/fr\/wp-json\/wp\/v2\/reporting_designer?post=2226486"},{"taxonomy":"samplecomfabric","embeddable":true,"href":"https:\/\/theinvisiblecollection.com\/fr\/wp-json\/wp\/v2\/samplecomfabric?post=2226486"},{"taxonomy":"clubroom_product_designer","embeddable":true,"href":"https:\/\/theinvisiblecollection.com\/fr\/wp-json\/wp\/v2\/designer_clubroom?post=2226486"}],"curies":[{"name":"wp","href":"https:\/\/api.w.org\/{rel}","templated":true}]}}