{"id":2254070,"date":"2023-03-21T15:47:40","date_gmt":"2023-03-21T14:47:40","guid":{"rendered":"https:\/\/theinvisiblecollection.com\/?post_type=product&#038;p=2254070"},"modified":"2026-05-08T04:39:30","modified_gmt":"2026-05-08T04:39:30","slug":"galerie-mcde-pierre-chareau-lampe-fleur","status":"publish","type":"product","link":"https:\/\/theinvisiblecollection.com\/fr\/produit\/galerie-mcde-pierre-chareau-lampe-fleur\/","title":{"rendered":"Lampe Fleur"},"content":{"rendered":"<p><span class=\"TextRun SCXW183456378 BCX0\" lang=\"EN-GB\" xml:lang=\"EN-GB\" data-contrast=\"auto\"><span class=\"NormalTextRun SCXW183456378 BCX0\">Cr\u00e9\u00e9e<\/span> <span class=\"NormalTextRun SCXW183456378 BCX0\">en<\/span><span class=\"NormalTextRun SCXW183456378 BCX0\"> 1924, <\/span><span class=\"NormalTextRun SCXW183456378 BCX0\">cette<\/span> <span class=\"NormalTextRun SCXW183456378 BCX0\">lampe<\/span><span class=\"NormalTextRun SCXW183456378 BCX0\"> tire son <\/span><span class=\"NormalTextRun SCXW183456378 BCX0\">charme<\/span><span class=\"NormalTextRun SCXW183456378 BCX0\"> de son design contemporain et <\/span><span class=\"NormalTextRun SCXW183456378 BCX0\">complexe<\/span><span class=\"NormalTextRun SCXW183456378 BCX0\"> : <\/span><span class=\"NormalTextRun SCXW183456378 BCX0\">l&#8217;abat<\/span><span class=\"NormalTextRun SCXW183456378 BCX0\">-jour <\/span><span class=\"NormalTextRun SCXW183456378 BCX0\">devient<\/span> <span class=\"NormalTextRun SCXW183456378 BCX0\">une<\/span> <span class=\"NormalTextRun SCXW183456378 BCX0\">v\u00e9ritable<\/span><span class=\"NormalTextRun SCXW183456378 BCX0\"> sculpture entre les mains de Pierre <\/span><span class=\"NormalTextRun SCXW183456378 BCX0\">Chareau<\/span><span class=\"NormalTextRun SCXW183456378 BCX0\">.<\/span><\/span><span class=\"EOP SCXW183456378 BCX0\" data-ccp-props=\"{&quot;335551550&quot;:2,&quot;335551620&quot;:2}\">\u00a0<\/span><\/p>\n","protected":false},"excerpt":{"rendered":"<p>Con\u00e7ue par Pierre Chareau, re-\u00e9dit\u00e9e par Galerie MCDE<br \/>\nLampe de table compos\u00e9e de deux plaques d&#8217;alb\u00e2tre en quart de rond<br \/>\nAlb\u00e2tre blanc vein\u00e9 blanc ou alb\u00e2tre blanc vein\u00e9 marron<br \/>\nPossible de l&#8217;\u00e9lectrifier pour l&#8217;Europe (230 V) et les \u00c9tats-Unis (110 V)<br \/>\n1x ampoule incandescente E 14 40W ou ampoule fluocompacte E 14 10W requise, non incluse<\/p>\n<p>L 25 x l 22 x H 30 cm<\/p>\n<p>Fabriqu\u00e9e \u00e0 la main en France<br \/>\nD\u00e9lais de production : 5 semaines<\/p>\n<p class=\"p1\"><span style=\"text-decoration: underline;\"><span class=\"s1\"><a href=\"https:\/\/www.theinvisiblecollection.com\/fr\/demande-de-devis\/?product_id=80413\" target=\"_blank\" rel=\"noopener\">Contactez-nous pour toute demande de devis ou de renseignements<\/a><\/span><\/span><\/p>\n","protected":false},"featured_media":5854361,"template":"","meta":{"_acf_changed":false,"content-type":"","_themeisle_gutenberg_block_has_review":false},"product_brand":[],"product_cat":[8974,12507],"product_tag":[7435,11235,31476],"product_designer":[10239,13455],"comfabric":[],"manufacturer":[34907],"reporting_designer":[37389],"samplecomfabric":[],"designer_clubroom":[],"class_list":{"0":"post-2254070","1":"product","2":"type-product","3":"status-publish","4":"has-post-thumbnail","6":"product_cat-lampes-de-table","7":"product_cat-luminaires","8":"product_tag-new-in-fr","9":"product_tag-reedition-fr-fr","10":"product_tag-st-collectible-fr","11":"product_designer-pierre-chareau-fr","12":"product_designer-galerie-mcde-fr","13":"manufacturer-sefec-galerie-mcde-fr","14":"reporting_designer-pierre-chareau","16":"first","17":"instock","18":"taxable","19":"shipping-taxable","20":"purchasable","21":"product-type-variable"},"acf":[],"_links":{"self":[{"href":"https:\/\/theinvisiblecollection.com\/fr\/wp-json\/wp\/v2\/product\/2254070","targetHints":{"allow":["GET"]}}],"collection":[{"href":"https:\/\/theinvisiblecollection.com\/fr\/wp-json\/wp\/v2\/product"}],"about":[{"href":"https:\/\/theinvisiblecollection.com\/fr\/wp-json\/wp\/v2\/types\/product"}],"wp:featuredmedia":[{"embeddable":true,"href":"https:\/\/theinvisiblecollection.com\/fr\/wp-json\/wp\/v2\/media\/5854361"}],"wp:attachment":[{"href":"https:\/\/theinvisiblecollection.com\/fr\/wp-json\/wp\/v2\/media?parent=2254070"}],"wp:term":[{"taxonomy":"product_brand","embeddable":true,"href":"https:\/\/theinvisiblecollection.com\/fr\/wp-json\/wp\/v2\/product_brand?post=2254070"},{"taxonomy":"product_cat","embeddable":true,"href":"https:\/\/theinvisiblecollection.com\/fr\/wp-json\/wp\/v2\/product_cat?post=2254070"},{"taxonomy":"product_tag","embeddable":true,"href":"https:\/\/theinvisiblecollection.com\/fr\/wp-json\/wp\/v2\/product_tag?post=2254070"},{"taxonomy":"product_designer","embeddable":true,"href":"https:\/\/theinvisiblecollection.com\/fr\/wp-json\/wp\/v2\/product_designer?post=2254070"},{"taxonomy":"comfabric","embeddable":true,"href":"https:\/\/theinvisiblecollection.com\/fr\/wp-json\/wp\/v2\/comfabric?post=2254070"},{"taxonomy":"manufacturer","embeddable":true,"href":"https:\/\/theinvisiblecollection.com\/fr\/wp-json\/wp\/v2\/manufacturer?post=2254070"},{"taxonomy":"reporting_designer","embeddable":true,"href":"https:\/\/theinvisiblecollection.com\/fr\/wp-json\/wp\/v2\/reporting_designer?post=2254070"},{"taxonomy":"samplecomfabric","embeddable":true,"href":"https:\/\/theinvisiblecollection.com\/fr\/wp-json\/wp\/v2\/samplecomfabric?post=2254070"},{"taxonomy":"clubroom_product_designer","embeddable":true,"href":"https:\/\/theinvisiblecollection.com\/fr\/wp-json\/wp\/v2\/designer_clubroom?post=2254070"}],"curies":[{"name":"wp","href":"https:\/\/api.w.org\/{rel}","templated":true}]}}