{"id":2254585,"date":"2023-03-21T16:29:43","date_gmt":"2023-03-21T15:29:43","guid":{"rendered":"https:\/\/theinvisiblecollection.com\/?post_type=product&#038;p=2254585"},"modified":"2026-05-01T07:38:14","modified_gmt":"2026-05-01T07:38:14","slug":"emmanuel-levet-stenne-suspension-alabaster","status":"publish","type":"product","link":"https:\/\/theinvisiblecollection.com\/fr\/produit\/emmanuel-levet-stenne-suspension-alabaster\/","title":{"rendered":"Suspension Alabaster"},"content":{"rendered":"<p style=\"text-align: justify;\">L\u2019alb\u00e2tre est \u00e0 l\u2019honneur dans cette suspension d&#8217;Emmanuel Levet Stenne qui porte le nom de la mati\u00e8re qui la compose. L\u2019alb\u00e2tre par son opalescence r\u00e9v\u00e8le par la lumi\u00e8re qui la traverse sa singularit\u00e9. Le disque central en ardoise contraste par son opacit\u00e9 avec la blanc laiteux du gypse.<\/p>\n","protected":false},"excerpt":{"rendered":"<p>Lampe de table avec base en pl\u00e2tre<br \/>\n<span class=\"s1\">Bronze poli<br \/>\nDimmable<br \/>\nVernis possible sur demande<br \/>\n<\/span><\/p>\n<p>&nbsp;<\/p>\n<p>L 33 x l 23 x H 51 cm<\/p>\n<p>Fabriqu\u00e9e \u00e0 la main en France<br \/>\nD\u00e9lai de fabrication : 8 semaines<\/p>\n<p><span style=\"text-decoration: underline;\"><a href=\"https:\/\/www.theinvisiblecollection.com\/fr\/demande-de-devis\/?product_id=81402\">Contactez-nous pour toute demande de devis ou de renseignements<\/a><\/span><\/p>\n","protected":false},"featured_media":5883357,"template":"","meta":{"_acf_changed":false,"content-type":"","_themeisle_gutenberg_block_has_review":false},"product_brand":[],"product_cat":[8961,12507],"product_tag":[7435,35206],"product_designer":[13211],"comfabric":[],"manufacturer":[27900],"reporting_designer":[37695],"samplecomfabric":[],"designer_clubroom":[],"class_list":{"0":"post-2254585","1":"product","2":"type-product","3":"status-publish","4":"has-post-thumbnail","6":"product_cat-suspensions","7":"product_cat-luminaires","8":"product_tag-new-in-fr","9":"product_tag-exclusive-fr","10":"product_designer-emmanuel-levet-stenne-fr","11":"manufacturer-emmanuel-levet-stenne-atelier-bourron-marlotte-fr","12":"reporting_designer-emmanuel-levet-stenne","14":"first","15":"instock","16":"featured","17":"taxable","18":"shipping-taxable","19":"purchasable","20":"product-type-simple"},"acf":[],"_links":{"self":[{"href":"https:\/\/theinvisiblecollection.com\/fr\/wp-json\/wp\/v2\/product\/2254585","targetHints":{"allow":["GET"]}}],"collection":[{"href":"https:\/\/theinvisiblecollection.com\/fr\/wp-json\/wp\/v2\/product"}],"about":[{"href":"https:\/\/theinvisiblecollection.com\/fr\/wp-json\/wp\/v2\/types\/product"}],"wp:featuredmedia":[{"embeddable":true,"href":"https:\/\/theinvisiblecollection.com\/fr\/wp-json\/wp\/v2\/media\/5883357"}],"wp:attachment":[{"href":"https:\/\/theinvisiblecollection.com\/fr\/wp-json\/wp\/v2\/media?parent=2254585"}],"wp:term":[{"taxonomy":"product_brand","embeddable":true,"href":"https:\/\/theinvisiblecollection.com\/fr\/wp-json\/wp\/v2\/product_brand?post=2254585"},{"taxonomy":"product_cat","embeddable":true,"href":"https:\/\/theinvisiblecollection.com\/fr\/wp-json\/wp\/v2\/product_cat?post=2254585"},{"taxonomy":"product_tag","embeddable":true,"href":"https:\/\/theinvisiblecollection.com\/fr\/wp-json\/wp\/v2\/product_tag?post=2254585"},{"taxonomy":"product_designer","embeddable":true,"href":"https:\/\/theinvisiblecollection.com\/fr\/wp-json\/wp\/v2\/product_designer?post=2254585"},{"taxonomy":"comfabric","embeddable":true,"href":"https:\/\/theinvisiblecollection.com\/fr\/wp-json\/wp\/v2\/comfabric?post=2254585"},{"taxonomy":"manufacturer","embeddable":true,"href":"https:\/\/theinvisiblecollection.com\/fr\/wp-json\/wp\/v2\/manufacturer?post=2254585"},{"taxonomy":"reporting_designer","embeddable":true,"href":"https:\/\/theinvisiblecollection.com\/fr\/wp-json\/wp\/v2\/reporting_designer?post=2254585"},{"taxonomy":"samplecomfabric","embeddable":true,"href":"https:\/\/theinvisiblecollection.com\/fr\/wp-json\/wp\/v2\/samplecomfabric?post=2254585"},{"taxonomy":"clubroom_product_designer","embeddable":true,"href":"https:\/\/theinvisiblecollection.com\/fr\/wp-json\/wp\/v2\/designer_clubroom?post=2254585"}],"curies":[{"name":"wp","href":"https:\/\/api.w.org\/{rel}","templated":true}]}}