{"id":2264749,"date":"2023-03-23T18:29:51","date_gmt":"2023-03-23T17:29:51","guid":{"rendered":"https:\/\/theinvisiblecollection.com\/?post_type=product&#038;p=2264749"},"modified":"2026-05-01T07:38:14","modified_gmt":"2026-05-01T07:38:14","slug":"clubroom-anut-cairo-set-de-3-serviettes-oiseau-rouge","status":"publish","type":"product","link":"https:\/\/theinvisiblecollection.com\/fr\/produit\/clubroom-anut-cairo-set-de-3-serviettes-oiseau-rouge\/","title":{"rendered":"Set De 3 Serviettes Oiseau Rouge"},"content":{"rendered":"<p style=\"text-align: justify;\">Orn\u00e9 de trois diff\u00e9rents motifs d&#8217;oiseaux merveilleusement brod\u00e9s par les mains habiles des femmes de Malaika, les serviettes Bird et leur dessin na\u00eff sont un ravissant atout pour embellir la table.<\/p>\n","protected":false},"excerpt":{"rendered":"<ul>\n<li>Lot de 3 serviettes<\/li>\n<li>Composition : brod\u00e9 \u00e0 la main \/ 100% lin<\/li>\n<li>Couleur : rouge<\/li>\n<\/ul>\n","protected":false},"featured_media":2264769,"template":"","meta":{"_acf_changed":false,"content-type":"","_themeisle_gutenberg_block_has_review":false},"product_brand":[],"product_cat":[12535,19973,19981,19989],"product_tag":[22790,31474],"product_designer":[],"comfabric":[],"manufacturer":[16697],"reporting_designer":[],"samplecomfabric":[],"designer_clubroom":[33996],"class_list":{"0":"post-2264749","1":"product","2":"type-product","3":"status-publish","4":"has-post-thumbnail","6":"clubroom_taxonomies-gift-room","7":"product_cat-arts-de-la-table","8":"product_cat-accessoires-pour-la-maison","9":"product_cat-art-de-la-table","10":"product_cat-linge-de-table","11":"product_tag-disponible-immediatement","12":"product_tag-co-white-fr","13":"manufacturer-malaika-fr","14":"clubroom_product_designer-anut-cairo-fr","15":"exhibitions-londres-fr","17":"first","18":"instock","19":"taxable","20":"shipping-taxable","21":"purchasable","22":"product-type-simple"},"acf":[],"_links":{"self":[{"href":"https:\/\/theinvisiblecollection.com\/fr\/wp-json\/wp\/v2\/product\/2264749","targetHints":{"allow":["GET"]}}],"collection":[{"href":"https:\/\/theinvisiblecollection.com\/fr\/wp-json\/wp\/v2\/product"}],"about":[{"href":"https:\/\/theinvisiblecollection.com\/fr\/wp-json\/wp\/v2\/types\/product"}],"wp:featuredmedia":[{"embeddable":true,"href":"https:\/\/theinvisiblecollection.com\/fr\/wp-json\/wp\/v2\/media\/2264769"}],"wp:attachment":[{"href":"https:\/\/theinvisiblecollection.com\/fr\/wp-json\/wp\/v2\/media?parent=2264749"}],"wp:term":[{"taxonomy":"product_brand","embeddable":true,"href":"https:\/\/theinvisiblecollection.com\/fr\/wp-json\/wp\/v2\/product_brand?post=2264749"},{"taxonomy":"product_cat","embeddable":true,"href":"https:\/\/theinvisiblecollection.com\/fr\/wp-json\/wp\/v2\/product_cat?post=2264749"},{"taxonomy":"product_tag","embeddable":true,"href":"https:\/\/theinvisiblecollection.com\/fr\/wp-json\/wp\/v2\/product_tag?post=2264749"},{"taxonomy":"product_designer","embeddable":true,"href":"https:\/\/theinvisiblecollection.com\/fr\/wp-json\/wp\/v2\/product_designer?post=2264749"},{"taxonomy":"comfabric","embeddable":true,"href":"https:\/\/theinvisiblecollection.com\/fr\/wp-json\/wp\/v2\/comfabric?post=2264749"},{"taxonomy":"manufacturer","embeddable":true,"href":"https:\/\/theinvisiblecollection.com\/fr\/wp-json\/wp\/v2\/manufacturer?post=2264749"},{"taxonomy":"reporting_designer","embeddable":true,"href":"https:\/\/theinvisiblecollection.com\/fr\/wp-json\/wp\/v2\/reporting_designer?post=2264749"},{"taxonomy":"samplecomfabric","embeddable":true,"href":"https:\/\/theinvisiblecollection.com\/fr\/wp-json\/wp\/v2\/samplecomfabric?post=2264749"},{"taxonomy":"clubroom_product_designer","embeddable":true,"href":"https:\/\/theinvisiblecollection.com\/fr\/wp-json\/wp\/v2\/designer_clubroom?post=2264749"}],"curies":[{"name":"wp","href":"https:\/\/api.w.org\/{rel}","templated":true}]}}