{"id":2267097,"date":"2023-03-24T12:16:49","date_gmt":"2023-03-24T11:16:49","guid":{"rendered":"https:\/\/theinvisiblecollection.com\/?post_type=product&#038;p=2267097"},"modified":"2026-05-01T07:38:14","modified_gmt":"2026-05-01T07:38:14","slug":"clubroom-anut-cairo-serviette-bouquet-bois-de-rose","status":"publish","type":"product","link":"https:\/\/theinvisiblecollection.com\/fr\/produit\/clubroom-anut-cairo-serviette-bouquet-bois-de-rose\/","title":{"rendered":"Serviette Bouquet Bois de Rose"},"content":{"rendered":"<p style=\"text-align: justify;\">Cette collection est r\u00e9alis\u00e9e par des femmes de ces villages qui perp\u00e9tuent ces traditions. Elle s\u2019inspire des paysages du Nil et des rives du fleuve bord\u00e9es de palmeraies tr\u00e8s denses.<\/p>\n","protected":false},"excerpt":{"rendered":"<ul>\n<li>Composition : 100% lin \/ brod\u00e9e \u00e0 la main<\/li>\n<li>Couleur : bois de rose<\/li>\n<\/ul>\n","protected":false},"featured_media":2267127,"template":"","meta":{"_acf_changed":false,"content-type":"","_themeisle_gutenberg_block_has_review":false},"product_brand":[],"product_cat":[12535,19973,19981,19989],"product_tag":[22790,31474],"product_designer":[],"comfabric":[],"manufacturer":[16697],"reporting_designer":[],"samplecomfabric":[],"designer_clubroom":[33996],"class_list":{"0":"post-2267097","1":"product","2":"type-product","3":"status-publish","4":"has-post-thumbnail","6":"clubroom_taxonomies-gift-room","7":"product_cat-arts-de-la-table","8":"product_cat-accessoires-pour-la-maison","9":"product_cat-art-de-la-table","10":"product_cat-linge-de-table","11":"product_tag-disponible-immediatement","12":"product_tag-co-white-fr","13":"manufacturer-malaika-fr","14":"clubroom_product_designer-anut-cairo-fr","15":"exhibitions-londres-fr","17":"first","18":"instock","19":"taxable","20":"shipping-taxable","21":"purchasable","22":"product-type-simple"},"acf":[],"_links":{"self":[{"href":"https:\/\/theinvisiblecollection.com\/fr\/wp-json\/wp\/v2\/product\/2267097","targetHints":{"allow":["GET"]}}],"collection":[{"href":"https:\/\/theinvisiblecollection.com\/fr\/wp-json\/wp\/v2\/product"}],"about":[{"href":"https:\/\/theinvisiblecollection.com\/fr\/wp-json\/wp\/v2\/types\/product"}],"wp:featuredmedia":[{"embeddable":true,"href":"https:\/\/theinvisiblecollection.com\/fr\/wp-json\/wp\/v2\/media\/2267127"}],"wp:attachment":[{"href":"https:\/\/theinvisiblecollection.com\/fr\/wp-json\/wp\/v2\/media?parent=2267097"}],"wp:term":[{"taxonomy":"product_brand","embeddable":true,"href":"https:\/\/theinvisiblecollection.com\/fr\/wp-json\/wp\/v2\/product_brand?post=2267097"},{"taxonomy":"product_cat","embeddable":true,"href":"https:\/\/theinvisiblecollection.com\/fr\/wp-json\/wp\/v2\/product_cat?post=2267097"},{"taxonomy":"product_tag","embeddable":true,"href":"https:\/\/theinvisiblecollection.com\/fr\/wp-json\/wp\/v2\/product_tag?post=2267097"},{"taxonomy":"product_designer","embeddable":true,"href":"https:\/\/theinvisiblecollection.com\/fr\/wp-json\/wp\/v2\/product_designer?post=2267097"},{"taxonomy":"comfabric","embeddable":true,"href":"https:\/\/theinvisiblecollection.com\/fr\/wp-json\/wp\/v2\/comfabric?post=2267097"},{"taxonomy":"manufacturer","embeddable":true,"href":"https:\/\/theinvisiblecollection.com\/fr\/wp-json\/wp\/v2\/manufacturer?post=2267097"},{"taxonomy":"reporting_designer","embeddable":true,"href":"https:\/\/theinvisiblecollection.com\/fr\/wp-json\/wp\/v2\/reporting_designer?post=2267097"},{"taxonomy":"samplecomfabric","embeddable":true,"href":"https:\/\/theinvisiblecollection.com\/fr\/wp-json\/wp\/v2\/samplecomfabric?post=2267097"},{"taxonomy":"clubroom_product_designer","embeddable":true,"href":"https:\/\/theinvisiblecollection.com\/fr\/wp-json\/wp\/v2\/designer_clubroom?post=2267097"}],"curies":[{"name":"wp","href":"https:\/\/api.w.org\/{rel}","templated":true}]}}