{"id":2267466,"date":"2023-03-24T12:37:38","date_gmt":"2023-03-24T11:37:38","guid":{"rendered":"https:\/\/theinvisiblecollection.com\/?post_type=product&#038;p=2267466"},"modified":"2026-05-01T07:38:14","modified_gmt":"2026-05-01T07:38:14","slug":"malaika-serviette-bouquet-ambre","status":"publish","type":"product","link":"https:\/\/theinvisiblecollection.com\/fr\/produit\/malaika-serviette-bouquet-ambre\/","title":{"rendered":"Serviette Bouquet Ambre"},"content":{"rendered":"<p style=\"text-align: justify\">Cette collection est r\u00e9alis\u00e9e par des femmes de ces villages qui perp\u00e9tuent ces traditions. Elle s\u2019inspire des paysages du Nil et des rives du fleuve bord\u00e9es de palmeraies tr\u00e8s denses.<\/p>\n","protected":false},"excerpt":{"rendered":"<ul>\n<li>Composition : 100% lin \/ brod\u00e9e \u00e0 la main<\/li>\n<li>Couleur : ambre<\/li>\n<\/ul>\n","protected":false},"featured_media":2267707,"template":"","meta":{"_acf_changed":false,"content-type":"","_themeisle_gutenberg_block_has_review":false},"product_brand":[],"product_cat":[12535,19973,19981,19989],"product_tag":[22790,31474],"product_designer":[],"comfabric":[],"manufacturer":[],"reporting_designer":[],"samplecomfabric":[],"designer_clubroom":[33996],"class_list":{"0":"post-2267466","1":"product","2":"type-product","3":"status-publish","4":"has-post-thumbnail","6":"clubroom_taxonomies-gift-room","7":"product_cat-arts-de-la-table","8":"product_cat-accessoires-pour-la-maison","9":"product_cat-art-de-la-table","10":"product_cat-linge-de-table","11":"product_tag-disponible-immediatement","12":"product_tag-co-white-fr","13":"clubroom_product_designer-anut-cairo-fr","14":"exhibitions-londres-fr","16":"first","17":"instock","18":"taxable","19":"shipping-taxable","20":"purchasable","21":"product-type-simple"},"acf":[],"_links":{"self":[{"href":"https:\/\/theinvisiblecollection.com\/fr\/wp-json\/wp\/v2\/product\/2267466","targetHints":{"allow":["GET"]}}],"collection":[{"href":"https:\/\/theinvisiblecollection.com\/fr\/wp-json\/wp\/v2\/product"}],"about":[{"href":"https:\/\/theinvisiblecollection.com\/fr\/wp-json\/wp\/v2\/types\/product"}],"wp:featuredmedia":[{"embeddable":true,"href":"https:\/\/theinvisiblecollection.com\/fr\/wp-json\/wp\/v2\/media\/2267707"}],"wp:attachment":[{"href":"https:\/\/theinvisiblecollection.com\/fr\/wp-json\/wp\/v2\/media?parent=2267466"}],"wp:term":[{"taxonomy":"product_brand","embeddable":true,"href":"https:\/\/theinvisiblecollection.com\/fr\/wp-json\/wp\/v2\/product_brand?post=2267466"},{"taxonomy":"product_cat","embeddable":true,"href":"https:\/\/theinvisiblecollection.com\/fr\/wp-json\/wp\/v2\/product_cat?post=2267466"},{"taxonomy":"product_tag","embeddable":true,"href":"https:\/\/theinvisiblecollection.com\/fr\/wp-json\/wp\/v2\/product_tag?post=2267466"},{"taxonomy":"product_designer","embeddable":true,"href":"https:\/\/theinvisiblecollection.com\/fr\/wp-json\/wp\/v2\/product_designer?post=2267466"},{"taxonomy":"comfabric","embeddable":true,"href":"https:\/\/theinvisiblecollection.com\/fr\/wp-json\/wp\/v2\/comfabric?post=2267466"},{"taxonomy":"manufacturer","embeddable":true,"href":"https:\/\/theinvisiblecollection.com\/fr\/wp-json\/wp\/v2\/manufacturer?post=2267466"},{"taxonomy":"reporting_designer","embeddable":true,"href":"https:\/\/theinvisiblecollection.com\/fr\/wp-json\/wp\/v2\/reporting_designer?post=2267466"},{"taxonomy":"samplecomfabric","embeddable":true,"href":"https:\/\/theinvisiblecollection.com\/fr\/wp-json\/wp\/v2\/samplecomfabric?post=2267466"},{"taxonomy":"clubroom_product_designer","embeddable":true,"href":"https:\/\/theinvisiblecollection.com\/fr\/wp-json\/wp\/v2\/designer_clubroom?post=2267466"}],"curies":[{"name":"wp","href":"https:\/\/api.w.org\/{rel}","templated":true}]}}