{"id":2268966,"date":"2023-03-24T16:46:55","date_gmt":"2023-03-24T15:46:55","guid":{"rendered":"https:\/\/theinvisiblecollection.com\/?post_type=product&#038;p=2268966"},"modified":"2026-05-01T07:38:14","modified_gmt":"2026-05-01T07:38:14","slug":"clubroom-anut-cairo-assiette-feuilles-turquoise","status":"publish","type":"product","link":"https:\/\/theinvisiblecollection.com\/fr\/produit\/clubroom-anut-cairo-assiette-feuilles-turquoise\/","title":{"rendered":"Assiette Feuilles Turquoise"},"content":{"rendered":"<p class=\"p1\" style=\"text-align: justify;\">Chaque pi\u00e8ce de poterie est fabriqu\u00e9e \u00e0 la main par de talentueux artisans locaux dans l\u2019Oasis de Fayoum. Ce village, o\u00f9 l\u2019atelier des artisans jouxte leur maison et o\u00f9 les familles se r\u00e9unissent le week-end pour s\u2019essayer au tour de potier ou peindre des images inspir\u00e9es par la nature de l\u2019oasis.<\/p>\n","protected":false},"excerpt":{"rendered":"<ul>\n<li>Assiette en fa\u00efence \u00e9maill\u00e9e, peinte \u00e0 la main<\/li>\n<li>Chaque pi\u00e8ce est unique en raison de sa nature artisanale, les formes et les teintes varient l\u00e9g\u00e8rement<\/li>\n<\/ul>\n","protected":false},"featured_media":2269037,"template":"","meta":{"_acf_changed":false,"content-type":"","_themeisle_gutenberg_block_has_review":false},"product_brand":[],"product_cat":[19984,12535,16319,19973,19981],"product_tag":[22790,31474],"product_designer":[],"comfabric":[],"manufacturer":[16697],"reporting_designer":[],"samplecomfabric":[],"designer_clubroom":[33996],"class_list":{"0":"post-2268966","1":"product","2":"type-product","3":"status-publish","4":"has-post-thumbnail","6":"clubroom_taxonomies-gift-room","7":"product_cat-assiettes-et-plats","8":"product_cat-arts-de-la-table","9":"product_cat-cartes-cadeaux","10":"product_cat-accessoires-pour-la-maison","11":"product_cat-art-de-la-table","12":"product_tag-disponible-immediatement","13":"product_tag-co-white-fr","14":"manufacturer-malaika-fr","15":"clubroom_product_designer-anut-cairo-fr","16":"exhibitions-londres-fr","18":"first","19":"instock","20":"taxable","21":"shipping-taxable","22":"purchasable","23":"product-type-simple"},"acf":[],"_links":{"self":[{"href":"https:\/\/theinvisiblecollection.com\/fr\/wp-json\/wp\/v2\/product\/2268966","targetHints":{"allow":["GET"]}}],"collection":[{"href":"https:\/\/theinvisiblecollection.com\/fr\/wp-json\/wp\/v2\/product"}],"about":[{"href":"https:\/\/theinvisiblecollection.com\/fr\/wp-json\/wp\/v2\/types\/product"}],"wp:featuredmedia":[{"embeddable":true,"href":"https:\/\/theinvisiblecollection.com\/fr\/wp-json\/wp\/v2\/media\/2269037"}],"wp:attachment":[{"href":"https:\/\/theinvisiblecollection.com\/fr\/wp-json\/wp\/v2\/media?parent=2268966"}],"wp:term":[{"taxonomy":"product_brand","embeddable":true,"href":"https:\/\/theinvisiblecollection.com\/fr\/wp-json\/wp\/v2\/product_brand?post=2268966"},{"taxonomy":"product_cat","embeddable":true,"href":"https:\/\/theinvisiblecollection.com\/fr\/wp-json\/wp\/v2\/product_cat?post=2268966"},{"taxonomy":"product_tag","embeddable":true,"href":"https:\/\/theinvisiblecollection.com\/fr\/wp-json\/wp\/v2\/product_tag?post=2268966"},{"taxonomy":"product_designer","embeddable":true,"href":"https:\/\/theinvisiblecollection.com\/fr\/wp-json\/wp\/v2\/product_designer?post=2268966"},{"taxonomy":"comfabric","embeddable":true,"href":"https:\/\/theinvisiblecollection.com\/fr\/wp-json\/wp\/v2\/comfabric?post=2268966"},{"taxonomy":"manufacturer","embeddable":true,"href":"https:\/\/theinvisiblecollection.com\/fr\/wp-json\/wp\/v2\/manufacturer?post=2268966"},{"taxonomy":"reporting_designer","embeddable":true,"href":"https:\/\/theinvisiblecollection.com\/fr\/wp-json\/wp\/v2\/reporting_designer?post=2268966"},{"taxonomy":"samplecomfabric","embeddable":true,"href":"https:\/\/theinvisiblecollection.com\/fr\/wp-json\/wp\/v2\/samplecomfabric?post=2268966"},{"taxonomy":"clubroom_product_designer","embeddable":true,"href":"https:\/\/theinvisiblecollection.com\/fr\/wp-json\/wp\/v2\/designer_clubroom?post=2268966"}],"curies":[{"name":"wp","href":"https:\/\/api.w.org\/{rel}","templated":true}]}}