{"id":2284289,"date":"2023-03-28T16:34:21","date_gmt":"2023-03-28T15:34:21","guid":{"rendered":"https:\/\/theinvisiblecollection.com\/?post_type=product&#038;p=2284289"},"modified":"2026-05-01T07:38:14","modified_gmt":"2026-05-01T07:38:14","slug":"isato-prugger-lampe-studio-frene-blanc-2","status":"publish","type":"product","link":"https:\/\/theinvisiblecollection.com\/fr\/produit\/isato-prugger-lampe-studio-frene-blanc-2\/","title":{"rendered":"Lampe Studio Fr\u00eane Blanc"},"content":{"rendered":"<p style=\"text-align: justify\">La lampe studio d\u2019Isato Prugger est une lampe de table en bois massif aux proportions monolithiques. Elle est con\u00e7ue dans l\u2019intention de sculpter la forme de la stabilit\u00e9.<\/p>\n","protected":false},"excerpt":{"rendered":"<ul>\n<li>Composition : fr\u00eane blanc<\/li>\n<li>\u00c9dition limit\u00e9e : 100 pi\u00e8ces<\/li>\n<li>Dimmable, OLED<\/li>\n<\/ul>\n","protected":false},"featured_media":2284359,"template":"","meta":{"_acf_changed":false,"content-type":"","_themeisle_gutenberg_block_has_review":false},"product_brand":[],"product_cat":[8974,12507],"product_tag":[22790,31477,35326],"product_designer":[13368],"comfabric":[],"manufacturer":[16942],"reporting_designer":[37515],"samplecomfabric":[],"designer_clubroom":[20483],"class_list":{"0":"post-2284289","1":"product","2":"type-product","3":"status-publish","4":"has-post-thumbnail","6":"clubroom_taxonomies-galerie","7":"product_cat-lampes-de-table","8":"product_cat-luminaires","9":"product_tag-disponible-immediatement","10":"product_tag-st-curvy-fr","11":"product_tag-st-scandinavian-fr","12":"product_designer-isato-prugger-fr","13":"manufacturer-isato-prugger-fr","14":"reporting_designer-isato-prugger","15":"clubroom_product_designer-isato-prugger-fr","16":"exhibitions-paris-fr","18":"first","19":"instock","20":"featured","21":"taxable","22":"shipping-taxable","23":"purchasable","24":"product-type-simple"},"acf":[],"_links":{"self":[{"href":"https:\/\/theinvisiblecollection.com\/fr\/wp-json\/wp\/v2\/product\/2284289","targetHints":{"allow":["GET"]}}],"collection":[{"href":"https:\/\/theinvisiblecollection.com\/fr\/wp-json\/wp\/v2\/product"}],"about":[{"href":"https:\/\/theinvisiblecollection.com\/fr\/wp-json\/wp\/v2\/types\/product"}],"wp:featuredmedia":[{"embeddable":true,"href":"https:\/\/theinvisiblecollection.com\/fr\/wp-json\/wp\/v2\/media\/2284359"}],"wp:attachment":[{"href":"https:\/\/theinvisiblecollection.com\/fr\/wp-json\/wp\/v2\/media?parent=2284289"}],"wp:term":[{"taxonomy":"product_brand","embeddable":true,"href":"https:\/\/theinvisiblecollection.com\/fr\/wp-json\/wp\/v2\/product_brand?post=2284289"},{"taxonomy":"product_cat","embeddable":true,"href":"https:\/\/theinvisiblecollection.com\/fr\/wp-json\/wp\/v2\/product_cat?post=2284289"},{"taxonomy":"product_tag","embeddable":true,"href":"https:\/\/theinvisiblecollection.com\/fr\/wp-json\/wp\/v2\/product_tag?post=2284289"},{"taxonomy":"product_designer","embeddable":true,"href":"https:\/\/theinvisiblecollection.com\/fr\/wp-json\/wp\/v2\/product_designer?post=2284289"},{"taxonomy":"comfabric","embeddable":true,"href":"https:\/\/theinvisiblecollection.com\/fr\/wp-json\/wp\/v2\/comfabric?post=2284289"},{"taxonomy":"manufacturer","embeddable":true,"href":"https:\/\/theinvisiblecollection.com\/fr\/wp-json\/wp\/v2\/manufacturer?post=2284289"},{"taxonomy":"reporting_designer","embeddable":true,"href":"https:\/\/theinvisiblecollection.com\/fr\/wp-json\/wp\/v2\/reporting_designer?post=2284289"},{"taxonomy":"samplecomfabric","embeddable":true,"href":"https:\/\/theinvisiblecollection.com\/fr\/wp-json\/wp\/v2\/samplecomfabric?post=2284289"},{"taxonomy":"clubroom_product_designer","embeddable":true,"href":"https:\/\/theinvisiblecollection.com\/fr\/wp-json\/wp\/v2\/designer_clubroom?post=2284289"}],"curies":[{"name":"wp","href":"https:\/\/api.w.org\/{rel}","templated":true}]}}