{"id":2311247,"date":"2023-04-03T16:17:31","date_gmt":"2023-04-03T15:17:31","guid":{"rendered":"https:\/\/theinvisiblecollection.com\/?post_type=product&#038;p=2311247"},"modified":"2026-05-01T07:38:14","modified_gmt":"2026-05-01T07:38:14","slug":"studioparisien-ottoman-a-x-metaphores-cosy","status":"publish","type":"product","link":"https:\/\/theinvisiblecollection.com\/fr\/produit\/studioparisien-ottoman-a-x-metaphores-cosy\/","title":{"rendered":"Ottoman &#8220;A&#8221; x M\u00e9taphores Cosy"},"content":{"rendered":"<p style=\"text-align: justify;\">Premier mod\u00e8le de Studioparisien, &#8220;A&#8221; comme la premi\u00e8re lettre d&#8217;une \u00e9criture, d&#8217;une collection. Coque enveloppant une assise a\u00e9rienne. Pr\u00e9curseur dans le tissage et l\u2019\u00e9dition d\u2019\u00e9toffes pour la d\u00e9coration int\u00e9rieure, M\u00e9taphores est une marque inspirante et contemporaine reconnue, rattach\u00e9e \u00e0 la fili\u00e8re textile d&#8217;Herm\u00e8s.<\/p>\n","protected":false},"excerpt":{"rendered":"<p>Premier mod\u00e8le de Studioparisien, &#8220;A&#8221; comme la premi\u00e8re lettre d&#8217;une \u00e9criture, d&#8217;une collection. Coque enveloppant une assise a\u00e9rienne. Pr\u00e9curseur dans le tissage et l\u2019\u00e9dition d\u2019\u00e9toffes pour la d\u00e9coration int\u00e9rieure, M\u00e9taphores est une marque inspirante et contemporaine reconnue, rattach\u00e9e \u00e0 la fili\u00e8re textile d&#8217;Herm\u00e8s.<\/p>\n","protected":false},"featured_media":2310676,"template":"","meta":{"_acf_changed":false,"content-type":"","_themeisle_gutenberg_block_has_review":false},"product_brand":[],"product_cat":[8969,12499],"product_tag":[14545,14546,14844,14845,31477,8993,9016,9275],"product_designer":[11987],"comfabric":[29302],"manufacturer":[16822],"reporting_designer":[37791],"samplecomfabric":[30470],"designer_clubroom":[],"class_list":{"0":"post-2311247","1":"product","2":"type-product","3":"status-publish","4":"has-post-thumbnail","6":"product_cat-ottomans-tabourets","7":"product_cat-assises","8":"product_tag-tabourets","9":"product_tag-ottoman-fr-2","10":"product_tag-hpsa-fr","11":"product_tag-hptm-fr","12":"product_tag-st-curvy-fr","13":"product_tag-salon","14":"product_tag-chambre-fr-2","15":"product_tag-tabouret-fr-2","16":"product_designer-studioparisien-fr","17":"comfabric-atelier-jouffre-lyon-fr","18":"manufacturer-atelier-jouffre-lyon-fr","19":"reporting_designer-studioparisien","20":"samplecomfabric-atelier-jouffre-lyon-fr","22":"first","23":"instock","24":"featured","25":"taxable","26":"shipping-taxable","27":"purchasable","28":"product-type-variable"},"acf":[],"_links":{"self":[{"href":"https:\/\/theinvisiblecollection.com\/fr\/wp-json\/wp\/v2\/product\/2311247","targetHints":{"allow":["GET"]}}],"collection":[{"href":"https:\/\/theinvisiblecollection.com\/fr\/wp-json\/wp\/v2\/product"}],"about":[{"href":"https:\/\/theinvisiblecollection.com\/fr\/wp-json\/wp\/v2\/types\/product"}],"wp:featuredmedia":[{"embeddable":true,"href":"https:\/\/theinvisiblecollection.com\/fr\/wp-json\/wp\/v2\/media\/2310676"}],"wp:attachment":[{"href":"https:\/\/theinvisiblecollection.com\/fr\/wp-json\/wp\/v2\/media?parent=2311247"}],"wp:term":[{"taxonomy":"product_brand","embeddable":true,"href":"https:\/\/theinvisiblecollection.com\/fr\/wp-json\/wp\/v2\/product_brand?post=2311247"},{"taxonomy":"product_cat","embeddable":true,"href":"https:\/\/theinvisiblecollection.com\/fr\/wp-json\/wp\/v2\/product_cat?post=2311247"},{"taxonomy":"product_tag","embeddable":true,"href":"https:\/\/theinvisiblecollection.com\/fr\/wp-json\/wp\/v2\/product_tag?post=2311247"},{"taxonomy":"product_designer","embeddable":true,"href":"https:\/\/theinvisiblecollection.com\/fr\/wp-json\/wp\/v2\/product_designer?post=2311247"},{"taxonomy":"comfabric","embeddable":true,"href":"https:\/\/theinvisiblecollection.com\/fr\/wp-json\/wp\/v2\/comfabric?post=2311247"},{"taxonomy":"manufacturer","embeddable":true,"href":"https:\/\/theinvisiblecollection.com\/fr\/wp-json\/wp\/v2\/manufacturer?post=2311247"},{"taxonomy":"reporting_designer","embeddable":true,"href":"https:\/\/theinvisiblecollection.com\/fr\/wp-json\/wp\/v2\/reporting_designer?post=2311247"},{"taxonomy":"samplecomfabric","embeddable":true,"href":"https:\/\/theinvisiblecollection.com\/fr\/wp-json\/wp\/v2\/samplecomfabric?post=2311247"},{"taxonomy":"clubroom_product_designer","embeddable":true,"href":"https:\/\/theinvisiblecollection.com\/fr\/wp-json\/wp\/v2\/designer_clubroom?post=2311247"}],"curies":[{"name":"wp","href":"https:\/\/api.w.org\/{rel}","templated":true}]}}