{"id":2321726,"date":"2024-03-04T09:53:22","date_gmt":"2024-03-04T09:53:22","guid":{"rendered":"https:\/\/theinvisiblecollection.com\/?post_type=product&#038;p=2321726"},"modified":"2026-05-01T07:38:14","modified_gmt":"2026-05-01T07:38:14","slug":"applique-mae","status":"publish","type":"product","link":"https:\/\/theinvisiblecollection.com\/fr\/produit\/applique-mae\/","title":{"rendered":"Applique M\u00e3e Large"},"content":{"rendered":"<p style=\"text-align: justify;\">La collection M\u00e3e d&#8217;Amande Haeghen est n\u00e9e au creux de la f\u00e9minit\u00e9 et de nos corps en mutation. Rappelant le ventre qui a donn\u00e9 naissance et qui porte encore les cicatrices de cet enfant. Cette peau tendue laisse place \u00e0 un ventre rond et doux dans lequel il fait bon se blottir. La lumi\u00e8re au creux de cet \u00e9pais volume nous entra\u00eene dans un monde doux et feutr\u00e9 qui nous apaise. Ce volume qui a port\u00e9 la vie et la lumi\u00e8re se transforme et devient m\u00e8re. Portant sur sa peau l\u2019histoire de cette nouvelle vie. Une multitude de corps imparfaits et beaux. Autant de traces et de souvenirs que la peau trace \u00e0 sa surface, cr\u00e9ant ensemble l&#8217;essence de la vie. Les M\u00e3es sont faites de gr\u00e8s chamott\u00e9, une terre \u00e9paisse et granuleuse comme la pierre. Forte mais aussi d\u00e9licate dans sa forme et douce au touch\u00e9. Chaque forme est model\u00e9e \u00e0 la main, rendant chaque pi\u00e8ce unique<\/p>\n","protected":false},"excerpt":{"rendered":"<p>La collection M\u00e3e d&#8217;Amande Haeghen est n\u00e9e au creux de la f\u00e9minit\u00e9 et de nos corps en mutation. Rappelant le ventre qui a donn\u00e9 naissance et qui porte encore les cicatrices de cet enfant. Cette peau tendue laisse place \u00e0 un ventre rond et doux dans lequel il fait bon se blottir. La lumi\u00e8re au [&hellip;]<\/p>\n","protected":false},"featured_media":2321372,"template":"","meta":{"_acf_changed":false,"content-type":"","_themeisle_gutenberg_block_has_review":false},"product_brand":[],"product_cat":[8975,12507],"product_tag":[14925,31474,31475,31476,31477,35206],"product_designer":[18613],"comfabric":[],"manufacturer":[18611],"reporting_designer":[37703],"samplecomfabric":[],"designer_clubroom":[],"class_list":{"0":"post-2321726","1":"product","2":"type-product","3":"status-publish","4":"has-post-thumbnail","6":"product_cat-appliques-murales","7":"product_cat-luminaires","8":"product_tag-hpfav-fr","9":"product_tag-co-white-fr","10":"product_tag-st-ceramic-fr","11":"product_tag-st-collectible-fr","12":"product_tag-st-curvy-fr","13":"product_tag-exclusive-fr","14":"product_designer-amande-haeghen-fr","15":"manufacturer-amande-haeghen-fr","16":"reporting_designer-amande-haeghen","18":"first","19":"instock","20":"taxable","21":"shipping-taxable","22":"purchasable","23":"product-type-variable"},"acf":[],"_links":{"self":[{"href":"https:\/\/theinvisiblecollection.com\/fr\/wp-json\/wp\/v2\/product\/2321726","targetHints":{"allow":["GET"]}}],"collection":[{"href":"https:\/\/theinvisiblecollection.com\/fr\/wp-json\/wp\/v2\/product"}],"about":[{"href":"https:\/\/theinvisiblecollection.com\/fr\/wp-json\/wp\/v2\/types\/product"}],"wp:featuredmedia":[{"embeddable":true,"href":"https:\/\/theinvisiblecollection.com\/fr\/wp-json\/wp\/v2\/media\/2321372"}],"wp:attachment":[{"href":"https:\/\/theinvisiblecollection.com\/fr\/wp-json\/wp\/v2\/media?parent=2321726"}],"wp:term":[{"taxonomy":"product_brand","embeddable":true,"href":"https:\/\/theinvisiblecollection.com\/fr\/wp-json\/wp\/v2\/product_brand?post=2321726"},{"taxonomy":"product_cat","embeddable":true,"href":"https:\/\/theinvisiblecollection.com\/fr\/wp-json\/wp\/v2\/product_cat?post=2321726"},{"taxonomy":"product_tag","embeddable":true,"href":"https:\/\/theinvisiblecollection.com\/fr\/wp-json\/wp\/v2\/product_tag?post=2321726"},{"taxonomy":"product_designer","embeddable":true,"href":"https:\/\/theinvisiblecollection.com\/fr\/wp-json\/wp\/v2\/product_designer?post=2321726"},{"taxonomy":"comfabric","embeddable":true,"href":"https:\/\/theinvisiblecollection.com\/fr\/wp-json\/wp\/v2\/comfabric?post=2321726"},{"taxonomy":"manufacturer","embeddable":true,"href":"https:\/\/theinvisiblecollection.com\/fr\/wp-json\/wp\/v2\/manufacturer?post=2321726"},{"taxonomy":"reporting_designer","embeddable":true,"href":"https:\/\/theinvisiblecollection.com\/fr\/wp-json\/wp\/v2\/reporting_designer?post=2321726"},{"taxonomy":"samplecomfabric","embeddable":true,"href":"https:\/\/theinvisiblecollection.com\/fr\/wp-json\/wp\/v2\/samplecomfabric?post=2321726"},{"taxonomy":"clubroom_product_designer","embeddable":true,"href":"https:\/\/theinvisiblecollection.com\/fr\/wp-json\/wp\/v2\/designer_clubroom?post=2321726"}],"curies":[{"name":"wp","href":"https:\/\/api.w.org\/{rel}","templated":true}]}}