{"id":2322069,"date":"2023-04-04T14:02:29","date_gmt":"2023-04-04T13:02:29","guid":{"rendered":"https:\/\/theinvisiblecollection.com\/?post_type=product&#038;p=2322069"},"modified":"2026-05-01T07:38:14","modified_gmt":"2026-05-01T07:38:14","slug":"malaika-set-de-table-dally-primaire-pastel","status":"publish","type":"product","link":"https:\/\/theinvisiblecollection.com\/fr\/produit\/malaika-set-de-table-dally-primaire-pastel\/","title":{"rendered":"Set De Table Dally Pastel"},"content":{"rendered":"<p style=\"text-align: justify\">Inspir\u00e9s de l&#8217;h\u00e9ritage mystique des pharaons d&#8217;\u00c9gypte, ces sets de table pr\u00e9sentent des papillons dessin\u00e9s puis brod\u00e9s \u00e0 la main. Rien de plus ravissant pour une table audacieuse.<\/p>\n","protected":false},"excerpt":{"rendered":"<ul>\n<li>Composition : s\u00e9rigraphie \u00e0 la main \/ 100% lin<\/li>\n<\/ul>\n","protected":false},"featured_media":2322896,"template":"","meta":{"_acf_changed":false,"content-type":"","_themeisle_gutenberg_block_has_review":false},"product_brand":[],"product_cat":[12535,19973,19981,19989],"product_tag":[22790,31474],"product_designer":[],"comfabric":[],"manufacturer":[16914],"reporting_designer":[],"samplecomfabric":[],"designer_clubroom":[33996],"class_list":{"0":"post-2322069","1":"product","2":"type-product","3":"status-publish","4":"has-post-thumbnail","6":"clubroom_taxonomies-gift-room","7":"product_cat-arts-de-la-table","8":"product_cat-accessoires-pour-la-maison","9":"product_cat-art-de-la-table","10":"product_cat-linge-de-table","11":"product_tag-disponible-immediatement","12":"product_tag-co-white-fr","13":"manufacturer-malaika-berlin-warehouse-fr","14":"clubroom_product_designer-anut-cairo-fr","15":"exhibitions-paris-fr","17":"first","18":"instock","19":"taxable","20":"shipping-taxable","21":"purchasable","22":"product-type-simple"},"acf":[],"_links":{"self":[{"href":"https:\/\/theinvisiblecollection.com\/fr\/wp-json\/wp\/v2\/product\/2322069","targetHints":{"allow":["GET"]}}],"collection":[{"href":"https:\/\/theinvisiblecollection.com\/fr\/wp-json\/wp\/v2\/product"}],"about":[{"href":"https:\/\/theinvisiblecollection.com\/fr\/wp-json\/wp\/v2\/types\/product"}],"wp:featuredmedia":[{"embeddable":true,"href":"https:\/\/theinvisiblecollection.com\/fr\/wp-json\/wp\/v2\/media\/2322896"}],"wp:attachment":[{"href":"https:\/\/theinvisiblecollection.com\/fr\/wp-json\/wp\/v2\/media?parent=2322069"}],"wp:term":[{"taxonomy":"product_brand","embeddable":true,"href":"https:\/\/theinvisiblecollection.com\/fr\/wp-json\/wp\/v2\/product_brand?post=2322069"},{"taxonomy":"product_cat","embeddable":true,"href":"https:\/\/theinvisiblecollection.com\/fr\/wp-json\/wp\/v2\/product_cat?post=2322069"},{"taxonomy":"product_tag","embeddable":true,"href":"https:\/\/theinvisiblecollection.com\/fr\/wp-json\/wp\/v2\/product_tag?post=2322069"},{"taxonomy":"product_designer","embeddable":true,"href":"https:\/\/theinvisiblecollection.com\/fr\/wp-json\/wp\/v2\/product_designer?post=2322069"},{"taxonomy":"comfabric","embeddable":true,"href":"https:\/\/theinvisiblecollection.com\/fr\/wp-json\/wp\/v2\/comfabric?post=2322069"},{"taxonomy":"manufacturer","embeddable":true,"href":"https:\/\/theinvisiblecollection.com\/fr\/wp-json\/wp\/v2\/manufacturer?post=2322069"},{"taxonomy":"reporting_designer","embeddable":true,"href":"https:\/\/theinvisiblecollection.com\/fr\/wp-json\/wp\/v2\/reporting_designer?post=2322069"},{"taxonomy":"samplecomfabric","embeddable":true,"href":"https:\/\/theinvisiblecollection.com\/fr\/wp-json\/wp\/v2\/samplecomfabric?post=2322069"},{"taxonomy":"clubroom_product_designer","embeddable":true,"href":"https:\/\/theinvisiblecollection.com\/fr\/wp-json\/wp\/v2\/designer_clubroom?post=2322069"}],"curies":[{"name":"wp","href":"https:\/\/api.w.org\/{rel}","templated":true}]}}