{"id":2332706,"date":"2023-10-30T10:53:36","date_gmt":"2023-10-30T09:53:36","guid":{"rendered":"https:\/\/theinvisiblecollection.com\/?post_type=product&#038;p=2332706"},"modified":"2026-05-01T07:38:14","modified_gmt":"2026-05-01T07:38:14","slug":"garce-dimofski-lampe-checkmate-par-garance-vallee","status":"publish","type":"product","link":"https:\/\/theinvisiblecollection.com\/fr\/produit\/garce-dimofski-lampe-checkmate-par-garance-vallee\/","title":{"rendered":"Lampe Checkmate par Garance Vall\u00e9e"},"content":{"rendered":"<p style=\"text-align: justify;\">La pr\u00e9sence de la main de l&#8217;artisan dans chaque d\u00e9tail de la lampe Checkmate dessin\u00e9e par Garance Vall\u00e9e, rend compte du geste ma\u00eetris\u00e9 et humble sur une mati\u00e8re vivante. Quand le contraste de la couleur se fait par l&#8217;assemblage d&#8217;un mat\u00e9riau massif d&#8217;un bois brun et brut, sculpt\u00e9 \u00e0 la main et d&#8217;une c\u00e9ramique blanche mate, douce au toucher.<\/p>\n","protected":false},"excerpt":{"rendered":"<p>Applique en c\u00e9ramique \u00e9maill\u00e9e<br \/>\nSyst\u00e8me d&#8217;\u00e9lectrification europ\u00e9en<br \/>\nSyst\u00e8me d&#8217;\u00e9lectrification am\u00e9ricain \u00e9galement disponible<br \/>\nDimensions et couleurs sur mesure sur demande<\/p>\n<p>L 20 x l 10 x H 50 cm<\/p>\n<p>Fabriqu\u00e9e \u00e0 la main au Portugal<br \/>\nD\u00e9lais de production : 6 &#8211; 8 semaines<\/p>\n<p><span style=\"text-decoration: underline;\"><a href=\"https:\/\/www.theinvisiblecollection.com\/fr\/demande-de-devis\/?product_id=481654\" target=\"_blank\" rel=\"noopener\">Contactez nous pour toute demande de devis ou de renseignements<\/a><\/span><\/p>\n","protected":false},"featured_media":2332816,"template":"","meta":{"_acf_changed":false,"content-type":"","_themeisle_gutenberg_block_has_review":false},"product_brand":[],"product_cat":[8974,12507],"product_tag":[35206,35326,7435,14925,31474],"product_designer":[15857],"comfabric":[],"manufacturer":[22038],"reporting_designer":[37463],"samplecomfabric":[],"designer_clubroom":[],"class_list":{"0":"post-2332706","1":"product","2":"type-product","3":"status-publish","4":"has-post-thumbnail","6":"product_cat-lampes-de-table","7":"product_cat-luminaires","8":"product_tag-exclusive-fr","9":"product_tag-st-scandinavian-fr","10":"product_tag-new-in-fr","11":"product_tag-hpfav-fr","12":"product_tag-co-white-fr","13":"product_designer-garce-dimofski-fr","14":"manufacturer-garc-dimofski-atelier-so-pedro-da-cova-fr","15":"reporting_designer-garce-dimofski","17":"first","18":"instock","19":"taxable","20":"shipping-taxable","21":"purchasable","22":"product-type-simple"},"acf":[],"_links":{"self":[{"href":"https:\/\/theinvisiblecollection.com\/fr\/wp-json\/wp\/v2\/product\/2332706","targetHints":{"allow":["GET"]}}],"collection":[{"href":"https:\/\/theinvisiblecollection.com\/fr\/wp-json\/wp\/v2\/product"}],"about":[{"href":"https:\/\/theinvisiblecollection.com\/fr\/wp-json\/wp\/v2\/types\/product"}],"wp:featuredmedia":[{"embeddable":true,"href":"https:\/\/theinvisiblecollection.com\/fr\/wp-json\/wp\/v2\/media\/2332816"}],"wp:attachment":[{"href":"https:\/\/theinvisiblecollection.com\/fr\/wp-json\/wp\/v2\/media?parent=2332706"}],"wp:term":[{"taxonomy":"product_brand","embeddable":true,"href":"https:\/\/theinvisiblecollection.com\/fr\/wp-json\/wp\/v2\/product_brand?post=2332706"},{"taxonomy":"product_cat","embeddable":true,"href":"https:\/\/theinvisiblecollection.com\/fr\/wp-json\/wp\/v2\/product_cat?post=2332706"},{"taxonomy":"product_tag","embeddable":true,"href":"https:\/\/theinvisiblecollection.com\/fr\/wp-json\/wp\/v2\/product_tag?post=2332706"},{"taxonomy":"product_designer","embeddable":true,"href":"https:\/\/theinvisiblecollection.com\/fr\/wp-json\/wp\/v2\/product_designer?post=2332706"},{"taxonomy":"comfabric","embeddable":true,"href":"https:\/\/theinvisiblecollection.com\/fr\/wp-json\/wp\/v2\/comfabric?post=2332706"},{"taxonomy":"manufacturer","embeddable":true,"href":"https:\/\/theinvisiblecollection.com\/fr\/wp-json\/wp\/v2\/manufacturer?post=2332706"},{"taxonomy":"reporting_designer","embeddable":true,"href":"https:\/\/theinvisiblecollection.com\/fr\/wp-json\/wp\/v2\/reporting_designer?post=2332706"},{"taxonomy":"samplecomfabric","embeddable":true,"href":"https:\/\/theinvisiblecollection.com\/fr\/wp-json\/wp\/v2\/samplecomfabric?post=2332706"},{"taxonomy":"clubroom_product_designer","embeddable":true,"href":"https:\/\/theinvisiblecollection.com\/fr\/wp-json\/wp\/v2\/designer_clubroom?post=2332706"}],"curies":[{"name":"wp","href":"https:\/\/api.w.org\/{rel}","templated":true}]}}