{"id":2333040,"date":"2024-02-20T10:53:17","date_gmt":"2024-02-20T10:53:17","guid":{"rendered":"https:\/\/theinvisiblecollection.com\/?post_type=product&#038;p=2333040"},"modified":"2026-05-01T07:38:14","modified_gmt":"2026-05-01T07:38:14","slug":"garce-dimofski-lampe-puddle-par-garance-vallee","status":"publish","type":"product","link":"https:\/\/theinvisiblecollection.com\/fr\/produit\/garce-dimofski-lampe-puddle-par-garance-vallee\/","title":{"rendered":"Lampe Puddle par Garance Vall\u00e9e"},"content":{"rendered":"<p style=\"text-align: justify;\">Pi\u00e8ce o\u00f9 les lignes organiques dialoguent avec les formes angulaires d\u2019une argile fa\u00e7onn\u00e9e \u00e0 la main ; ainsi assembl\u00e9es l\u2019une sur l\u2019autre, elles provoquent un jeu d\u2019\u00e9quilibre entre mouvement, lumi\u00e8re et mati\u00e8re. Chaque lampe est unique en raison de sa fabrication artisanale, les formes et les teintes varient l\u00e9g\u00e8rement.<\/p>\n","protected":false},"excerpt":{"rendered":"<p>Applique en c\u00e9ramique \u00e9maill\u00e9e<br \/>\nSyst\u00e8me d&#8217;\u00e9lectrification europ\u00e9en<br \/>\nSyst\u00e8me d&#8217;\u00e9lectrification am\u00e9ricain \u00e9galement disponible<br \/>\nDimensions et couleurs sur mesure sur demande<\/p>\n<p>L 20 x l 10 x H 50 cm<\/p>\n<p>Fabriqu\u00e9e \u00e0 la main au Portugal<br \/>\nD\u00e9lais de production : 6 &#8211; 8 semaines<\/p>\n<p><span style=\"text-decoration: underline;\"><a href=\"https:\/\/www.theinvisiblecollection.com\/fr\/demande-de-devis\/?product_id=481654\" target=\"_blank\" rel=\"noopener\">Contactez nous pour toute demande de devis ou de renseignements<\/a><\/span><\/p>\n","protected":false},"featured_media":2333106,"template":"","meta":{"_acf_changed":false,"content-type":"","_themeisle_gutenberg_block_has_review":false},"product_brand":[],"product_cat":[8974,12507],"product_tag":[14925,31474,31475,31477,35206],"product_designer":[15857],"comfabric":[],"manufacturer":[22038],"reporting_designer":[37464],"samplecomfabric":[],"designer_clubroom":[],"class_list":{"0":"post-2333040","1":"product","2":"type-product","3":"status-publish","4":"has-post-thumbnail","6":"product_cat-lampes-de-table","7":"product_cat-luminaires","8":"product_tag-hpfav-fr","9":"product_tag-co-white-fr","10":"product_tag-st-ceramic-fr","11":"product_tag-st-curvy-fr","12":"product_tag-exclusive-fr","13":"product_designer-garce-dimofski-fr","14":"manufacturer-garc-dimofski-atelier-so-pedro-da-cova-fr","15":"reporting_designer-garce-dimofski-fr","17":"first","18":"instock","19":"taxable","20":"shipping-taxable","21":"purchasable","22":"product-type-simple"},"acf":[],"_links":{"self":[{"href":"https:\/\/theinvisiblecollection.com\/fr\/wp-json\/wp\/v2\/product\/2333040","targetHints":{"allow":["GET"]}}],"collection":[{"href":"https:\/\/theinvisiblecollection.com\/fr\/wp-json\/wp\/v2\/product"}],"about":[{"href":"https:\/\/theinvisiblecollection.com\/fr\/wp-json\/wp\/v2\/types\/product"}],"wp:featuredmedia":[{"embeddable":true,"href":"https:\/\/theinvisiblecollection.com\/fr\/wp-json\/wp\/v2\/media\/2333106"}],"wp:attachment":[{"href":"https:\/\/theinvisiblecollection.com\/fr\/wp-json\/wp\/v2\/media?parent=2333040"}],"wp:term":[{"taxonomy":"product_brand","embeddable":true,"href":"https:\/\/theinvisiblecollection.com\/fr\/wp-json\/wp\/v2\/product_brand?post=2333040"},{"taxonomy":"product_cat","embeddable":true,"href":"https:\/\/theinvisiblecollection.com\/fr\/wp-json\/wp\/v2\/product_cat?post=2333040"},{"taxonomy":"product_tag","embeddable":true,"href":"https:\/\/theinvisiblecollection.com\/fr\/wp-json\/wp\/v2\/product_tag?post=2333040"},{"taxonomy":"product_designer","embeddable":true,"href":"https:\/\/theinvisiblecollection.com\/fr\/wp-json\/wp\/v2\/product_designer?post=2333040"},{"taxonomy":"comfabric","embeddable":true,"href":"https:\/\/theinvisiblecollection.com\/fr\/wp-json\/wp\/v2\/comfabric?post=2333040"},{"taxonomy":"manufacturer","embeddable":true,"href":"https:\/\/theinvisiblecollection.com\/fr\/wp-json\/wp\/v2\/manufacturer?post=2333040"},{"taxonomy":"reporting_designer","embeddable":true,"href":"https:\/\/theinvisiblecollection.com\/fr\/wp-json\/wp\/v2\/reporting_designer?post=2333040"},{"taxonomy":"samplecomfabric","embeddable":true,"href":"https:\/\/theinvisiblecollection.com\/fr\/wp-json\/wp\/v2\/samplecomfabric?post=2333040"},{"taxonomy":"clubroom_product_designer","embeddable":true,"href":"https:\/\/theinvisiblecollection.com\/fr\/wp-json\/wp\/v2\/designer_clubroom?post=2333040"}],"curies":[{"name":"wp","href":"https:\/\/api.w.org\/{rel}","templated":true}]}}