{"id":233377,"date":"2022-09-02T11:26:12","date_gmt":"2022-09-02T10:26:12","guid":{"rendered":"https:\/\/theinvisiblecollection.com\/?post_type=product&#038;p=233377"},"modified":"2026-05-01T07:38:39","modified_gmt":"2026-05-01T07:38:39","slug":"giberto-sel-et-poivre","status":"publish","type":"product","link":"https:\/\/theinvisiblecollection.com\/fr\/produit\/giberto-sel-et-poivre\/","title":{"rendered":"Set Sel et Poivre"},"content":{"rendered":"<p style=\"text-align: justify;\">Tous les bijoux ne sont pas faits pour \u00eatre port\u00e9s : deux extraordinaires cristaux de roche surmont\u00e9s d&#8217;une pierre pr\u00e9cieuse et d&#8217;or sont devenus les sali\u00e8res et poivri\u00e8res d&#8217;une table tr\u00e8s chic.<\/p>\n","protected":false},"excerpt":{"rendered":"<ul>\n<li>Set Sel et Poivre<\/li>\n<li>Composition : Roche de cristal \/ Rubis \/ Am\u00e9thyste \/ Vermeil<\/li>\n<\/ul>\n","protected":false},"featured_media":1142129,"template":"","meta":{"_acf_changed":false,"content-type":"","_themeisle_gutenberg_block_has_review":false},"product_brand":[],"product_cat":[19981,19990],"product_tag":[22790],"product_designer":[],"comfabric":[],"manufacturer":[18374],"reporting_designer":[],"samplecomfabric":[],"designer_clubroom":[20480],"class_list":{"0":"post-233377","1":"product","2":"type-product","3":"status-publish","4":"has-post-thumbnail","6":"clubroom_taxonomies-gift-room","7":"product_cat-art-de-la-table","8":"product_cat-accessoires-de-cuisine","9":"product_tag-disponible-immediatement","10":"manufacturer-giberto-fr","11":"clubroom_product_designer-giberto-fr","12":"exhibitions-new-york-fr","14":"first","15":"instock","16":"taxable","17":"shipping-taxable","18":"purchasable","19":"product-type-simple"},"acf":[],"_links":{"self":[{"href":"https:\/\/theinvisiblecollection.com\/fr\/wp-json\/wp\/v2\/product\/233377","targetHints":{"allow":["GET"]}}],"collection":[{"href":"https:\/\/theinvisiblecollection.com\/fr\/wp-json\/wp\/v2\/product"}],"about":[{"href":"https:\/\/theinvisiblecollection.com\/fr\/wp-json\/wp\/v2\/types\/product"}],"wp:featuredmedia":[{"embeddable":true,"href":"https:\/\/theinvisiblecollection.com\/fr\/wp-json\/wp\/v2\/media\/1142129"}],"wp:attachment":[{"href":"https:\/\/theinvisiblecollection.com\/fr\/wp-json\/wp\/v2\/media?parent=233377"}],"wp:term":[{"taxonomy":"product_brand","embeddable":true,"href":"https:\/\/theinvisiblecollection.com\/fr\/wp-json\/wp\/v2\/product_brand?post=233377"},{"taxonomy":"product_cat","embeddable":true,"href":"https:\/\/theinvisiblecollection.com\/fr\/wp-json\/wp\/v2\/product_cat?post=233377"},{"taxonomy":"product_tag","embeddable":true,"href":"https:\/\/theinvisiblecollection.com\/fr\/wp-json\/wp\/v2\/product_tag?post=233377"},{"taxonomy":"product_designer","embeddable":true,"href":"https:\/\/theinvisiblecollection.com\/fr\/wp-json\/wp\/v2\/product_designer?post=233377"},{"taxonomy":"comfabric","embeddable":true,"href":"https:\/\/theinvisiblecollection.com\/fr\/wp-json\/wp\/v2\/comfabric?post=233377"},{"taxonomy":"manufacturer","embeddable":true,"href":"https:\/\/theinvisiblecollection.com\/fr\/wp-json\/wp\/v2\/manufacturer?post=233377"},{"taxonomy":"reporting_designer","embeddable":true,"href":"https:\/\/theinvisiblecollection.com\/fr\/wp-json\/wp\/v2\/reporting_designer?post=233377"},{"taxonomy":"samplecomfabric","embeddable":true,"href":"https:\/\/theinvisiblecollection.com\/fr\/wp-json\/wp\/v2\/samplecomfabric?post=233377"},{"taxonomy":"clubroom_product_designer","embeddable":true,"href":"https:\/\/theinvisiblecollection.com\/fr\/wp-json\/wp\/v2\/designer_clubroom?post=233377"}],"curies":[{"name":"wp","href":"https:\/\/api.w.org\/{rel}","templated":true}]}}