{"id":234560,"date":"2022-09-02T12:06:36","date_gmt":"2022-09-02T11:06:36","guid":{"rendered":"https:\/\/theinvisiblecollection.com\/?post_type=product&#038;p=234560"},"modified":"2026-05-01T07:38:39","modified_gmt":"2026-05-01T07:38:39","slug":"giberto-carafe-a-eau-verte-fizzy","status":"publish","type":"product","link":"https:\/\/theinvisiblecollection.com\/fr\/produit\/giberto-carafe-a-eau-verte-fizzy\/","title":{"rendered":"Carafe \u00e0 eau Verte Fizzy"},"content":{"rendered":"<p style=\"text-align: justify;\">Une ancienne technique de verre de Murano, cr\u00e9ant des reflets contrast\u00e9s de la lumi\u00e8re, apporte \u00e0 cette carafe toute sa magie, car son contenu scintille \u00e9galement, gr\u00e2ce au pr\u00e9cieux verre de Murano.<\/p>\n","protected":false},"excerpt":{"rendered":"<ul>\n<li>Carafe \u00e0 eau<\/li>\n<li>Composition : verre de Murano<\/li>\n<\/ul>\n","protected":false},"featured_media":1146041,"template":"","meta":{"_acf_changed":false,"content-type":"","_themeisle_gutenberg_block_has_review":false},"product_brand":[],"product_cat":[19981,19988],"product_tag":[22790],"product_designer":[],"comfabric":[],"manufacturer":[18374],"reporting_designer":[],"samplecomfabric":[],"designer_clubroom":[20480],"class_list":{"0":"post-234560","1":"product","2":"type-product","3":"status-publish","4":"has-post-thumbnail","6":"clubroom_taxonomies-gift-room","7":"product_cat-art-de-la-table","8":"product_cat-carafes","9":"product_tag-disponible-immediatement","10":"manufacturer-giberto-fr","11":"clubroom_product_designer-giberto-fr","12":"exhibitions-new-york-fr","14":"first","15":"instock","16":"taxable","17":"shipping-taxable","18":"purchasable","19":"product-type-simple"},"acf":[],"_links":{"self":[{"href":"https:\/\/theinvisiblecollection.com\/fr\/wp-json\/wp\/v2\/product\/234560","targetHints":{"allow":["GET"]}}],"collection":[{"href":"https:\/\/theinvisiblecollection.com\/fr\/wp-json\/wp\/v2\/product"}],"about":[{"href":"https:\/\/theinvisiblecollection.com\/fr\/wp-json\/wp\/v2\/types\/product"}],"wp:featuredmedia":[{"embeddable":true,"href":"https:\/\/theinvisiblecollection.com\/fr\/wp-json\/wp\/v2\/media\/1146041"}],"wp:attachment":[{"href":"https:\/\/theinvisiblecollection.com\/fr\/wp-json\/wp\/v2\/media?parent=234560"}],"wp:term":[{"taxonomy":"product_brand","embeddable":true,"href":"https:\/\/theinvisiblecollection.com\/fr\/wp-json\/wp\/v2\/product_brand?post=234560"},{"taxonomy":"product_cat","embeddable":true,"href":"https:\/\/theinvisiblecollection.com\/fr\/wp-json\/wp\/v2\/product_cat?post=234560"},{"taxonomy":"product_tag","embeddable":true,"href":"https:\/\/theinvisiblecollection.com\/fr\/wp-json\/wp\/v2\/product_tag?post=234560"},{"taxonomy":"product_designer","embeddable":true,"href":"https:\/\/theinvisiblecollection.com\/fr\/wp-json\/wp\/v2\/product_designer?post=234560"},{"taxonomy":"comfabric","embeddable":true,"href":"https:\/\/theinvisiblecollection.com\/fr\/wp-json\/wp\/v2\/comfabric?post=234560"},{"taxonomy":"manufacturer","embeddable":true,"href":"https:\/\/theinvisiblecollection.com\/fr\/wp-json\/wp\/v2\/manufacturer?post=234560"},{"taxonomy":"reporting_designer","embeddable":true,"href":"https:\/\/theinvisiblecollection.com\/fr\/wp-json\/wp\/v2\/reporting_designer?post=234560"},{"taxonomy":"samplecomfabric","embeddable":true,"href":"https:\/\/theinvisiblecollection.com\/fr\/wp-json\/wp\/v2\/samplecomfabric?post=234560"},{"taxonomy":"clubroom_product_designer","embeddable":true,"href":"https:\/\/theinvisiblecollection.com\/fr\/wp-json\/wp\/v2\/designer_clubroom?post=234560"}],"curies":[{"name":"wp","href":"https:\/\/api.w.org\/{rel}","templated":true}]}}