{"id":2367939,"date":"2023-04-11T15:11:01","date_gmt":"2023-04-11T14:11:01","guid":{"rendered":"https:\/\/theinvisiblecollection.com\/?post_type=product&#038;p=2367939"},"modified":"2026-05-01T07:38:14","modified_gmt":"2026-05-01T07:38:14","slug":"haos-lampadaire-2020-01-platre-2","status":"publish","type":"product","link":"https:\/\/theinvisiblecollection.com\/fr\/produit\/haos-lampadaire-2020-01-platre-2\/","title":{"rendered":"Lampadaire 2020.01 Pl\u00e2tre"},"content":{"rendered":"<p style=\"text-align: justify\">Ce lampadaire doit sa sp\u00e9cificit\u00e9 \u00e0 cet \u00e9quilibre atteint entre brutalit\u00e9 et sophistication, ainsi qu\u2019\u00e0 la recherche d\u2019une forme de beaut\u00e9 intemporelle, presque asc\u00e9tique.<\/p>\n","protected":false},"excerpt":{"rendered":"<ul>\n<li>\u00c9dition limit\u00e9e de 12 pi\u00e8ces<\/li>\n<li>Lampadaire en pl\u00e2tre<\/li>\n<li>Dimmable, ampoule R7S fournie pour l&#8217;Europe, max 600W<\/li>\n<\/ul>\n","protected":false},"featured_media":2368103,"template":"","meta":{"_acf_changed":false,"content-type":"","_themeisle_gutenberg_block_has_review":false},"product_brand":[],"product_cat":[8966,12507],"product_tag":[22790,31477],"product_designer":[11320],"comfabric":[],"manufacturer":[20401],"reporting_designer":[37169],"samplecomfabric":[],"designer_clubroom":[21975],"class_list":{"0":"post-2367939","1":"product","2":"type-product","3":"status-publish","4":"has-post-thumbnail","6":"clubroom_taxonomies-boutiques","7":"product_cat-lampes-sur-pied","8":"product_cat-luminaires","9":"product_tag-disponible-immediatement","10":"product_tag-st-curvy-fr","11":"product_designer-haos-fr","12":"manufacturer-atelier-do-escultor-fr","13":"reporting_designer-haos","14":"clubroom_product_designer-haos-fr","15":"exhibitions-los-angeles-fr","17":"first","18":"instock","19":"taxable","20":"shipping-taxable","21":"purchasable","22":"product-type-simple"},"acf":[],"_links":{"self":[{"href":"https:\/\/theinvisiblecollection.com\/fr\/wp-json\/wp\/v2\/product\/2367939","targetHints":{"allow":["GET"]}}],"collection":[{"href":"https:\/\/theinvisiblecollection.com\/fr\/wp-json\/wp\/v2\/product"}],"about":[{"href":"https:\/\/theinvisiblecollection.com\/fr\/wp-json\/wp\/v2\/types\/product"}],"wp:featuredmedia":[{"embeddable":true,"href":"https:\/\/theinvisiblecollection.com\/fr\/wp-json\/wp\/v2\/media\/2368103"}],"wp:attachment":[{"href":"https:\/\/theinvisiblecollection.com\/fr\/wp-json\/wp\/v2\/media?parent=2367939"}],"wp:term":[{"taxonomy":"product_brand","embeddable":true,"href":"https:\/\/theinvisiblecollection.com\/fr\/wp-json\/wp\/v2\/product_brand?post=2367939"},{"taxonomy":"product_cat","embeddable":true,"href":"https:\/\/theinvisiblecollection.com\/fr\/wp-json\/wp\/v2\/product_cat?post=2367939"},{"taxonomy":"product_tag","embeddable":true,"href":"https:\/\/theinvisiblecollection.com\/fr\/wp-json\/wp\/v2\/product_tag?post=2367939"},{"taxonomy":"product_designer","embeddable":true,"href":"https:\/\/theinvisiblecollection.com\/fr\/wp-json\/wp\/v2\/product_designer?post=2367939"},{"taxonomy":"comfabric","embeddable":true,"href":"https:\/\/theinvisiblecollection.com\/fr\/wp-json\/wp\/v2\/comfabric?post=2367939"},{"taxonomy":"manufacturer","embeddable":true,"href":"https:\/\/theinvisiblecollection.com\/fr\/wp-json\/wp\/v2\/manufacturer?post=2367939"},{"taxonomy":"reporting_designer","embeddable":true,"href":"https:\/\/theinvisiblecollection.com\/fr\/wp-json\/wp\/v2\/reporting_designer?post=2367939"},{"taxonomy":"samplecomfabric","embeddable":true,"href":"https:\/\/theinvisiblecollection.com\/fr\/wp-json\/wp\/v2\/samplecomfabric?post=2367939"},{"taxonomy":"clubroom_product_designer","embeddable":true,"href":"https:\/\/theinvisiblecollection.com\/fr\/wp-json\/wp\/v2\/designer_clubroom?post=2367939"}],"curies":[{"name":"wp","href":"https:\/\/api.w.org\/{rel}","templated":true}]}}