{"id":2375629,"date":"2023-05-26T09:51:48","date_gmt":"2023-05-26T08:51:48","guid":{"rendered":"https:\/\/theinvisiblecollection.com\/?post_type=product&#038;p=2375629"},"modified":"2026-05-01T07:38:14","modified_gmt":"2026-05-01T07:38:14","slug":"osanna-visconti-case-foglie","status":"publish","type":"product","link":"https:\/\/theinvisiblecollection.com\/fr\/produit\/osanna-visconti-case-foglie\/","title":{"rendered":"Vase Foglie"},"content":{"rendered":"<p style=\"text-align: justify;\"><span class=\"TextRun SCXW193794163 BCX0\" lang=\"EN-GB\" xml:lang=\"EN-GB\" data-contrast=\"auto\"><span class=\"NormalTextRun SpellingErrorV2Themed SCXW193794163 BCX0\">S&#8217;inspirant<\/span><span class=\"NormalTextRun SCXW193794163 BCX0\"> de la nature, Osanna Visconti <\/span><span class=\"NormalTextRun SpellingErrorV2Themed SCXW193794163 BCX0\">rafra\u00eechit<\/span><span class=\"NormalTextRun SCXW193794163 BCX0\"> son style de <\/span><span class=\"NormalTextRun SpellingErrorV2Themed SCXW193794163 BCX0\">cand\u00e9labre<\/span><span class=\"NormalTextRun SCXW193794163 BCX0\"> signature avec <\/span><span class=\"NormalTextRun SpellingErrorV2Themed SCXW193794163 BCX0\">une<\/span><span class=\"NormalTextRun SCXW193794163 BCX0\"> nouvelle <\/span><span class=\"NormalTextRun SpellingErrorV2Themed SCXW193794163 BCX0\">it\u00e9ration<\/span><span class=\"NormalTextRun SCXW193794163 BCX0\">. <\/span><span class=\"NormalTextRun SpellingErrorV2Themed SCXW193794163 BCX0\">Simplement<\/span> <span class=\"NormalTextRun SpellingErrorV2Themed SCXW193794163 BCX0\">appel\u00e9<\/span><span class=\"NormalTextRun SCXW193794163 BCX0\"> &#8220;<\/span><span class=\"NormalTextRun SpellingErrorV2Themed SCXW193794163 BCX0\">Foglie<\/span><span class=\"NormalTextRun SCXW193794163 BCX0\">&#8220;, <\/span><span class=\"NormalTextRun SpellingErrorV2Themed SCXW193794163 BCX0\">ce<\/span> <span class=\"NormalTextRun SpellingErrorV2Themed SCXW193794163 BCX0\">d\u00e9licat<\/span><span class=\"NormalTextRun SCXW193794163 BCX0\"> vase \u00e0 fleurs <\/span><span class=\"NormalTextRun SpellingErrorV2Themed SCXW193794163 BCX0\">en<\/span><span class=\"NormalTextRun SCXW193794163 BCX0\"> bronze naturel <\/span><span class=\"NormalTextRun SpellingErrorV2Themed SCXW193794163 BCX0\">est<\/span> <span class=\"NormalTextRun SpellingErrorV2Themed SCXW193794163 BCX0\">coul\u00e9<\/span> <span class=\"NormalTextRun SpellingErrorV2Themed SCXW193794163 BCX0\">selon<\/span><span class=\"NormalTextRun SCXW193794163 BCX0\"> la technique de la cire perdue. Les <\/span><span class=\"NormalTextRun SpellingErrorV2Themed SCXW193794163 BCX0\">feuilles<\/span><span class=\"NormalTextRun SCXW193794163 BCX0\"> de la base <\/span><span class=\"NormalTextRun SpellingErrorV2Themed SCXW193794163 BCX0\">s&#8217;entrelacent<\/span><span class=\"NormalTextRun SCXW193794163 BCX0\"> et <\/span><span class=\"NormalTextRun SpellingErrorV2Themed SCXW193794163 BCX0\">s&#8217;\u00e9l\u00e8vent<\/span> <span class=\"NormalTextRun SpellingErrorV2Themed SCXW193794163 BCX0\">en<\/span> <span class=\"NormalTextRun SpellingErrorV2Themed SCXW193794163 BCX0\">forme<\/span><span class=\"NormalTextRun SCXW193794163 BCX0\"> de <\/span><span class=\"NormalTextRun SpellingErrorV2Themed SCXW193794163 BCX0\">calice<\/span><span class=\"NormalTextRun SCXW193794163 BCX0\"> qui <\/span><span class=\"NormalTextRun SpellingErrorV2Themed SCXW193794163 BCX0\">accueille<\/span><span class=\"NormalTextRun SCXW193794163 BCX0\"> un fin tube de <\/span><span class=\"NormalTextRun SpellingErrorV2Themed SCXW193794163 BCX0\">verre<\/span><span class=\"NormalTextRun SCXW193794163 BCX0\">. Tout \u00e0 fait <\/span><span class=\"NormalTextRun SpellingErrorV2Themed SCXW193794163 BCX0\">po\u00e9tique<\/span><span class=\"NormalTextRun SCXW193794163 BCX0\"> et <\/span><span class=\"NormalTextRun SpellingErrorV2Themed SCXW193794163 BCX0\">\u00e9l\u00e9gant<\/span><span class=\"NormalTextRun SCXW193794163 BCX0\">, le vase <\/span><span class=\"NormalTextRun SpellingErrorV2Themed SCXW193794163 BCX0\">Foglie<\/span> <span class=\"NormalTextRun SpellingErrorV2Themed SCXW193794163 BCX0\">est<\/span><span class=\"NormalTextRun SCXW193794163 BCX0\"> disponible sur <\/span><span class=\"NormalTextRun SpellingErrorV2Themed SCXW193794163 BCX0\">demande<\/span><span class=\"NormalTextRun SCXW193794163 BCX0\"> dans des dimensions et des <\/span><span class=\"NormalTextRun SpellingErrorV2Themed SCXW193794163 BCX0\">finitions<\/span><span class=\"NormalTextRun SCXW193794163 BCX0\"> sur <\/span><span class=\"NormalTextRun SpellingErrorV2Themed SCXW193794163 BCX0\">mesure<\/span><span class=\"NormalTextRun SCXW193794163 BCX0\">, <\/span><span class=\"NormalTextRun SpellingErrorV2Themed SCXW193794163 BCX0\">ce<\/span><span class=\"NormalTextRun SCXW193794163 BCX0\"> qui <\/span><span class=\"NormalTextRun SpellingErrorV2Themed SCXW193794163 BCX0\">permet<\/span> <span class=\"NormalTextRun SpellingErrorV2Themed SCXW193794163 BCX0\">une<\/span> <span class=\"NormalTextRun SpellingErrorV2Themed SCXW193794163 BCX0\">personnalisation<\/span> <span class=\"NormalTextRun SpellingErrorV2Themed SCXW193794163 BCX0\">compl\u00e8te<\/span><span class=\"NormalTextRun SCXW193794163 BCX0\">.<\/span><\/span><span class=\"EOP SCXW193794163 BCX0\" data-ccp-props=\"{&quot;201341983&quot;:0,&quot;335559740&quot;:259}\">\u00a0<\/span><\/p>\n","protected":false},"excerpt":{"rendered":"<p>Bronze naturel, sculpt\u00e9 gr\u00e2ce \u00e0 la technique de la cire perdue<br \/>\nChaque pi\u00e8ce est unique<br \/>\nDimensions et mat\u00e9riaux sur-mesure sur demande<\/p>\n<p>Trois dimensions disponibles ou vendu par set de trois :<br \/>\nSmall : H 9 cm<br \/>\nMedium : H 12 cm<br \/>\nLarge : H 21 cm<\/p>\n<p>Fabriqu\u00e9 \u00e0 la main en Italie<br \/>\nD\u00e9lais de production : 12 &#8211; 14 semaines<\/p>\n<p><span style=\"text-decoration: underline;\"><a href=\"https:\/\/www.theinvisiblecollection.com\/fr\/demande-de-devis\/?product_id=36127\" target=\"_blank\" rel=\"noopener noreferrer\">Contactez-nous pour toute demande de devis ou de renseignements<\/a><\/span><\/p>\n","protected":false},"featured_media":2375802,"template":"","meta":{"_acf_changed":false,"content-type":"","_themeisle_gutenberg_block_has_review":false},"product_brand":[],"product_cat":[7517,12531,12537,16319],"product_tag":[8989,8993,9016,9058,9211,9681,10249],"product_designer":[8873],"comfabric":[],"manufacturer":[20001],"reporting_designer":[37502],"samplecomfabric":[],"designer_clubroom":[],"class_list":{"0":"post-2375629","1":"product","2":"type-product","3":"status-publish","4":"has-post-thumbnail","6":"product_cat-deco-fr","7":"product_cat-objets-de-decoration","8":"product_cat-vases","9":"product_cat-cartes-cadeaux","10":"product_tag-photophore","11":"product_tag-salon","12":"product_tag-chambre-fr-2","13":"product_tag-bronze-fr-2","14":"product_tag-bougie","15":"product_tag-osanna-visconti-fr-fr","16":"product_tag-entrance-fr","17":"pa_size-grand-fr","18":"pa_size-moyen","19":"pa_size-petit-fr","20":"pa_size-set-de-trois-fr","21":"product_designer-osanna-visconti-fr","22":"manufacturer-osanna-visconti-gallery-fr","23":"reporting_designer-osanna-visconti","24":"exhibitions-los-angeles-fr","26":"first","27":"instock","28":"taxable","29":"shipping-taxable","30":"product-type-variable"},"acf":[],"_links":{"self":[{"href":"https:\/\/theinvisiblecollection.com\/fr\/wp-json\/wp\/v2\/product\/2375629","targetHints":{"allow":["GET"]}}],"collection":[{"href":"https:\/\/theinvisiblecollection.com\/fr\/wp-json\/wp\/v2\/product"}],"about":[{"href":"https:\/\/theinvisiblecollection.com\/fr\/wp-json\/wp\/v2\/types\/product"}],"wp:featuredmedia":[{"embeddable":true,"href":"https:\/\/theinvisiblecollection.com\/fr\/wp-json\/wp\/v2\/media\/2375802"}],"wp:attachment":[{"href":"https:\/\/theinvisiblecollection.com\/fr\/wp-json\/wp\/v2\/media?parent=2375629"}],"wp:term":[{"taxonomy":"product_brand","embeddable":true,"href":"https:\/\/theinvisiblecollection.com\/fr\/wp-json\/wp\/v2\/product_brand?post=2375629"},{"taxonomy":"product_cat","embeddable":true,"href":"https:\/\/theinvisiblecollection.com\/fr\/wp-json\/wp\/v2\/product_cat?post=2375629"},{"taxonomy":"product_tag","embeddable":true,"href":"https:\/\/theinvisiblecollection.com\/fr\/wp-json\/wp\/v2\/product_tag?post=2375629"},{"taxonomy":"product_designer","embeddable":true,"href":"https:\/\/theinvisiblecollection.com\/fr\/wp-json\/wp\/v2\/product_designer?post=2375629"},{"taxonomy":"comfabric","embeddable":true,"href":"https:\/\/theinvisiblecollection.com\/fr\/wp-json\/wp\/v2\/comfabric?post=2375629"},{"taxonomy":"manufacturer","embeddable":true,"href":"https:\/\/theinvisiblecollection.com\/fr\/wp-json\/wp\/v2\/manufacturer?post=2375629"},{"taxonomy":"reporting_designer","embeddable":true,"href":"https:\/\/theinvisiblecollection.com\/fr\/wp-json\/wp\/v2\/reporting_designer?post=2375629"},{"taxonomy":"samplecomfabric","embeddable":true,"href":"https:\/\/theinvisiblecollection.com\/fr\/wp-json\/wp\/v2\/samplecomfabric?post=2375629"},{"taxonomy":"clubroom_product_designer","embeddable":true,"href":"https:\/\/theinvisiblecollection.com\/fr\/wp-json\/wp\/v2\/designer_clubroom?post=2375629"}],"curies":[{"name":"wp","href":"https:\/\/api.w.org\/{rel}","templated":true}]}}