{"id":2394434,"date":"2023-04-14T14:18:20","date_gmt":"2023-04-14T13:18:20","guid":{"rendered":"https:\/\/theinvisiblecollection.com\/?post_type=product&#038;p=2394434"},"modified":"2026-05-01T07:38:14","modified_gmt":"2026-05-01T07:38:14","slug":"le-berre-vevaud-tabouret-barth-travertin-2","status":"publish","type":"product","link":"https:\/\/theinvisiblecollection.com\/fr\/produit\/le-berre-vevaud-tabouret-barth-travertin-2\/","title":{"rendered":"Tabouret Barth Travertin"},"content":{"rendered":"<p style=\"text-align: justify\">Enti\u00e8rement con\u00e7u en travertin massif par le duo de designer Rapha\u00ebl Le Berre et Thomas Vevaud, ce tabouret d&#8217;exception produit en France met en avant les savoir faire de l\u2019artisanat fran\u00e7ais.<\/p>\n","protected":false},"excerpt":{"rendered":"<ul>\n<li>Composition : Travertin massif walnut, bross\u00e9<\/li>\n<\/ul>\n","protected":false},"featured_media":2394573,"template":"","meta":{"_acf_changed":false,"content-type":"","_themeisle_gutenberg_block_has_review":false},"product_brand":[],"product_cat":[8969,12332,12499,12503,12514],"product_tag":[22790],"product_designer":[8868],"comfabric":[],"manufacturer":[16725],"reporting_designer":[37160],"samplecomfabric":[],"designer_clubroom":[22054],"class_list":{"0":"post-2394434","1":"product","2":"type-product","3":"status-publish","4":"has-post-thumbnail","6":"clubroom_taxonomies-galerie","7":"product_cat-ottomans-tabourets","8":"product_cat-tables-dappoint","9":"product_cat-assises","10":"product_cat-tables-fr","11":"product_cat-tables-de-chevet","12":"product_tag-disponible-immediatement","13":"product_designer-le-berre-vevaud-fr","14":"manufacturer-le-berre-vevaud-fr","15":"reporting_designer-le-berre-vevaud","16":"clubroom_product_designer-le-berre-vevaud-fr","17":"exhibitions-new-york-fr","19":"first","20":"instock","21":"taxable","22":"shipping-taxable","23":"purchasable","24":"product-type-simple"},"acf":[],"_links":{"self":[{"href":"https:\/\/theinvisiblecollection.com\/fr\/wp-json\/wp\/v2\/product\/2394434","targetHints":{"allow":["GET"]}}],"collection":[{"href":"https:\/\/theinvisiblecollection.com\/fr\/wp-json\/wp\/v2\/product"}],"about":[{"href":"https:\/\/theinvisiblecollection.com\/fr\/wp-json\/wp\/v2\/types\/product"}],"wp:featuredmedia":[{"embeddable":true,"href":"https:\/\/theinvisiblecollection.com\/fr\/wp-json\/wp\/v2\/media\/2394573"}],"wp:attachment":[{"href":"https:\/\/theinvisiblecollection.com\/fr\/wp-json\/wp\/v2\/media?parent=2394434"}],"wp:term":[{"taxonomy":"product_brand","embeddable":true,"href":"https:\/\/theinvisiblecollection.com\/fr\/wp-json\/wp\/v2\/product_brand?post=2394434"},{"taxonomy":"product_cat","embeddable":true,"href":"https:\/\/theinvisiblecollection.com\/fr\/wp-json\/wp\/v2\/product_cat?post=2394434"},{"taxonomy":"product_tag","embeddable":true,"href":"https:\/\/theinvisiblecollection.com\/fr\/wp-json\/wp\/v2\/product_tag?post=2394434"},{"taxonomy":"product_designer","embeddable":true,"href":"https:\/\/theinvisiblecollection.com\/fr\/wp-json\/wp\/v2\/product_designer?post=2394434"},{"taxonomy":"comfabric","embeddable":true,"href":"https:\/\/theinvisiblecollection.com\/fr\/wp-json\/wp\/v2\/comfabric?post=2394434"},{"taxonomy":"manufacturer","embeddable":true,"href":"https:\/\/theinvisiblecollection.com\/fr\/wp-json\/wp\/v2\/manufacturer?post=2394434"},{"taxonomy":"reporting_designer","embeddable":true,"href":"https:\/\/theinvisiblecollection.com\/fr\/wp-json\/wp\/v2\/reporting_designer?post=2394434"},{"taxonomy":"samplecomfabric","embeddable":true,"href":"https:\/\/theinvisiblecollection.com\/fr\/wp-json\/wp\/v2\/samplecomfabric?post=2394434"},{"taxonomy":"clubroom_product_designer","embeddable":true,"href":"https:\/\/theinvisiblecollection.com\/fr\/wp-json\/wp\/v2\/designer_clubroom?post=2394434"}],"curies":[{"name":"wp","href":"https:\/\/api.w.org\/{rel}","templated":true}]}}