{"id":2403374,"date":"2023-04-17T16:37:03","date_gmt":"2023-04-17T15:37:03","guid":{"rendered":"https:\/\/theinvisiblecollection.com\/?post_type=product&#038;p=2403374"},"modified":"2026-05-08T04:39:28","modified_gmt":"2026-05-08T04:39:28","slug":"mayaro-editions-bibliotheque-obazine-2","status":"publish","type":"product","link":"https:\/\/theinvisiblecollection.com\/fr\/produit\/mayaro-editions-bibliotheque-obazine-2\/","title":{"rendered":"Biblioth\u00e8que Obazine"},"content":{"rendered":"<p style=\"text-align: justify\">Obazine, une biblioth\u00e8que modulable en deux parties, pour mettre en sc\u00e8ne des objets choisis, des oeuvres d&#8217;art ou des livres. Fabriqu\u00e9e \u00e0 la main en France, elle est compos\u00e9e de m\u00e9tal et bois pli\u00e9.<\/p>\n","protected":false},"excerpt":{"rendered":"<ul>\n<li>Dessin\u00e9e par Laurent Jaffrennou<\/li>\n<li>Biblioth\u00e8que en ch\u00eane fran\u00e7ais et acier mat naturel<\/li>\n<li>Modules en acier et \u00e9tag\u00e8res en ch\u00eane<\/li>\n<li>Fabriqu\u00e9e \u00e0 la main en France par Dunod Mallier Atelier et IOTA Element<\/li>\n<\/ul>\n","protected":false},"featured_media":2403580,"template":"","meta":{"_acf_changed":false,"content-type":"","_themeisle_gutenberg_block_has_review":false},"product_brand":[],"product_cat":[8956,12505],"product_tag":[31477],"product_designer":[8894],"comfabric":[],"manufacturer":[16730],"reporting_designer":[37226],"samplecomfabric":[],"designer_clubroom":[21983],"class_list":{"0":"post-2403374","1":"product","2":"type-product","3":"status-publish","4":"has-post-thumbnail","6":"clubroom_taxonomies-boutiques","7":"product_cat-bibliotheques","8":"product_cat-rangements","9":"product_tag-st-curvy-fr","10":"product_designer-mayaro-editions-fr","11":"manufacturer-mayaro-editions-fr","12":"reporting_designer-mayaro-editions","13":"clubroom_product_designer-mayaro-editions-fr","14":"exhibitions-paris-fr","16":"first","17":"onbackorder","18":"taxable","19":"shipping-taxable","20":"purchasable","21":"product-type-simple"},"acf":[],"_links":{"self":[{"href":"https:\/\/theinvisiblecollection.com\/fr\/wp-json\/wp\/v2\/product\/2403374","targetHints":{"allow":["GET"]}}],"collection":[{"href":"https:\/\/theinvisiblecollection.com\/fr\/wp-json\/wp\/v2\/product"}],"about":[{"href":"https:\/\/theinvisiblecollection.com\/fr\/wp-json\/wp\/v2\/types\/product"}],"wp:featuredmedia":[{"embeddable":true,"href":"https:\/\/theinvisiblecollection.com\/fr\/wp-json\/wp\/v2\/media\/2403580"}],"wp:attachment":[{"href":"https:\/\/theinvisiblecollection.com\/fr\/wp-json\/wp\/v2\/media?parent=2403374"}],"wp:term":[{"taxonomy":"product_brand","embeddable":true,"href":"https:\/\/theinvisiblecollection.com\/fr\/wp-json\/wp\/v2\/product_brand?post=2403374"},{"taxonomy":"product_cat","embeddable":true,"href":"https:\/\/theinvisiblecollection.com\/fr\/wp-json\/wp\/v2\/product_cat?post=2403374"},{"taxonomy":"product_tag","embeddable":true,"href":"https:\/\/theinvisiblecollection.com\/fr\/wp-json\/wp\/v2\/product_tag?post=2403374"},{"taxonomy":"product_designer","embeddable":true,"href":"https:\/\/theinvisiblecollection.com\/fr\/wp-json\/wp\/v2\/product_designer?post=2403374"},{"taxonomy":"comfabric","embeddable":true,"href":"https:\/\/theinvisiblecollection.com\/fr\/wp-json\/wp\/v2\/comfabric?post=2403374"},{"taxonomy":"manufacturer","embeddable":true,"href":"https:\/\/theinvisiblecollection.com\/fr\/wp-json\/wp\/v2\/manufacturer?post=2403374"},{"taxonomy":"reporting_designer","embeddable":true,"href":"https:\/\/theinvisiblecollection.com\/fr\/wp-json\/wp\/v2\/reporting_designer?post=2403374"},{"taxonomy":"samplecomfabric","embeddable":true,"href":"https:\/\/theinvisiblecollection.com\/fr\/wp-json\/wp\/v2\/samplecomfabric?post=2403374"},{"taxonomy":"clubroom_product_designer","embeddable":true,"href":"https:\/\/theinvisiblecollection.com\/fr\/wp-json\/wp\/v2\/designer_clubroom?post=2403374"}],"curies":[{"name":"wp","href":"https:\/\/api.w.org\/{rel}","templated":true}]}}