{"id":2428422,"date":"2023-04-20T12:04:50","date_gmt":"2023-04-20T11:04:50","guid":{"rendered":"https:\/\/theinvisiblecollection.com\/?post_type=product&#038;p=2428422"},"modified":"2026-05-01T07:38:12","modified_gmt":"2026-05-01T07:38:12","slug":"garce-dimofski-chaise-2-par-minjae-kim-2","status":"publish","type":"product","link":"https:\/\/theinvisiblecollection.com\/fr\/produit\/garce-dimofski-chaise-2-par-minjae-kim-2\/","title":{"rendered":"Chaise I.I. par Minjae Kim"},"content":{"rendered":"<p style=\"text-align: justify;\">La chaise I.I. est en sapin sculpt\u00e9 \u00e0 la main, teint\u00e9 et laqu\u00e9. Deux, c\u2019est mieux.<\/p>\n<p>Minjae Kim cultive un langage artistique brut et expressif, o\u00f9 les imperfections et les traces de spontan\u00e9it\u00e9 sont des parties int\u00e9grantes de son processus de cr\u00e9ation, r\u00e9v\u00e9lant la v\u00e9rit\u00e9 et l&#8217;authenticit\u00e9 de son art.<\/p>\n","protected":false},"excerpt":{"rendered":"<p>La chaise I.I. est en sapin sculpt\u00e9 \u00e0 la main, teint\u00e9 et laqu\u00e9. Deux, c\u2019est mieux. Minjae Kim cultive un langage artistique brut et expressif, o\u00f9 les imperfections et les traces de spontan\u00e9it\u00e9 sont des parties int\u00e9grantes de son processus de cr\u00e9ation, r\u00e9v\u00e9lant la v\u00e9rit\u00e9 et l&#8217;authenticit\u00e9 de son art.<\/p>\n","protected":false},"featured_media":2428303,"template":"","meta":{"_acf_changed":false,"content-type":"","_themeisle_gutenberg_block_has_review":false},"product_brand":[],"product_cat":[8962,12499],"product_tag":[7435,31477],"product_designer":[15857],"comfabric":[29342],"manufacturer":[22038],"reporting_designer":[37464],"samplecomfabric":[30764],"designer_clubroom":[],"class_list":{"0":"post-2428422","1":"product","2":"type-product","3":"status-publish","4":"has-post-thumbnail","6":"product_cat-chaises","7":"product_cat-assises","8":"product_tag-new-in-fr","9":"product_tag-st-curvy-fr","10":"product_designer-garce-dimofski-fr","11":"comfabric-garc-dimofski-atelier-so-pedro-da-cova-fr","12":"manufacturer-garc-dimofski-atelier-so-pedro-da-cova-fr","13":"reporting_designer-garce-dimofski-fr","14":"samplecomfabric-garc-dimofski-atelier-porto-fr","16":"first","17":"instock","18":"taxable","19":"shipping-taxable","20":"purchasable","21":"product-type-simple"},"acf":[],"_links":{"self":[{"href":"https:\/\/theinvisiblecollection.com\/fr\/wp-json\/wp\/v2\/product\/2428422","targetHints":{"allow":["GET"]}}],"collection":[{"href":"https:\/\/theinvisiblecollection.com\/fr\/wp-json\/wp\/v2\/product"}],"about":[{"href":"https:\/\/theinvisiblecollection.com\/fr\/wp-json\/wp\/v2\/types\/product"}],"wp:featuredmedia":[{"embeddable":true,"href":"https:\/\/theinvisiblecollection.com\/fr\/wp-json\/wp\/v2\/media\/2428303"}],"wp:attachment":[{"href":"https:\/\/theinvisiblecollection.com\/fr\/wp-json\/wp\/v2\/media?parent=2428422"}],"wp:term":[{"taxonomy":"product_brand","embeddable":true,"href":"https:\/\/theinvisiblecollection.com\/fr\/wp-json\/wp\/v2\/product_brand?post=2428422"},{"taxonomy":"product_cat","embeddable":true,"href":"https:\/\/theinvisiblecollection.com\/fr\/wp-json\/wp\/v2\/product_cat?post=2428422"},{"taxonomy":"product_tag","embeddable":true,"href":"https:\/\/theinvisiblecollection.com\/fr\/wp-json\/wp\/v2\/product_tag?post=2428422"},{"taxonomy":"product_designer","embeddable":true,"href":"https:\/\/theinvisiblecollection.com\/fr\/wp-json\/wp\/v2\/product_designer?post=2428422"},{"taxonomy":"comfabric","embeddable":true,"href":"https:\/\/theinvisiblecollection.com\/fr\/wp-json\/wp\/v2\/comfabric?post=2428422"},{"taxonomy":"manufacturer","embeddable":true,"href":"https:\/\/theinvisiblecollection.com\/fr\/wp-json\/wp\/v2\/manufacturer?post=2428422"},{"taxonomy":"reporting_designer","embeddable":true,"href":"https:\/\/theinvisiblecollection.com\/fr\/wp-json\/wp\/v2\/reporting_designer?post=2428422"},{"taxonomy":"samplecomfabric","embeddable":true,"href":"https:\/\/theinvisiblecollection.com\/fr\/wp-json\/wp\/v2\/samplecomfabric?post=2428422"},{"taxonomy":"clubroom_product_designer","embeddable":true,"href":"https:\/\/theinvisiblecollection.com\/fr\/wp-json\/wp\/v2\/designer_clubroom?post=2428422"}],"curies":[{"name":"wp","href":"https:\/\/api.w.org\/{rel}","templated":true}]}}