{"id":2429644,"date":"2023-04-24T10:51:42","date_gmt":"2023-04-24T09:51:42","guid":{"rendered":"https:\/\/theinvisiblecollection.com\/?post_type=product&#038;p=2429644"},"modified":"2026-05-01T07:38:12","modified_gmt":"2026-05-01T07:38:12","slug":"garce-dimofski-bureau-mimi","status":"publish","type":"product","link":"https:\/\/theinvisiblecollection.com\/fr\/produit\/garce-dimofski-bureau-mimi\/","title":{"rendered":"Bureau Mimi"},"content":{"rendered":"<p>Con\u00e7u avec une vision de restaurer la puret\u00e9 de cet objet embl\u00e9matique, le Bureau Mimi offre une esth\u00e9tique \u00e9pur\u00e9e qui s&#8217;int\u00e8gre harmonieusement dans n&#8217;importe quel int\u00e9rieur. Sa mat\u00e9rialit\u00e9 tr\u00e8s forte souligne la qualit\u00e9 artisanale et la durabilit\u00e9 de l&#8217;objet, ajoutant une dimension tangible \u00e0 son charme. Un liser\u00e9 en bois vient ajouter une touche de sophistication discr\u00e8te. Cette subtile d\u00e9coration souligne l&#8217;engagement envers l&#8217;\u00e9l\u00e9gance sans ostentation, mettant en valeur la beaut\u00e9 intrins\u00e8que du mat\u00e9riau et du design.<\/p>\n","protected":false},"excerpt":{"rendered":"<p>Con\u00e7u avec une vision de restaurer la puret\u00e9 de cet objet embl\u00e9matique, le Bureau Mimi offre une esth\u00e9tique \u00e9pur\u00e9e qui s&#8217;int\u00e8gre harmonieusement dans n&#8217;importe quel int\u00e9rieur. Sa mat\u00e9rialit\u00e9 tr\u00e8s forte souligne la qualit\u00e9 artisanale et la durabilit\u00e9 de l&#8217;objet, ajoutant une dimension tangible \u00e0 son charme. Un liser\u00e9 en bois vient ajouter une touche de [&hellip;]<\/p>\n","protected":false},"featured_media":5858176,"template":"","meta":{"_acf_changed":false,"content-type":"","_themeisle_gutenberg_block_has_review":false},"product_brand":[],"product_cat":[7704,12503],"product_tag":[31477,35206,7435,9644,31475],"product_designer":[15857],"comfabric":[],"manufacturer":[22038],"reporting_designer":[37464],"samplecomfabric":[],"designer_clubroom":[],"class_list":{"0":"post-2429644","1":"product","2":"type-product","3":"status-publish","4":"has-post-thumbnail","6":"product_cat-bureaux-fr","7":"product_cat-tables-fr","8":"product_tag-st-curvy-fr","9":"product_tag-exclusive-fr","10":"product_tag-new-in-fr","11":"product_tag-necessaires","12":"product_tag-st-ceramic-fr","13":"product_designer-garce-dimofski-fr","14":"manufacturer-garc-dimofski-atelier-so-pedro-da-cova-fr","15":"reporting_designer-garce-dimofski-fr","17":"first","18":"instock","19":"taxable","20":"shipping-taxable","21":"purchasable","22":"product-type-variable"},"acf":[],"_links":{"self":[{"href":"https:\/\/theinvisiblecollection.com\/fr\/wp-json\/wp\/v2\/product\/2429644","targetHints":{"allow":["GET"]}}],"collection":[{"href":"https:\/\/theinvisiblecollection.com\/fr\/wp-json\/wp\/v2\/product"}],"about":[{"href":"https:\/\/theinvisiblecollection.com\/fr\/wp-json\/wp\/v2\/types\/product"}],"wp:featuredmedia":[{"embeddable":true,"href":"https:\/\/theinvisiblecollection.com\/fr\/wp-json\/wp\/v2\/media\/5858176"}],"wp:attachment":[{"href":"https:\/\/theinvisiblecollection.com\/fr\/wp-json\/wp\/v2\/media?parent=2429644"}],"wp:term":[{"taxonomy":"product_brand","embeddable":true,"href":"https:\/\/theinvisiblecollection.com\/fr\/wp-json\/wp\/v2\/product_brand?post=2429644"},{"taxonomy":"product_cat","embeddable":true,"href":"https:\/\/theinvisiblecollection.com\/fr\/wp-json\/wp\/v2\/product_cat?post=2429644"},{"taxonomy":"product_tag","embeddable":true,"href":"https:\/\/theinvisiblecollection.com\/fr\/wp-json\/wp\/v2\/product_tag?post=2429644"},{"taxonomy":"product_designer","embeddable":true,"href":"https:\/\/theinvisiblecollection.com\/fr\/wp-json\/wp\/v2\/product_designer?post=2429644"},{"taxonomy":"comfabric","embeddable":true,"href":"https:\/\/theinvisiblecollection.com\/fr\/wp-json\/wp\/v2\/comfabric?post=2429644"},{"taxonomy":"manufacturer","embeddable":true,"href":"https:\/\/theinvisiblecollection.com\/fr\/wp-json\/wp\/v2\/manufacturer?post=2429644"},{"taxonomy":"reporting_designer","embeddable":true,"href":"https:\/\/theinvisiblecollection.com\/fr\/wp-json\/wp\/v2\/reporting_designer?post=2429644"},{"taxonomy":"samplecomfabric","embeddable":true,"href":"https:\/\/theinvisiblecollection.com\/fr\/wp-json\/wp\/v2\/samplecomfabric?post=2429644"},{"taxonomy":"clubroom_product_designer","embeddable":true,"href":"https:\/\/theinvisiblecollection.com\/fr\/wp-json\/wp\/v2\/designer_clubroom?post=2429644"}],"curies":[{"name":"wp","href":"https:\/\/api.w.org\/{rel}","templated":true}]}}