{"id":2459052,"date":"2023-04-24T11:05:29","date_gmt":"2023-04-24T10:05:29","guid":{"rendered":"https:\/\/theinvisiblecollection.com\/?post_type=product&#038;p=2459052"},"modified":"2026-05-01T07:38:12","modified_gmt":"2026-05-01T07:38:12","slug":"garce-dimofski-applique-amande-nyc","status":"publish","type":"product","link":"https:\/\/theinvisiblecollection.com\/fr\/produit\/garce-dimofski-applique-amande-nyc\/","title":{"rendered":"Applique Amande NYC"},"content":{"rendered":"","protected":false},"excerpt":{"rendered":"<p>Applique en c\u00e9ramique \u00e9maill\u00e9e<br \/>\nSyst\u00e8me d&#8217;\u00e9lectrification europ\u00e9en<br \/>\nSyst\u00e8me d&#8217;\u00e9lectrification am\u00e9ricain \u00e9galement disponible<br \/>\nDimensions et couleurs sur mesure sur demande<\/p>\n<p>L 20 x l 10 x H 50 cm<\/p>\n<p>Fabriqu\u00e9e \u00e0 la main au Portugal<br \/>\nD\u00e9lais de production : 6 &#8211; 8 semaines<\/p>\n<p><span style=\"text-decoration: underline;\"><a href=\"https:\/\/www.theinvisiblecollection.com\/fr\/demande-de-devis\/?product_id=481654\" target=\"_blank\" rel=\"noopener\">Contactez nous pour toute demande de devis ou de renseignements<\/a><\/span><\/p>\n","protected":false},"featured_media":508563,"template":"","meta":{"_acf_changed":false,"content-type":"","_themeisle_gutenberg_block_has_review":false},"product_brand":[],"product_cat":[8975,12507],"product_tag":[7435,22790,31474,31475,31477,33319,35206],"product_designer":[15857],"comfabric":[],"manufacturer":[34399],"reporting_designer":[37464],"samplecomfabric":[],"designer_clubroom":[],"class_list":{"0":"post-2459052","1":"product","2":"type-product","3":"status-publish","4":"has-post-thumbnail","6":"product_cat-appliques-murales","7":"product_cat-luminaires","8":"product_tag-new-in-fr","9":"product_tag-disponible-immediatement","10":"product_tag-co-white-fr","11":"product_tag-st-ceramic-fr","12":"product_tag-st-curvy-fr","13":"product_tag-edition-limitee","14":"product_tag-exclusive-fr","15":"product_designer-garce-dimofski-fr","16":"manufacturer-invisible-collection-new-york-townhouse-pick-up-fr","17":"reporting_designer-garce-dimofski-fr","18":"exhibitions-new-york-fr","20":"first","21":"instock","22":"taxable","23":"shipping-taxable","24":"purchasable","25":"product-type-simple"},"acf":[],"_links":{"self":[{"href":"https:\/\/theinvisiblecollection.com\/fr\/wp-json\/wp\/v2\/product\/2459052","targetHints":{"allow":["GET"]}}],"collection":[{"href":"https:\/\/theinvisiblecollection.com\/fr\/wp-json\/wp\/v2\/product"}],"about":[{"href":"https:\/\/theinvisiblecollection.com\/fr\/wp-json\/wp\/v2\/types\/product"}],"wp:featuredmedia":[{"embeddable":true,"href":"https:\/\/theinvisiblecollection.com\/fr\/wp-json\/wp\/v2\/media\/508563"}],"wp:attachment":[{"href":"https:\/\/theinvisiblecollection.com\/fr\/wp-json\/wp\/v2\/media?parent=2459052"}],"wp:term":[{"taxonomy":"product_brand","embeddable":true,"href":"https:\/\/theinvisiblecollection.com\/fr\/wp-json\/wp\/v2\/product_brand?post=2459052"},{"taxonomy":"product_cat","embeddable":true,"href":"https:\/\/theinvisiblecollection.com\/fr\/wp-json\/wp\/v2\/product_cat?post=2459052"},{"taxonomy":"product_tag","embeddable":true,"href":"https:\/\/theinvisiblecollection.com\/fr\/wp-json\/wp\/v2\/product_tag?post=2459052"},{"taxonomy":"product_designer","embeddable":true,"href":"https:\/\/theinvisiblecollection.com\/fr\/wp-json\/wp\/v2\/product_designer?post=2459052"},{"taxonomy":"comfabric","embeddable":true,"href":"https:\/\/theinvisiblecollection.com\/fr\/wp-json\/wp\/v2\/comfabric?post=2459052"},{"taxonomy":"manufacturer","embeddable":true,"href":"https:\/\/theinvisiblecollection.com\/fr\/wp-json\/wp\/v2\/manufacturer?post=2459052"},{"taxonomy":"reporting_designer","embeddable":true,"href":"https:\/\/theinvisiblecollection.com\/fr\/wp-json\/wp\/v2\/reporting_designer?post=2459052"},{"taxonomy":"samplecomfabric","embeddable":true,"href":"https:\/\/theinvisiblecollection.com\/fr\/wp-json\/wp\/v2\/samplecomfabric?post=2459052"},{"taxonomy":"clubroom_product_designer","embeddable":true,"href":"https:\/\/theinvisiblecollection.com\/fr\/wp-json\/wp\/v2\/designer_clubroom?post=2459052"}],"curies":[{"name":"wp","href":"https:\/\/api.w.org\/{rel}","templated":true}]}}