{"id":2460023,"date":"2023-04-24T11:51:27","date_gmt":"2023-04-24T10:51:27","guid":{"rendered":"https:\/\/theinvisiblecollection.com\/?post_type=product&#038;p=2460023"},"modified":"2026-05-01T07:38:12","modified_gmt":"2026-05-01T07:38:12","slug":"osanna-visconti-bougeoir-foglie","status":"publish","type":"product","link":"https:\/\/theinvisiblecollection.com\/fr\/produit\/osanna-visconti-bougeoir-foglie\/","title":{"rendered":"Bougeoir Foglie"},"content":{"rendered":"","protected":false},"excerpt":{"rendered":"<p>Bronze naturel, sculpt\u00e9 gr\u00e2ce \u00e0 la technique de la cire perdue<br \/>\nChaque pi\u00e8ce est unique<br \/>\nDimensions et mat\u00e9riaux sur-mesure sur demande<\/p>\n<p>Trois dimensions disponibles ou vendu par set de trois :<br \/>\nSmall : H 9 cm<br \/>\nMedium : H 12 cm<br \/>\nLarge : H 21 cm<\/p>\n<p>Fabriqu\u00e9 \u00e0 la main en Italie<br \/>\nD\u00e9lais de production : 12 &#8211; 14 semaines<\/p>\n<p><span style=\"text-decoration: underline;\"><a href=\"https:\/\/www.theinvisiblecollection.com\/fr\/demande-de-devis\/?product_id=36127\" target=\"_blank\" rel=\"noopener noreferrer\">Contactez-nous pour toute demande de devis ou de renseignements<\/a><\/span><\/p>\n","protected":false},"featured_media":5387779,"template":"","meta":{"_acf_changed":false,"content-type":"","_themeisle_gutenberg_block_has_review":false},"product_brand":[],"product_cat":[7517,12529,12531,12535],"product_tag":[8989,8993,9016,9058,9211,9681,10249],"product_designer":[8873],"comfabric":[],"manufacturer":[20001],"reporting_designer":[37502],"samplecomfabric":[],"designer_clubroom":[],"class_list":{"0":"post-2460023","1":"product","2":"type-product","3":"status-publish","4":"has-post-thumbnail","6":"product_cat-deco-fr","7":"product_cat-bougies-bougeoirs","8":"product_cat-objets-de-decoration","9":"product_cat-arts-de-la-table","10":"product_tag-photophore","11":"product_tag-salon","12":"product_tag-chambre-fr-2","13":"product_tag-bronze-fr-2","14":"product_tag-bougie","15":"product_tag-osanna-visconti-fr-fr","16":"product_tag-entrance-fr","17":"pa_size-large-fr-2","18":"pa_size-moyen","19":"pa_size-petit","20":"pa_size-set-de-trois-fr","21":"product_designer-osanna-visconti-fr","22":"manufacturer-osanna-visconti-gallery-fr","23":"reporting_designer-osanna-visconti","24":"exhibitions-los-angeles-fr","26":"first","27":"instock","28":"taxable","29":"shipping-taxable","30":"purchasable","31":"product-type-variable"},"acf":[],"_links":{"self":[{"href":"https:\/\/theinvisiblecollection.com\/fr\/wp-json\/wp\/v2\/product\/2460023","targetHints":{"allow":["GET"]}}],"collection":[{"href":"https:\/\/theinvisiblecollection.com\/fr\/wp-json\/wp\/v2\/product"}],"about":[{"href":"https:\/\/theinvisiblecollection.com\/fr\/wp-json\/wp\/v2\/types\/product"}],"wp:featuredmedia":[{"embeddable":true,"href":"https:\/\/theinvisiblecollection.com\/fr\/wp-json\/wp\/v2\/media\/5387779"}],"wp:attachment":[{"href":"https:\/\/theinvisiblecollection.com\/fr\/wp-json\/wp\/v2\/media?parent=2460023"}],"wp:term":[{"taxonomy":"product_brand","embeddable":true,"href":"https:\/\/theinvisiblecollection.com\/fr\/wp-json\/wp\/v2\/product_brand?post=2460023"},{"taxonomy":"product_cat","embeddable":true,"href":"https:\/\/theinvisiblecollection.com\/fr\/wp-json\/wp\/v2\/product_cat?post=2460023"},{"taxonomy":"product_tag","embeddable":true,"href":"https:\/\/theinvisiblecollection.com\/fr\/wp-json\/wp\/v2\/product_tag?post=2460023"},{"taxonomy":"product_designer","embeddable":true,"href":"https:\/\/theinvisiblecollection.com\/fr\/wp-json\/wp\/v2\/product_designer?post=2460023"},{"taxonomy":"comfabric","embeddable":true,"href":"https:\/\/theinvisiblecollection.com\/fr\/wp-json\/wp\/v2\/comfabric?post=2460023"},{"taxonomy":"manufacturer","embeddable":true,"href":"https:\/\/theinvisiblecollection.com\/fr\/wp-json\/wp\/v2\/manufacturer?post=2460023"},{"taxonomy":"reporting_designer","embeddable":true,"href":"https:\/\/theinvisiblecollection.com\/fr\/wp-json\/wp\/v2\/reporting_designer?post=2460023"},{"taxonomy":"samplecomfabric","embeddable":true,"href":"https:\/\/theinvisiblecollection.com\/fr\/wp-json\/wp\/v2\/samplecomfabric?post=2460023"},{"taxonomy":"clubroom_product_designer","embeddable":true,"href":"https:\/\/theinvisiblecollection.com\/fr\/wp-json\/wp\/v2\/designer_clubroom?post=2460023"}],"curies":[{"name":"wp","href":"https:\/\/api.w.org\/{rel}","templated":true}]}}