{"id":2476862,"date":"2023-04-25T14:52:38","date_gmt":"2023-04-25T13:52:38","guid":{"rendered":"https:\/\/theinvisiblecollection.com\/?post_type=product&#038;p=2476862"},"modified":"2026-05-08T04:39:25","modified_gmt":"2026-05-08T04:39:25","slug":"maison-dorsay-colonne-olfactive-x-sophie-dries","status":"publish","type":"product","link":"https:\/\/theinvisiblecollection.com\/fr\/produit\/maison-dorsay-colonne-olfactive-x-sophie-dries\/","title":{"rendered":"Colonne Olfactive x Sophie Dries"},"content":{"rendered":"<p style=\"text-align: justify;\">Un objet d\u00e9coratif et olfactif \u00e0 la fois en \u00e9dition limit\u00e9e, cette cr\u00e9ation in\u00e9dite parfum\u00e9e existe en deux variantes, chacune m\u00ealant des mati\u00e8res min\u00e9rales, m\u00e9talliques et v\u00e9g\u00e9tales.<\/p>\n","protected":false},"excerpt":{"rendered":"<ul>\n<li>Maison D&#8217;Orsay x Sophie Dries<\/li>\n<li>Composition : Travertin, Laiton, Li\u00e8ge br\u00fbl\u00e9<\/li>\n<li>Int\u00e9grant un parfum d\u2019ambiance 90ml<\/li>\n<\/ul>\n","protected":false},"featured_media":2476166,"template":"","meta":{"_acf_changed":false,"content-type":"","_themeisle_gutenberg_block_has_review":false},"product_brand":[],"product_cat":[12531,16319,19973],"product_tag":[22790],"product_designer":[],"comfabric":[],"manufacturer":[22136],"reporting_designer":[],"samplecomfabric":[],"designer_clubroom":[22152],"class_list":{"0":"post-2476862","1":"product","2":"type-product","3":"status-publish","4":"has-post-thumbnail","6":"clubroom_taxonomies-gift-room","7":"product_cat-objets-de-decoration","8":"product_cat-cartes-cadeaux","9":"product_cat-accessoires-pour-la-maison","10":"product_tag-disponible-immediatement","11":"manufacturer-maison-dorsay-fr","12":"clubroom_product_designer-maison-dorsay-fr","13":"exhibitions-paris-fr","15":"first","16":"instock","17":"taxable","18":"shipping-taxable","19":"purchasable","20":"product-type-simple"},"acf":[],"_links":{"self":[{"href":"https:\/\/theinvisiblecollection.com\/fr\/wp-json\/wp\/v2\/product\/2476862","targetHints":{"allow":["GET"]}}],"collection":[{"href":"https:\/\/theinvisiblecollection.com\/fr\/wp-json\/wp\/v2\/product"}],"about":[{"href":"https:\/\/theinvisiblecollection.com\/fr\/wp-json\/wp\/v2\/types\/product"}],"wp:featuredmedia":[{"embeddable":true,"href":"https:\/\/theinvisiblecollection.com\/fr\/wp-json\/wp\/v2\/media\/2476166"}],"wp:attachment":[{"href":"https:\/\/theinvisiblecollection.com\/fr\/wp-json\/wp\/v2\/media?parent=2476862"}],"wp:term":[{"taxonomy":"product_brand","embeddable":true,"href":"https:\/\/theinvisiblecollection.com\/fr\/wp-json\/wp\/v2\/product_brand?post=2476862"},{"taxonomy":"product_cat","embeddable":true,"href":"https:\/\/theinvisiblecollection.com\/fr\/wp-json\/wp\/v2\/product_cat?post=2476862"},{"taxonomy":"product_tag","embeddable":true,"href":"https:\/\/theinvisiblecollection.com\/fr\/wp-json\/wp\/v2\/product_tag?post=2476862"},{"taxonomy":"product_designer","embeddable":true,"href":"https:\/\/theinvisiblecollection.com\/fr\/wp-json\/wp\/v2\/product_designer?post=2476862"},{"taxonomy":"comfabric","embeddable":true,"href":"https:\/\/theinvisiblecollection.com\/fr\/wp-json\/wp\/v2\/comfabric?post=2476862"},{"taxonomy":"manufacturer","embeddable":true,"href":"https:\/\/theinvisiblecollection.com\/fr\/wp-json\/wp\/v2\/manufacturer?post=2476862"},{"taxonomy":"reporting_designer","embeddable":true,"href":"https:\/\/theinvisiblecollection.com\/fr\/wp-json\/wp\/v2\/reporting_designer?post=2476862"},{"taxonomy":"samplecomfabric","embeddable":true,"href":"https:\/\/theinvisiblecollection.com\/fr\/wp-json\/wp\/v2\/samplecomfabric?post=2476862"},{"taxonomy":"clubroom_product_designer","embeddable":true,"href":"https:\/\/theinvisiblecollection.com\/fr\/wp-json\/wp\/v2\/designer_clubroom?post=2476862"}],"curies":[{"name":"wp","href":"https:\/\/api.w.org\/{rel}","templated":true}]}}