{"id":2495748,"date":"2023-04-26T17:45:38","date_gmt":"2023-04-26T16:45:38","guid":{"rendered":"https:\/\/theinvisiblecollection.com\/?post_type=product&#038;p=2495748"},"modified":"2026-05-01T07:38:12","modified_gmt":"2026-05-01T07:38:12","slug":"garce-dimofski-vide-poche-par-charlotte-taylor","status":"publish","type":"product","link":"https:\/\/theinvisiblecollection.com\/fr\/produit\/garce-dimofski-vide-poche-par-charlotte-taylor\/","title":{"rendered":"Vide Poche &#8220;Two Tone&#8221; par Charlotte Taylor"},"content":{"rendered":"<p style=\"text-align: justify;\">Du bois dans sa forme g\u00e9om\u00e9trique la plus simple et massive, mettant l\u2019accent sur l\u2019assemblage minutieux et les variations de grain, de finition et de texture. Fabriqu\u00e9 en ch\u00eane avec une couche sup\u00e9rieure sculpt\u00e9e en pin teint\u00e9 noir.<\/p>\n","protected":false},"excerpt":{"rendered":"<p>Du bois dans sa forme g\u00e9om\u00e9trique la plus simple et massive, mettant l\u2019accent sur l\u2019assemblage minutieux et les variations de grain, de finition et de texture. Fabriqu\u00e9 en ch\u00eane avec une couche sup\u00e9rieure sculpt\u00e9e en pin teint\u00e9 noir.<\/p>\n","protected":false},"featured_media":2495671,"template":"","meta":{"_acf_changed":false,"content-type":"","_themeisle_gutenberg_block_has_review":false},"product_brand":[],"product_cat":[7517,12531],"product_tag":[7435],"product_designer":[15857],"comfabric":[],"manufacturer":[22038],"reporting_designer":[37464],"samplecomfabric":[],"designer_clubroom":[],"class_list":{"0":"post-2495748","1":"product","2":"type-product","3":"status-publish","4":"has-post-thumbnail","6":"product_cat-deco-fr","7":"product_cat-objets-de-decoration","8":"product_tag-new-in-fr","9":"product_designer-garce-dimofski-fr","10":"manufacturer-garc-dimofski-atelier-so-pedro-da-cova-fr","11":"reporting_designer-garce-dimofski-fr","12":"exhibitions-paris-fr","14":"first","15":"instock","16":"taxable","17":"shipping-taxable","18":"purchasable","19":"product-type-simple"},"acf":[],"_links":{"self":[{"href":"https:\/\/theinvisiblecollection.com\/fr\/wp-json\/wp\/v2\/product\/2495748","targetHints":{"allow":["GET"]}}],"collection":[{"href":"https:\/\/theinvisiblecollection.com\/fr\/wp-json\/wp\/v2\/product"}],"about":[{"href":"https:\/\/theinvisiblecollection.com\/fr\/wp-json\/wp\/v2\/types\/product"}],"wp:featuredmedia":[{"embeddable":true,"href":"https:\/\/theinvisiblecollection.com\/fr\/wp-json\/wp\/v2\/media\/2495671"}],"wp:attachment":[{"href":"https:\/\/theinvisiblecollection.com\/fr\/wp-json\/wp\/v2\/media?parent=2495748"}],"wp:term":[{"taxonomy":"product_brand","embeddable":true,"href":"https:\/\/theinvisiblecollection.com\/fr\/wp-json\/wp\/v2\/product_brand?post=2495748"},{"taxonomy":"product_cat","embeddable":true,"href":"https:\/\/theinvisiblecollection.com\/fr\/wp-json\/wp\/v2\/product_cat?post=2495748"},{"taxonomy":"product_tag","embeddable":true,"href":"https:\/\/theinvisiblecollection.com\/fr\/wp-json\/wp\/v2\/product_tag?post=2495748"},{"taxonomy":"product_designer","embeddable":true,"href":"https:\/\/theinvisiblecollection.com\/fr\/wp-json\/wp\/v2\/product_designer?post=2495748"},{"taxonomy":"comfabric","embeddable":true,"href":"https:\/\/theinvisiblecollection.com\/fr\/wp-json\/wp\/v2\/comfabric?post=2495748"},{"taxonomy":"manufacturer","embeddable":true,"href":"https:\/\/theinvisiblecollection.com\/fr\/wp-json\/wp\/v2\/manufacturer?post=2495748"},{"taxonomy":"reporting_designer","embeddable":true,"href":"https:\/\/theinvisiblecollection.com\/fr\/wp-json\/wp\/v2\/reporting_designer?post=2495748"},{"taxonomy":"samplecomfabric","embeddable":true,"href":"https:\/\/theinvisiblecollection.com\/fr\/wp-json\/wp\/v2\/samplecomfabric?post=2495748"},{"taxonomy":"clubroom_product_designer","embeddable":true,"href":"https:\/\/theinvisiblecollection.com\/fr\/wp-json\/wp\/v2\/designer_clubroom?post=2495748"}],"curies":[{"name":"wp","href":"https:\/\/api.w.org\/{rel}","templated":true}]}}