{"id":2500281,"date":"2024-07-17T08:50:41","date_gmt":"2024-07-17T08:50:41","guid":{"rendered":"https:\/\/theinvisiblecollection.com\/?post_type=product&#038;p=2500281"},"modified":"2026-05-01T07:38:12","modified_gmt":"2026-05-01T07:38:12","slug":"chaise-lola-naturelle-par-minjae-kim","status":"publish","type":"product","link":"https:\/\/theinvisiblecollection.com\/fr\/produit\/chaise-lola-naturelle-par-minjae-kim\/","title":{"rendered":"Chaise Lola Naturelle par Minjae Kim"},"content":{"rendered":"<p style=\"text-align: justify;\">Sapin de Douglas sculpt\u00e9 \u00e0 la main, teint\u00e9 et laqu\u00e9 avec un rev\u00eatement en boucl\u00e9. La m\u00eame vieille Lola, juste un peu plus moelleuse.<\/p>\n<p>Minjae Kim cultive un langage artistique brut et expressif, o\u00f9 les imperfections et les traces de spontan\u00e9it\u00e9 sont des parties int\u00e9grantes de son processus de cr\u00e9ation, r\u00e9v\u00e9lant la v\u00e9rit\u00e9 et l&#8217;authenticit\u00e9 de son art.<\/p>\n<p>&nbsp;<\/p>\n","protected":false},"excerpt":{"rendered":"<p>Sapin de Douglas sculpt\u00e9 \u00e0 la main, teint\u00e9 et laqu\u00e9 avec un rev\u00eatement en boucl\u00e9. La m\u00eame vieille Lola, juste un peu plus moelleuse. Minjae Kim cultive un langage artistique brut et expressif, o\u00f9 les imperfections et les traces de spontan\u00e9it\u00e9 sont des parties int\u00e9grantes de son processus de cr\u00e9ation, r\u00e9v\u00e9lant la v\u00e9rit\u00e9 et l&#8217;authenticit\u00e9 [&hellip;]<\/p>\n","protected":false},"featured_media":2499762,"template":"","meta":{"_acf_changed":false,"content-type":"","_themeisle_gutenberg_block_has_review":false},"product_brand":[],"product_cat":[8962,12499],"product_tag":[7435,14925,22790,31474,31477],"product_designer":[15857],"comfabric":[29440],"manufacturer":[16823],"reporting_designer":[37464],"samplecomfabric":[35933],"designer_clubroom":[],"class_list":{"0":"post-2500281","1":"product","2":"type-product","3":"status-publish","4":"has-post-thumbnail","6":"product_cat-chaises","7":"product_cat-assises","8":"product_tag-new-in-fr","9":"product_tag-hpfav-fr","10":"product_tag-disponible-immediatement","11":"product_tag-co-white-fr","12":"product_tag-st-curvy-fr","13":"product_designer-garce-dimofski-fr","14":"comfabric-atelier-jouffre-nyc-fr","15":"manufacturer-atelier-jouffre-nyc-fr","16":"reporting_designer-garce-dimofski-fr","17":"samplecomfabric-garc-dimofski-samples-approval-fr","18":"exhibitions-los-angeles-fr","20":"first","21":"instock","22":"taxable","23":"shipping-taxable","24":"purchasable","25":"product-type-variable"},"acf":[],"_links":{"self":[{"href":"https:\/\/theinvisiblecollection.com\/fr\/wp-json\/wp\/v2\/product\/2500281","targetHints":{"allow":["GET"]}}],"collection":[{"href":"https:\/\/theinvisiblecollection.com\/fr\/wp-json\/wp\/v2\/product"}],"about":[{"href":"https:\/\/theinvisiblecollection.com\/fr\/wp-json\/wp\/v2\/types\/product"}],"wp:featuredmedia":[{"embeddable":true,"href":"https:\/\/theinvisiblecollection.com\/fr\/wp-json\/wp\/v2\/media\/2499762"}],"wp:attachment":[{"href":"https:\/\/theinvisiblecollection.com\/fr\/wp-json\/wp\/v2\/media?parent=2500281"}],"wp:term":[{"taxonomy":"product_brand","embeddable":true,"href":"https:\/\/theinvisiblecollection.com\/fr\/wp-json\/wp\/v2\/product_brand?post=2500281"},{"taxonomy":"product_cat","embeddable":true,"href":"https:\/\/theinvisiblecollection.com\/fr\/wp-json\/wp\/v2\/product_cat?post=2500281"},{"taxonomy":"product_tag","embeddable":true,"href":"https:\/\/theinvisiblecollection.com\/fr\/wp-json\/wp\/v2\/product_tag?post=2500281"},{"taxonomy":"product_designer","embeddable":true,"href":"https:\/\/theinvisiblecollection.com\/fr\/wp-json\/wp\/v2\/product_designer?post=2500281"},{"taxonomy":"comfabric","embeddable":true,"href":"https:\/\/theinvisiblecollection.com\/fr\/wp-json\/wp\/v2\/comfabric?post=2500281"},{"taxonomy":"manufacturer","embeddable":true,"href":"https:\/\/theinvisiblecollection.com\/fr\/wp-json\/wp\/v2\/manufacturer?post=2500281"},{"taxonomy":"reporting_designer","embeddable":true,"href":"https:\/\/theinvisiblecollection.com\/fr\/wp-json\/wp\/v2\/reporting_designer?post=2500281"},{"taxonomy":"samplecomfabric","embeddable":true,"href":"https:\/\/theinvisiblecollection.com\/fr\/wp-json\/wp\/v2\/samplecomfabric?post=2500281"},{"taxonomy":"clubroom_product_designer","embeddable":true,"href":"https:\/\/theinvisiblecollection.com\/fr\/wp-json\/wp\/v2\/designer_clubroom?post=2500281"}],"curies":[{"name":"wp","href":"https:\/\/api.w.org\/{rel}","templated":true}]}}