{"id":2502130,"date":"2023-05-05T10:53:52","date_gmt":"2023-05-05T09:53:52","guid":{"rendered":"https:\/\/theinvisiblecollection.com\/?post_type=product&#038;p=2502130"},"modified":"2026-05-08T04:39:25","modified_gmt":"2026-05-08T04:39:25","slug":"hugo-drubay-miroir-arbre","status":"publish","type":"product","link":"https:\/\/theinvisiblecollection.com\/fr\/produit\/hugo-drubay-miroir-arbre\/","title":{"rendered":"Miroir Arbre"},"content":{"rendered":"","protected":false},"excerpt":{"rendered":"<p>Miroir effet piqu\u00e9 au mercure<br \/>\nEncadrement en ch\u00eane surmont\u00e9 d&#8217;une bordure en c\u00e9ramique pierre de lave verte<br \/>\nPourtour recouverte de feuille d&#8217;or caplain<br \/>\nDorure r\u00e9alis\u00e9e \u00e0 la d\u00e9trempe<br \/>\n<span style=\"text-decoration: underline;\"><a href=\"https:\/\/theinvisiblecollection.com\/wp-content\/uploads\/2023\/02\/InvisibleCollection_HugoDrubay_RocailleCollection_FinishSelection.pdf\" target=\"_blank\" rel=\"noopener\">D\u00e9couvrez la s\u00e9lection des cadres ici<\/a><\/span><br \/>\n<span style=\"text-decoration: underline;\"><a href=\"https:\/\/theinvisiblecollection.com\/wp-content\/uploads\/2023\/02\/InvisibleCollection_HugoDrubay_RocailleCollection_GlassColourSelection.pdf\" target=\"_blank\" rel=\"noopener\">D\u00e9couvrez la s\u00e9lection des couleurs de miroir ici<\/a><\/span><br \/>\nConvient \u00e0 une utilisation en salle de bain<br \/>\nDimensions et couleurs sur-mesure sur demande<\/p>\n<p>L 49.5 x l 7 x H 49.5 cm<\/p>\n<p class=\"p1\">Fabriqu\u00e9 \u00e0 la main en France<br \/>\nD\u00e9lais de fabrication : 12 semaines<\/p>\n<p class=\"p2\"><span style=\"text-decoration: underline;\"><span class=\"s1\"><a href=\"https:\/\/www.theinvisiblecollection.com\/demande-de-devis\/?product_id=128566\" target=\"_blank\" rel=\"noopener\">Contactez-nous pour toute demande de devis ou de renseignements<\/a><\/span><\/span><\/p>\n","protected":false},"featured_media":2502275,"template":"","meta":{"_acf_changed":false,"content-type":"","_themeisle_gutenberg_block_has_review":false},"product_brand":[],"product_cat":[7517,8225],"product_tag":[7435,14925,22790,31475,31476,31477,35206],"product_designer":[16972],"comfabric":[],"manufacturer":[34016],"reporting_designer":[37290],"samplecomfabric":[],"designer_clubroom":[],"class_list":{"0":"post-2502130","1":"product","2":"type-product","3":"status-publish","4":"has-post-thumbnail","6":"product_cat-deco-fr","7":"product_cat-miroirs-fr","8":"product_tag-new-in-fr","9":"product_tag-hpfav-fr","10":"product_tag-disponible-immediatement","11":"product_tag-st-ceramic-fr","12":"product_tag-st-collectible-fr","13":"product_tag-st-curvy-fr","14":"product_tag-exclusive-fr","15":"product_designer-hugo-drubay-fr","16":"manufacturer-hugo-drubay-atelier-perucca-peronino-fr","17":"reporting_designer-hugo-drubay","18":"exhibitions-paris-fr","20":"first","21":"instock","22":"taxable","23":"shipping-taxable","24":"purchasable","25":"product-type-simple"},"acf":[],"_links":{"self":[{"href":"https:\/\/theinvisiblecollection.com\/fr\/wp-json\/wp\/v2\/product\/2502130","targetHints":{"allow":["GET"]}}],"collection":[{"href":"https:\/\/theinvisiblecollection.com\/fr\/wp-json\/wp\/v2\/product"}],"about":[{"href":"https:\/\/theinvisiblecollection.com\/fr\/wp-json\/wp\/v2\/types\/product"}],"wp:featuredmedia":[{"embeddable":true,"href":"https:\/\/theinvisiblecollection.com\/fr\/wp-json\/wp\/v2\/media\/2502275"}],"wp:attachment":[{"href":"https:\/\/theinvisiblecollection.com\/fr\/wp-json\/wp\/v2\/media?parent=2502130"}],"wp:term":[{"taxonomy":"product_brand","embeddable":true,"href":"https:\/\/theinvisiblecollection.com\/fr\/wp-json\/wp\/v2\/product_brand?post=2502130"},{"taxonomy":"product_cat","embeddable":true,"href":"https:\/\/theinvisiblecollection.com\/fr\/wp-json\/wp\/v2\/product_cat?post=2502130"},{"taxonomy":"product_tag","embeddable":true,"href":"https:\/\/theinvisiblecollection.com\/fr\/wp-json\/wp\/v2\/product_tag?post=2502130"},{"taxonomy":"product_designer","embeddable":true,"href":"https:\/\/theinvisiblecollection.com\/fr\/wp-json\/wp\/v2\/product_designer?post=2502130"},{"taxonomy":"comfabric","embeddable":true,"href":"https:\/\/theinvisiblecollection.com\/fr\/wp-json\/wp\/v2\/comfabric?post=2502130"},{"taxonomy":"manufacturer","embeddable":true,"href":"https:\/\/theinvisiblecollection.com\/fr\/wp-json\/wp\/v2\/manufacturer?post=2502130"},{"taxonomy":"reporting_designer","embeddable":true,"href":"https:\/\/theinvisiblecollection.com\/fr\/wp-json\/wp\/v2\/reporting_designer?post=2502130"},{"taxonomy":"samplecomfabric","embeddable":true,"href":"https:\/\/theinvisiblecollection.com\/fr\/wp-json\/wp\/v2\/samplecomfabric?post=2502130"},{"taxonomy":"clubroom_product_designer","embeddable":true,"href":"https:\/\/theinvisiblecollection.com\/fr\/wp-json\/wp\/v2\/designer_clubroom?post=2502130"}],"curies":[{"name":"wp","href":"https:\/\/api.w.org\/{rel}","templated":true}]}}