{"id":2542756,"date":"2023-05-02T10:55:54","date_gmt":"2023-05-02T09:55:54","guid":{"rendered":"https:\/\/theinvisiblecollection.com\/?post_type=product&#038;p=2542756"},"modified":"2026-05-01T07:38:12","modified_gmt":"2026-05-01T07:38:12","slug":"pierre-bonnefille-lampe-de-table-bloc-b","status":"publish","type":"product","link":"https:\/\/theinvisiblecollection.com\/fr\/produit\/pierre-bonnefille-lampe-de-table-bloc-b\/","title":{"rendered":"Lampe de Table Bloc B"},"content":{"rendered":"<p style=\"text-align: justify;\">La Lampe de Table Bloc de Pierre Bonnefille est fabriqu\u00e9e et r\u00e9alis\u00e9e \u00e0 la main dans l&#8217;atelier de l&#8217;artiste \u00e0 Paris. Le dessin de la Lampe de Table Bloc, inspir\u00e9 des formes g\u00e9om\u00e9triques capt\u00e9es dans les cristaux des roches basaltiques, pr\u00e9sente une esth\u00e9tique organique et originale. Le travail sur le pied de la lampe allie techniques mixtes sur bois et m\u00e9taux patin\u00e9s (cuivre ou laiton), pour cr\u00e9er une sorte de section min\u00e9rale r\u00e9interpr\u00e9t\u00e9e.<\/p>\n","protected":false},"excerpt":{"rendered":"<p>La Lampe de Table Bloc de Pierre Bonnefille est fabriqu\u00e9e et r\u00e9alis\u00e9e \u00e0 la main dans l&#8217;atelier de l&#8217;artiste \u00e0 Paris. Le dessin de la Lampe de Table Bloc, inspir\u00e9 des formes g\u00e9om\u00e9triques capt\u00e9es dans les cristaux des roches basaltiques, pr\u00e9sente une esth\u00e9tique organique et originale. Le travail sur le pied de la lampe allie [&hellip;]<\/p>\n","protected":false},"featured_media":2507869,"template":"","meta":{"_acf_changed":false,"content-type":"","_themeisle_gutenberg_block_has_review":false},"product_brand":[],"product_cat":[8974,12507],"product_tag":[7435],"product_designer":[12266],"comfabric":[],"manufacturer":[16741],"reporting_designer":[37578],"samplecomfabric":[],"designer_clubroom":[],"class_list":{"0":"post-2542756","1":"product","2":"type-product","3":"status-publish","4":"has-post-thumbnail","6":"product_cat-lampes-de-table","7":"product_cat-luminaires","8":"product_tag-new-in-fr","9":"product_designer-pierre-bonnefille-fr","10":"manufacturer-pierre-bonnefille-atelier-1-fr","11":"reporting_designer-pierre-bonnefille","12":"exhibitions-los-angeles-fr","14":"first","15":"instock","16":"taxable","17":"shipping-taxable","18":"purchasable","19":"product-type-variable"},"acf":[],"_links":{"self":[{"href":"https:\/\/theinvisiblecollection.com\/fr\/wp-json\/wp\/v2\/product\/2542756","targetHints":{"allow":["GET"]}}],"collection":[{"href":"https:\/\/theinvisiblecollection.com\/fr\/wp-json\/wp\/v2\/product"}],"about":[{"href":"https:\/\/theinvisiblecollection.com\/fr\/wp-json\/wp\/v2\/types\/product"}],"wp:featuredmedia":[{"embeddable":true,"href":"https:\/\/theinvisiblecollection.com\/fr\/wp-json\/wp\/v2\/media\/2507869"}],"wp:attachment":[{"href":"https:\/\/theinvisiblecollection.com\/fr\/wp-json\/wp\/v2\/media?parent=2542756"}],"wp:term":[{"taxonomy":"product_brand","embeddable":true,"href":"https:\/\/theinvisiblecollection.com\/fr\/wp-json\/wp\/v2\/product_brand?post=2542756"},{"taxonomy":"product_cat","embeddable":true,"href":"https:\/\/theinvisiblecollection.com\/fr\/wp-json\/wp\/v2\/product_cat?post=2542756"},{"taxonomy":"product_tag","embeddable":true,"href":"https:\/\/theinvisiblecollection.com\/fr\/wp-json\/wp\/v2\/product_tag?post=2542756"},{"taxonomy":"product_designer","embeddable":true,"href":"https:\/\/theinvisiblecollection.com\/fr\/wp-json\/wp\/v2\/product_designer?post=2542756"},{"taxonomy":"comfabric","embeddable":true,"href":"https:\/\/theinvisiblecollection.com\/fr\/wp-json\/wp\/v2\/comfabric?post=2542756"},{"taxonomy":"manufacturer","embeddable":true,"href":"https:\/\/theinvisiblecollection.com\/fr\/wp-json\/wp\/v2\/manufacturer?post=2542756"},{"taxonomy":"reporting_designer","embeddable":true,"href":"https:\/\/theinvisiblecollection.com\/fr\/wp-json\/wp\/v2\/reporting_designer?post=2542756"},{"taxonomy":"samplecomfabric","embeddable":true,"href":"https:\/\/theinvisiblecollection.com\/fr\/wp-json\/wp\/v2\/samplecomfabric?post=2542756"},{"taxonomy":"clubroom_product_designer","embeddable":true,"href":"https:\/\/theinvisiblecollection.com\/fr\/wp-json\/wp\/v2\/designer_clubroom?post=2542756"}],"curies":[{"name":"wp","href":"https:\/\/api.w.org\/{rel}","templated":true}]}}