{"id":2543071,"date":"2023-05-02T11:13:02","date_gmt":"2023-05-02T10:13:02","guid":{"rendered":"https:\/\/theinvisiblecollection.com\/?post_type=product&#038;p=2543071"},"modified":"2026-05-01T07:38:12","modified_gmt":"2026-05-01T07:38:12","slug":"pierre-bonnefille-vert-de-gris-bloc-cabinet","status":"publish","type":"product","link":"https:\/\/theinvisiblecollection.com\/fr\/produit\/pierre-bonnefille-vert-de-gris-bloc-cabinet\/","title":{"rendered":"Vert De Gris Bloc Cabinet"},"content":{"rendered":"<p style=\"text-align: justify;\">Fossile transform\u00e9, le Cabinet Bloc est travaill\u00e9 comme un monolithe o\u00f9 la mati\u00e8re carbone est utilis\u00e9e dans tous ses \u00e9tats : du charbon au fusain broy\u00e9. Le bloc de mati\u00e8re vient reposer sur quatre griffes en laiton patin\u00e9 qui contraste avec la pr\u00e9ciosit\u00e9 de l\u2019objet brut. Le Cabinet Bloc a \u00e9t\u00e9 pr\u00e9sent\u00e9 pour la premi\u00e8re fois au PAD, Londres en 2016, puis \u00e0 Nomad St Moritz en 2018 et lors de l\u2019exposition AD Int\u00e9rieurs 2019 \u00e0 l\u2019H\u00f4tel de Coulanges \u00e0 Paris. Ce cabinet, \u00e9dition de 8+2 est r\u00e9alis\u00e9 \u00e0 la main dans l\u2019atelier de l\u2019artiste \u00e0 Paris.<\/p>\n","protected":false},"excerpt":{"rendered":"<p>\u00c9dition limit\u00e9e : 8 pi\u00e8ces + 2 \u00e9preuves d&#8217;artiste<br \/>\nTechnique mixte sur bois<br \/>\nFinition en laiton patin\u00e9<br \/>\nDimensions sur-mesure sur demande<\/p>\n<p>L 86 x l 48 x H 190 cm<\/p>\n<p>Fabriqu\u00e9 \u00e0 la main en France<br \/>\nD\u00e9lais de fabrication : 12 semaines<\/p>\n<p class=\"p1\"><span style=\"text-decoration: underline;\"><span class=\"s1\"><a href=\"https:\/\/www.theinvisiblecollection.com\/fr\/demande-de-devis\/?product_id=68986\" target=\"_blank\" rel=\"noopener\">Contactez-nous pour toute demande de devis ou de renseignements<\/a><\/span><\/span><\/p>\n","protected":false},"featured_media":2507876,"template":"","meta":{"_acf_changed":false,"content-type":"","_themeisle_gutenberg_block_has_review":false},"product_brand":[],"product_cat":[8957,12505],"product_tag":[9456,12268,12274,33319],"product_designer":[12266],"comfabric":[],"manufacturer":[16741],"reporting_designer":[37578],"samplecomfabric":[],"designer_clubroom":[],"class_list":{"0":"post-2543071","1":"product","2":"type-product","3":"status-publish","4":"has-post-thumbnail","6":"product_cat-commodes","7":"product_cat-rangements","8":"product_tag-cabinet","9":"product_tag-atelier-pierre-bonnefille-fr","10":"product_tag-bloc-carbone-fr","11":"product_tag-edition-limitee","12":"product_designer-pierre-bonnefille-fr","13":"manufacturer-pierre-bonnefille-atelier-1-fr","14":"reporting_designer-pierre-bonnefille","16":"first","17":"instock","18":"taxable","19":"shipping-taxable","20":"purchasable","21":"product-type-simple"},"acf":[],"_links":{"self":[{"href":"https:\/\/theinvisiblecollection.com\/fr\/wp-json\/wp\/v2\/product\/2543071","targetHints":{"allow":["GET"]}}],"collection":[{"href":"https:\/\/theinvisiblecollection.com\/fr\/wp-json\/wp\/v2\/product"}],"about":[{"href":"https:\/\/theinvisiblecollection.com\/fr\/wp-json\/wp\/v2\/types\/product"}],"wp:featuredmedia":[{"embeddable":true,"href":"https:\/\/theinvisiblecollection.com\/fr\/wp-json\/wp\/v2\/media\/2507876"}],"wp:attachment":[{"href":"https:\/\/theinvisiblecollection.com\/fr\/wp-json\/wp\/v2\/media?parent=2543071"}],"wp:term":[{"taxonomy":"product_brand","embeddable":true,"href":"https:\/\/theinvisiblecollection.com\/fr\/wp-json\/wp\/v2\/product_brand?post=2543071"},{"taxonomy":"product_cat","embeddable":true,"href":"https:\/\/theinvisiblecollection.com\/fr\/wp-json\/wp\/v2\/product_cat?post=2543071"},{"taxonomy":"product_tag","embeddable":true,"href":"https:\/\/theinvisiblecollection.com\/fr\/wp-json\/wp\/v2\/product_tag?post=2543071"},{"taxonomy":"product_designer","embeddable":true,"href":"https:\/\/theinvisiblecollection.com\/fr\/wp-json\/wp\/v2\/product_designer?post=2543071"},{"taxonomy":"comfabric","embeddable":true,"href":"https:\/\/theinvisiblecollection.com\/fr\/wp-json\/wp\/v2\/comfabric?post=2543071"},{"taxonomy":"manufacturer","embeddable":true,"href":"https:\/\/theinvisiblecollection.com\/fr\/wp-json\/wp\/v2\/manufacturer?post=2543071"},{"taxonomy":"reporting_designer","embeddable":true,"href":"https:\/\/theinvisiblecollection.com\/fr\/wp-json\/wp\/v2\/reporting_designer?post=2543071"},{"taxonomy":"samplecomfabric","embeddable":true,"href":"https:\/\/theinvisiblecollection.com\/fr\/wp-json\/wp\/v2\/samplecomfabric?post=2543071"},{"taxonomy":"clubroom_product_designer","embeddable":true,"href":"https:\/\/theinvisiblecollection.com\/fr\/wp-json\/wp\/v2\/designer_clubroom?post=2543071"}],"curies":[{"name":"wp","href":"https:\/\/api.w.org\/{rel}","templated":true}]}}