{"id":2547554,"date":"2023-05-02T16:40:41","date_gmt":"2023-05-02T15:40:41","guid":{"rendered":"https:\/\/theinvisiblecollection.com\/?post_type=product&#038;p=2547554"},"modified":"2026-05-01T07:38:12","modified_gmt":"2026-05-01T07:38:12","slug":"emmanuel-levet-stenne-suspension-elytre-noir","status":"publish","type":"product","link":"https:\/\/theinvisiblecollection.com\/fr\/produit\/emmanuel-levet-stenne-suspension-elytre-noir\/","title":{"rendered":"Suspension Elytre Noir"},"content":{"rendered":"<p style=\"text-align: justify;\">La suspension Elytre d&#8217;Emmanuel Levet Stenne tire son nom des deux formes protectrices, qui recouvrent au repos les ailes de certains insectes, \u00e0 la fa\u00e7on d&#8217;un \u00e9tui. C\u2019est ici une sph\u00e8re en verre souffl\u00e9 qui fait l\u2019objet de toutes les attentions et de toutes les tensions.<\/p>\n","protected":false},"excerpt":{"rendered":"<p>La suspension Elytre d&#8217;Emmanuel Levet Stenne tire son nom des deux formes protectrices, qui recouvrent au repos les ailes de certains insectes, \u00e0 la fa\u00e7on d&#8217;un \u00e9tui. C\u2019est ici une sph\u00e8re en verre souffl\u00e9 qui fait l\u2019objet de toutes les attentions et de toutes les tensions.<\/p>\n","protected":false},"featured_media":2547250,"template":"","meta":{"_acf_changed":false,"content-type":"","_themeisle_gutenberg_block_has_review":false},"product_brand":[],"product_cat":[8961,12507],"product_tag":[7435],"product_designer":[13211],"comfabric":[],"manufacturer":[27900],"reporting_designer":[37696],"samplecomfabric":[],"designer_clubroom":[],"class_list":{"0":"post-2547554","1":"product","2":"type-product","3":"status-publish","4":"has-post-thumbnail","6":"product_cat-suspensions","7":"product_cat-luminaires","8":"product_tag-new-in-fr","9":"product_designer-emmanuel-levet-stenne-fr","10":"manufacturer-emmanuel-levet-stenne-atelier-bourron-marlotte-fr","11":"reporting_designer-emmanuel-levet-stenne","13":"first","14":"instock","15":"taxable","16":"shipping-taxable","17":"purchasable","18":"product-type-simple"},"acf":[],"_links":{"self":[{"href":"https:\/\/theinvisiblecollection.com\/fr\/wp-json\/wp\/v2\/product\/2547554","targetHints":{"allow":["GET"]}}],"collection":[{"href":"https:\/\/theinvisiblecollection.com\/fr\/wp-json\/wp\/v2\/product"}],"about":[{"href":"https:\/\/theinvisiblecollection.com\/fr\/wp-json\/wp\/v2\/types\/product"}],"wp:featuredmedia":[{"embeddable":true,"href":"https:\/\/theinvisiblecollection.com\/fr\/wp-json\/wp\/v2\/media\/2547250"}],"wp:attachment":[{"href":"https:\/\/theinvisiblecollection.com\/fr\/wp-json\/wp\/v2\/media?parent=2547554"}],"wp:term":[{"taxonomy":"product_brand","embeddable":true,"href":"https:\/\/theinvisiblecollection.com\/fr\/wp-json\/wp\/v2\/product_brand?post=2547554"},{"taxonomy":"product_cat","embeddable":true,"href":"https:\/\/theinvisiblecollection.com\/fr\/wp-json\/wp\/v2\/product_cat?post=2547554"},{"taxonomy":"product_tag","embeddable":true,"href":"https:\/\/theinvisiblecollection.com\/fr\/wp-json\/wp\/v2\/product_tag?post=2547554"},{"taxonomy":"product_designer","embeddable":true,"href":"https:\/\/theinvisiblecollection.com\/fr\/wp-json\/wp\/v2\/product_designer?post=2547554"},{"taxonomy":"comfabric","embeddable":true,"href":"https:\/\/theinvisiblecollection.com\/fr\/wp-json\/wp\/v2\/comfabric?post=2547554"},{"taxonomy":"manufacturer","embeddable":true,"href":"https:\/\/theinvisiblecollection.com\/fr\/wp-json\/wp\/v2\/manufacturer?post=2547554"},{"taxonomy":"reporting_designer","embeddable":true,"href":"https:\/\/theinvisiblecollection.com\/fr\/wp-json\/wp\/v2\/reporting_designer?post=2547554"},{"taxonomy":"samplecomfabric","embeddable":true,"href":"https:\/\/theinvisiblecollection.com\/fr\/wp-json\/wp\/v2\/samplecomfabric?post=2547554"},{"taxonomy":"clubroom_product_designer","embeddable":true,"href":"https:\/\/theinvisiblecollection.com\/fr\/wp-json\/wp\/v2\/designer_clubroom?post=2547554"}],"curies":[{"name":"wp","href":"https:\/\/api.w.org\/{rel}","templated":true}]}}